{"id":78,"date":"2023-01-29T17:35:59","date_gmt":"2023-01-29T17:35:59","guid":{"rendered":"https:\/\/comercialmario.hol.es\/?post_type=product&#038;p=78"},"modified":"2025-10-09T14:53:46","modified_gmt":"2025-10-09T12:53:46","slug":"licencia-basica-factory-pos","status":"publish","type":"product","link":"https:\/\/comercialmario.hol.es\/index.php\/product\/licencia-basica-factory-pos\/","title":{"rendered":"LICENCIA B\u00c1SICA FACTORY POS"},"content":{"rendered":"<p>Software para TPV Android.<\/p>\n<p>Se instala en Smartphones, tablets, pdas, tpv y terminales all in one.<br \/>\nGesti\u00f3n de hosteler\u00eda y comercio.<br \/>\nTpv aut\u00f3nomos o en red.<\/p>\n<ul>\n<li><strong>Licencia b\u00e1sica<\/strong>\n<ul>\n<li>Hasta 4 usuarios<\/li>\n<li>Hasta 15 familias<\/li>\n<li>Hasta 500 productos<\/li>\n<li>Hasta 50 clientes<\/li>\n<li>Hasta 2 zonas de mesas<\/li>\n<li>Sin impresoras de cocina<\/li>\n<li>Sin control de stock<\/li>\n<li>Sin estad\u00edsticas avanzadas<\/li>\n<\/ul>\n<\/li>\n<li><strong>Licencia completa<\/strong>\n<ul>\n<li>Todas las opciones del programa activadas<\/li>\n<li>Funci\u00f3n de servidor para conectar TPVs o Comanderos<\/li>\n<\/ul>\n<\/li>\n<li><strong>Licencia TPV adicional<\/strong>\n<ul>\n<li>Solo funciona en red conectada a una licencia completa<\/li>\n<\/ul>\n<\/li>\n<li><strong>Licencia Comandero<\/strong>\n<ul>\n<li>Solo funciona en red conectada a una licencia completa<\/li>\n<li>V\u00e1lida para terminales con bater\u00eda interna de hasta 8 pulgadas<\/li>\n<\/ul>\n<\/li>\n<\/ul>\n","protected":false},"excerpt":{"rendered":"<p>Software para TPV Android. Se instala en Smartphones, tablets, pdas, tpv y terminales all in one. Gesti\u00f3n de hosteler\u00eda y comercio. Tpv aut\u00f3nomos o en red. Licencia b\u00e1sica Hasta 4 usuarios Hasta 15 familias Hasta 500 productos Hasta 50 clientes Hasta 2 zonas de mesas Sin impresoras de cocina Sin control de stock Sin estad\u00edsticas [&hellip;]<\/p>\n","protected":false},"featured_media":79,"comment_status":"open","ping_status":"closed","template":"","meta":[],"product_brand":[],"product_cat":[35],"product_tag":[38,40,31,41,39,36,37],"class_list":{"0":"post-78","1":"product","2":"type-product","3":"status-publish","4":"has-post-thumbnail","6":"product_cat-software-punto-de-venta","7":"product_tag-android","8":"product_tag-comandero","9":"product_tag-comercio","10":"product_tag-hosateleria","11":"product_tag-progama","12":"product_tag-software","13":"product_tag-tpv","15":"first","16":"instock","17":"taxable","18":"shipping-taxable","19":"product-type-simple"},"aioseo_notices":[],"jetpack_sharing_enabled":true,"jetpack_likes_enabled":true,"_links":{"self":[{"href":"https:\/\/comercialmario.hol.es\/index.php\/wp-json\/wp\/v2\/product\/78","targetHints":{"allow":["GET"]}}],"collection":[{"href":"https:\/\/comercialmario.hol.es\/index.php\/wp-json\/wp\/v2\/product"}],"about":[{"href":"https:\/\/comercialmario.hol.es\/index.php\/wp-json\/wp\/v2\/types\/product"}],"replies":[{"embeddable":true,"href":"https:\/\/comercialmario.hol.es\/index.php\/wp-json\/wp\/v2\/comments?post=78"}],"wp:featuredmedia":[{"embeddable":true,"href":"https:\/\/comercialmario.hol.es\/index.php\/wp-json\/wp\/v2\/media\/79"}],"wp:attachment":[{"href":"https:\/\/comercialmario.hol.es\/index.php\/wp-json\/wp\/v2\/media?parent=78"}],"wp:term":[{"taxonomy":"product_brand","embeddable":true,"href":"https:\/\/comercialmario.hol.es\/index.php\/wp-json\/wp\/v2\/product_brand?post=78"},{"taxonomy":"product_cat","embeddable":true,"href":"https:\/\/comercialmario.hol.es\/index.php\/wp-json\/wp\/v2\/product_cat?post=78"},{"taxonomy":"product_tag","embeddable":true,"href":"https:\/\/comercialmario.hol.es\/index.php\/wp-json\/wp\/v2\/product_tag?post=78"}],"curies":[{"name":"wp","href":"https:\/\/api.w.org\/{rel}","templated":true}]}}