{"id":73,"date":"2023-01-29T12:39:54","date_gmt":"2023-01-29T12:39:54","guid":{"rendered":"https:\/\/comercialmario.hol.es\/?post_type=product&#038;p=73"},"modified":"2025-10-09T14:54:00","modified_gmt":"2025-10-09T12:54:00","slug":"balanza-touchscale-xs-20i-15-9","status":"publish","type":"product","link":"https:\/\/comercialmario.hol.es\/index.php\/product\/balanza-touchscale-xs-20i-15-9\/","title":{"rendered":"Balanza TouchScale XS 20I 15\/9"},"content":{"rendered":"<p>Balanza mostrador doble cuerpo con impresora. Pantalla frontal t\u00e1ctil de 15\u201d y trasera de 9&#8243;.<\/p>\n<p>Balanza t\u00e1ctil con pantalla HDMI de 15 pulgadas.<br \/>\nPantalla trasera en formato panor\u00e1mico de 9 pulgadas.<br \/>\nImpresora t\u00e9rmica de alta velocidad y contraste.<br \/>\nMicroprocesador ARM V7 de 4 n\u00facleos 1,4Ghz<br \/>\n1GB RAM LPDDR2<br \/>\nAlmacenamiento 32 GB microSD<br \/>\nComunicaciones: Ethernet (RJ45).<br \/>\nConectividad: 3 x USB 2.0<br \/>\nBlindaje\u00a0 metrol\u00f3gico. El dispositivo de peso tiene blindaje independiente pudiendo realizar cualquier reparaci\u00f3n sin rotura de precinto metrol\u00f3gico.<br \/>\nPlaca concentradora de perif\u00e9ricos EPIScale dise\u00f1ada por Grupo Epelsa.<br \/>\nSalida de caj\u00f3n est\u00e1ndar RJ-11 (portamonedas).<br \/>\nSistema operativo Linux<br \/>\nGestor de bases de datos MySQL<br \/>\nPublicidad en carrusel de im\u00e1genes con completo control de visualizaci\u00f3n.<br \/>\nNormativa europea de etiquetado (1169\/2011).<br \/>\nMultifunci\u00f3n: modos venta, envasado y autoservicio.<br \/>\nC\u00f3digos de barras: EAN8, EAN13 Y CODE128<br \/>\nMultiidioma<br \/>\nRed de balanzas (hasta 200 equipos usando Net ID\u2019s)<br \/>\n14 vendedores por departamento.<br \/>\n12 familias en pantalla e ilimitados art\u00edculos por familia.<br \/>\nIm\u00e1genes por producto, familia, vendedor, etc.<br \/>\nCopia \/ restauraci\u00f3n de bases de datos.<br \/>\nAmplia gesti\u00f3n de totales de ventas y listados de datos.<br \/>\nFactura simplificada (IVAs, clientes, formas de pago, etc.)<br \/>\nMen\u00fas de configuraci\u00f3n, programaci\u00f3n altamente intuitivos.<br \/>\nLogos en tiques \/ etiquetas.<br \/>\nOrdenaci\u00f3n din\u00e1mica de productos en pantalla.<\/p>\n<p>Peso Neto: 11,8 kg. \/ Embalado: 15,9 kg.<br \/>\nDimensiones embalaje:\u00a0 44 x 53 x 68 cm.<\/p>\n<p><a href=\"https:\/\/comercialmario.hol.es\/wp-content\/uploads\/2023\/01\/Ficha-tecnica-TouchScale-XS-20I-ES.pdf\">Ficha-tecnica-TouchScale-XS-20I-ES<\/a><\/p>\n","protected":false},"excerpt":{"rendered":"<p>Balanza mostrador doble cuerpo con impresora. Pantalla frontal t\u00e1ctil de 15\u201d y trasera de 9&#8243;. Balanza t\u00e1ctil con pantalla HDMI de 15 pulgadas. Pantalla trasera en formato panor\u00e1mico de 9 pulgadas. Impresora t\u00e9rmica de alta velocidad y contraste. Microprocesador ARM V7 de 4 n\u00facleos 1,4Ghz 1GB RAM LPDDR2 Almacenamiento 32 GB microSD Comunicaciones: Ethernet (RJ45). [&hellip;]<\/p>\n","protected":false},"featured_media":74,"comment_status":"open","ping_status":"closed","template":"","meta":[],"product_brand":[],"product_cat":[29],"product_tag":[30,31,33,34,32],"class_list":{"0":"post-73","1":"product","2":"type-product","3":"status-publish","4":"has-post-thumbnail","6":"product_cat-balanzas","7":"product_tag-balanza","8":"product_tag-comercio","9":"product_tag-epelsa","10":"product_tag-minerva","11":"product_tag-mostrador","13":"first","14":"instock","15":"taxable","16":"shipping-taxable","17":"product-type-simple"},"aioseo_notices":[],"jetpack_sharing_enabled":true,"jetpack_likes_enabled":true,"_links":{"self":[{"href":"https:\/\/comercialmario.hol.es\/index.php\/wp-json\/wp\/v2\/product\/73","targetHints":{"allow":["GET"]}}],"collection":[{"href":"https:\/\/comercialmario.hol.es\/index.php\/wp-json\/wp\/v2\/product"}],"about":[{"href":"https:\/\/comercialmario.hol.es\/index.php\/wp-json\/wp\/v2\/types\/product"}],"replies":[{"embeddable":true,"href":"https:\/\/comercialmario.hol.es\/index.php\/wp-json\/wp\/v2\/comments?post=73"}],"wp:featuredmedia":[{"embeddable":true,"href":"https:\/\/comercialmario.hol.es\/index.php\/wp-json\/wp\/v2\/media\/74"}],"wp:attachment":[{"href":"https:\/\/comercialmario.hol.es\/index.php\/wp-json\/wp\/v2\/media?parent=73"}],"wp:term":[{"taxonomy":"product_brand","embeddable":true,"href":"https:\/\/comercialmario.hol.es\/index.php\/wp-json\/wp\/v2\/product_brand?post=73"},{"taxonomy":"product_cat","embeddable":true,"href":"https:\/\/comercialmario.hol.es\/index.php\/wp-json\/wp\/v2\/product_cat?post=73"},{"taxonomy":"product_tag","embeddable":true,"href":"https:\/\/comercialmario.hol.es\/index.php\/wp-json\/wp\/v2\/product_tag?post=73"}],"curies":[{"name":"wp","href":"https:\/\/api.w.org\/{rel}","templated":true}]}}