{"id":6393,"date":"2025-11-19T20:26:30","date_gmt":"2025-11-19T19:26:30","guid":{"rendered":"https:\/\/comercialmario.hol.es\/?post_type=product&#038;p=6393"},"modified":"2025-11-19T20:26:30","modified_gmt":"2025-11-19T19:26:30","slug":"timemoto-tm-pc-plus-software-avanzado-tm-para-pc-safescan","status":"publish","type":"product","link":"https:\/\/comercialmario.hol.es\/index.php\/product\/timemoto-tm-pc-plus-software-avanzado-tm-para-pc-safescan\/","title":{"rendered":"TimeMoto TM PC Plus Software avanzado TM para PC &#8211; Safescan"},"content":{"rendered":"<h2><label>TimeMoto TM PC Plus Software avanzado TM para PC &#8211; Safescan<\/label><\/h2>\n<p><label><span style=\"font-size: 16px;\">Se instala en un PC<\/span><\/label><\/p>\n<div id=\"short_description_block\">\n<div id=\"short_description_content\" class=\"rte align_justify\">\n<ul>\n<li>Datos de presencia en tiempo real<\/li>\n<li>Informes detallados<\/li>\n<li>Horarios de trabajo \/ Planificaci\u00f3n<\/li>\n<li>C\u00f3digos de trabajo<\/li>\n<li>Informes de horas extras<\/li>\n<li>Clases de pago e informes de pago<\/li>\n<li>Exporta datos en formatos Excel, PDF, CSV<\/li>\n<li>Planificaci\u00f3n de vacaciones<\/li>\n<li>Herramienta gr\u00e1fica de planificaci\u00f3n<\/li>\n<li>Cumple con el RGPD<\/li>\n<li>Garantiza el cumplimiento del nuevo art.34 del E.T.<\/li>\n<\/ul>\n<ul class=\"textlist\">\n<li>Diario \/ semanal \/ mensual \/ informes peri\u00f3dicos por departamento o empleado<\/li>\n<li>Cumplimiento del nuevo Reglamento general de protecci\u00f3n de datos (RGPD)<\/li>\n<li>Garantiza el cumplimiento del nuevo art.34 del E.T.<\/li>\n<li>Informes de horas extras<\/li>\n<li>Incidencias (vacaciones, visitas al m\u00e9dico, bajas por enfermedad, etc.)<\/li>\n<li>C\u00f3digos de trabajo con c\u00f3digos de color<\/li>\n<li>Visi\u00f3n general de la presencia en tiempo real e informes con la lista de asistencia para emergencias<\/li>\n<li>C\u00e1lculo de vacaciones y de tiempo de trabajo anual<\/li>\n<li>Tabla de planificaci\u00f3n y de fichajes<\/li>\n<li>Planificaci\u00f3n f\u00e1cil por medio de arrastrar-soltar<\/li>\n<li>Planificaci\u00f3n de vacaciones<\/li>\n<li>Turnos de 24 horas<\/li>\n<li>Importar los d\u00edas festivos oficiales para todos los pa\u00edses europeos<\/li>\n<li>Horas extraordinarias en el balance de vacaciones en el informe<\/li>\n<li>Llegadas tardes en el informe<\/li>\n<li>Exportar a Excel, CSV y PDF<\/li>\n<li>Informe de Clasificaci\u00f3n para exportar f\u00e1cilmente a un programa de n\u00f3minas<\/li>\n<li>Exportar a programas de n\u00f3minas (ADP, ADP2, Paychex, Sage and Quickbooks)<\/li>\n<li>Imprimir horarios semanales de trabajo<\/li>\n<li>Informe de c\u00f3digo de trabajo<\/li>\n<li>Funciona a la perfecci\u00f3n con TimeMoto controladores de presencia y Safescan TA-8000 Series<\/li>\n<li>Compatible con: Windows 7, Windows 8, Windows 10<\/li>\n<\/ul>\n<\/div>\n<\/div>\n","protected":false},"excerpt":{"rendered":"<p>TimeMoto TM PC Plus Software avanzado TM para PC &#8211; Safescan Se instala en un PC Datos de presencia en tiempo real Informes detallados Horarios de trabajo \/ Planificaci\u00f3n C\u00f3digos de trabajo Informes de horas extras Clases de pago e informes de pago Exporta datos en formatos Excel, PDF, CSV Planificaci\u00f3n de vacaciones Herramienta gr\u00e1fica [&hellip;]<\/p>\n","protected":false},"featured_media":6394,"comment_status":"open","ping_status":"closed","template":"","meta":[],"product_brand":[],"product_cat":[174],"product_tag":[177,178,66,175,176,37],"class_list":{"0":"post-6393","1":"product","2":"type-product","3":"status-publish","4":"has-post-thumbnail","6":"product_cat-control-de-presencia","7":"product_tag-control","8":"product_tag-empleados","9":"product_tag-pc","10":"product_tag-presencia","11":"product_tag-safescan","12":"product_tag-tpv","14":"first","15":"instock","16":"taxable","17":"shipping-taxable","18":"product-type-simple"},"aioseo_notices":[],"jetpack_sharing_enabled":true,"jetpack_likes_enabled":true,"_links":{"self":[{"href":"https:\/\/comercialmario.hol.es\/index.php\/wp-json\/wp\/v2\/product\/6393","targetHints":{"allow":["GET"]}}],"collection":[{"href":"https:\/\/comercialmario.hol.es\/index.php\/wp-json\/wp\/v2\/product"}],"about":[{"href":"https:\/\/comercialmario.hol.es\/index.php\/wp-json\/wp\/v2\/types\/product"}],"replies":[{"embeddable":true,"href":"https:\/\/comercialmario.hol.es\/index.php\/wp-json\/wp\/v2\/comments?post=6393"}],"wp:featuredmedia":[{"embeddable":true,"href":"https:\/\/comercialmario.hol.es\/index.php\/wp-json\/wp\/v2\/media\/6394"}],"wp:attachment":[{"href":"https:\/\/comercialmario.hol.es\/index.php\/wp-json\/wp\/v2\/media?parent=6393"}],"wp:term":[{"taxonomy":"product_brand","embeddable":true,"href":"https:\/\/comercialmario.hol.es\/index.php\/wp-json\/wp\/v2\/product_brand?post=6393"},{"taxonomy":"product_cat","embeddable":true,"href":"https:\/\/comercialmario.hol.es\/index.php\/wp-json\/wp\/v2\/product_cat?post=6393"},{"taxonomy":"product_tag","embeddable":true,"href":"https:\/\/comercialmario.hol.es\/index.php\/wp-json\/wp\/v2\/product_tag?post=6393"}],"curies":[{"name":"wp","href":"https:\/\/api.w.org\/{rel}","templated":true}]}}