{"id":6383,"date":"2025-11-01T12:48:55","date_gmt":"2025-11-01T11:48:55","guid":{"rendered":"https:\/\/comercialmario.hol.es\/?post_type=product&#038;p=6383"},"modified":"2025-11-01T12:48:55","modified_gmt":"2025-11-01T11:48:55","slug":"cajon-portamonedas-vertical-metapace-k-3","status":"publish","type":"product","link":"https:\/\/comercialmario.hol.es\/index.php\/product\/cajon-portamonedas-vertical-metapace-k-3\/","title":{"rendered":"CAJON PORTAMONEDAS VERTICAL METAPACE K-3"},"content":{"rendered":"<h3>CAJON PORTAMONEDAS VERTICAL METAPACE K-3<\/h3>\n<h4 style=\"font-weight: 500;\">Descripci\u00f3n<\/h4>\n<p style=\"font-weight: 400;\">Si la falta de espacio o el alto rendimiento son un problema en su punto de venta, la caja de efectivo con tapa abatible Metapace K-3 es la elecci\u00f3n correcta.\u00a0Los billetes est\u00e1n clasificados en compartimentos verticales, lo que da como resultado unas dimensiones exteriores muy peque\u00f1as (46 x 10 x 17 cm, ancho x alto x profundidad).\u00a0Un trabajo r\u00e1pido y ergon\u00f3mico est\u00e1 garantizado por una tapa que se abre hacia arriba.\u00a0Su mecanismo de tapa extremadamente robusto super\u00f3 con \u00e9xito pruebas con m\u00e1s de dos millones de procesos de apertura y cierre sin fatiga del material, lo que convierte a esta caja en la elecci\u00f3n perfecta para cajas exigentes y sobrecargadas con largos per\u00edodos de uso.<\/p>\n<p style=\"font-weight: 400;\">El K-3 cuenta con seis compartimentos para billetes y ocho para monedas, as\u00ed como un compartimento para cheques que se puede llenar externamente con recibos.\u00a0El K-3 se conecta directamente a la impresora POS mediante la conexi\u00f3n est\u00e1ndar.<\/p>\n<p>La caja con tapa abatible cuenta con un bloqueo de 2 posiciones que permite abrir la caja manualmente, configurarla para su funcionamiento autom\u00e1tico a trav\u00e9s de la impresora POS o bloquearla por completo.\u00a0Para controlar el proceso de pago, el caj\u00f3n de la caja registradora est\u00e1 equipado con un microinterruptor que informa al software POS del estado actual del caj\u00f3n.<\/p>\n<p style=\"font-weight: 400;\">\n<p style=\"font-weight: 400;\"><b><strong>Caracter\u00edsticas:<\/p>\n<p><\/strong><\/b><\/p>\n<p style=\"font-weight: 400;\">\nRobusta caja con tapa abatible para ahorrar espacio<\/p>\n<p style=\"font-weight: 400;\">8 monedas, 6 billetes, 1 compartimento para cheques<\/p>\n<p style=\"font-weight: 400;\">\n<p style=\"font-weight: 400;\">Combina un alto rendimiento con un tama\u00f1o absolutamente peque\u00f1o (s\u00f3lo 46 x 10 x 17 cm)<\/p>\n<p style=\"font-weight: 400;\">Elegante carcasa de acero en color negro con tapa de acero inoxidable.<\/p>\n<p style=\"font-weight: 400;\"><a href=\"https:\/\/comercialmario.hol.es\/wp-content\/uploads\/2025\/11\/mod-metapace-k-3-metapace-cash-drawer-datasheet.pdf\">mod-metapace-k-3-metapace-cash-drawer-datasheet<\/a><\/p>\n","protected":false},"excerpt":{"rendered":"<p>CAJON PORTAMONEDAS VERTICAL METAPACE K-3 Descripci\u00f3n Si la falta de espacio o el alto rendimiento son un problema en su punto de venta, la caja de efectivo con tapa abatible Metapace K-3 es la elecci\u00f3n correcta.\u00a0Los billetes est\u00e1n clasificados en compartimentos verticales, lo que da como resultado unas dimensiones exteriores muy peque\u00f1as (46 x 10 [&hellip;]<\/p>\n","protected":false},"featured_media":6384,"comment_status":"open","ping_status":"closed","template":"","meta":[],"product_brand":[],"product_cat":[170],"product_tag":[143,24,172,171],"class_list":{"0":"post-6383","1":"product","2":"type-product","3":"status-publish","4":"has-post-thumbnail","6":"product_cat-cajones-portamonedas","7":"product_tag-billetes","8":"product_tag-cajon","9":"product_tag-electrico","10":"product_tag-portamonedas","12":"first","13":"instock","14":"taxable","15":"shipping-taxable","16":"product-type-simple"},"aioseo_notices":[],"jetpack_sharing_enabled":true,"jetpack_likes_enabled":true,"_links":{"self":[{"href":"https:\/\/comercialmario.hol.es\/index.php\/wp-json\/wp\/v2\/product\/6383","targetHints":{"allow":["GET"]}}],"collection":[{"href":"https:\/\/comercialmario.hol.es\/index.php\/wp-json\/wp\/v2\/product"}],"about":[{"href":"https:\/\/comercialmario.hol.es\/index.php\/wp-json\/wp\/v2\/types\/product"}],"replies":[{"embeddable":true,"href":"https:\/\/comercialmario.hol.es\/index.php\/wp-json\/wp\/v2\/comments?post=6383"}],"wp:featuredmedia":[{"embeddable":true,"href":"https:\/\/comercialmario.hol.es\/index.php\/wp-json\/wp\/v2\/media\/6384"}],"wp:attachment":[{"href":"https:\/\/comercialmario.hol.es\/index.php\/wp-json\/wp\/v2\/media?parent=6383"}],"wp:term":[{"taxonomy":"product_brand","embeddable":true,"href":"https:\/\/comercialmario.hol.es\/index.php\/wp-json\/wp\/v2\/product_brand?post=6383"},{"taxonomy":"product_cat","embeddable":true,"href":"https:\/\/comercialmario.hol.es\/index.php\/wp-json\/wp\/v2\/product_cat?post=6383"},{"taxonomy":"product_tag","embeddable":true,"href":"https:\/\/comercialmario.hol.es\/index.php\/wp-json\/wp\/v2\/product_tag?post=6383"}],"curies":[{"name":"wp","href":"https:\/\/api.w.org\/{rel}","templated":true}]}}