{"id":6381,"date":"2025-11-01T12:42:24","date_gmt":"2025-11-01T11:42:24","guid":{"rendered":"https:\/\/comercialmario.hol.es\/?post_type=product&#038;p=6381"},"modified":"2025-11-01T12:42:24","modified_gmt":"2025-11-01T11:42:24","slug":"impresora-termica-de-tiques-star-tsp100-iv","status":"publish","type":"product","link":"https:\/\/comercialmario.hol.es\/index.php\/product\/impresora-termica-de-tiques-star-tsp100-iv\/","title":{"rendered":"IMPRESORA T\u00c9RMICA DE TIQUES STAR TSP100 IV"},"content":{"rendered":"<h1 class=\"h1 product-detail-name\">TSP100 IV<\/h1>\n<p>Impresoras t\u00e9rmicas de recibos de punto de venta de 80 mm de nueva generaci\u00f3n con interfaces USB-C\/USB-A y Ethernet LAN y tecnolog\u00eda Star CloudPRNT.<\/p>\n<h4 style=\"font-weight: 500;\">Descripci\u00f3n<\/h4>\n<p style=\"font-weight: 400;\">Impresi\u00f3n de \u00faltima generaci\u00f3n<\/p>\n<p style=\"font-weight: 400;\">La nueva impresora t\u00e9rmica POS TSP100IV trae un nuevo dise\u00f1o \u00fanico para un producto verdaderamente revolucionario.\u00a0La calidad y fiabilidad de la popular serie TSP100 se fusionaron con una mejor conectividad \u00a0y funciones de impresi\u00f3n especializadas para lo \u00faltimo en punto de venta y comercio tradicional.\u00a0\u00a1Para los entornos de comercio\u00a0 y de hosteler\u00eda \u00a0en constante cambio, la TSP100IV tiene todos los \u00e1ngulos cubiertos.<\/p>\n<p style=\"font-weight: 400;\">\n<p style=\"font-weight: 400;\">Dise\u00f1o compacto \u00fanico con todas las opciones de conectividad que pueda necesitar! Elimine la preocupaci\u00f3n de preparar su negocio para el futuro.<\/p>\n<p style=\"font-weight: 400;\">Como ya se aplica en los otros modelos de la TSP 100 \u00a0la TSP100IV viene con una garant\u00eda de 4 a\u00f1os para su total tranquilidad.<\/p>\n<p style=\"font-weight: 400;\">\n<p style=\"font-weight: 400;\"><b><strong>Star Cloud Services<\/strong><\/b><\/p>\n<p style=\"font-weight: 400;\">Todos los modelos est\u00e1n preparados para la web y la nube con la popular tecnolog\u00eda CloudPRNT de Star, que ofrece una impresi\u00f3n simple de recibos y pedidos para tiendas en l\u00ednea y plataformas de comercio electr\u00f3nico<b><strong>.<\/strong><\/b><\/p>\n<p style=\"font-weight: 400;\"><b><strong>\u00a0<\/strong><\/b><\/p>\n<p style=\"font-weight: 400;\"><b><strong>M\u00e1s peque\u00f1a, m\u00e1s n\u00edtida, mejor conectada<\/strong><\/b><\/p>\n<p style=\"font-weight: 400;\">S\u00faper compacta, un 20 % m\u00e1s peque\u00f1a que los modelos TSP100III con fuente de alimentaci\u00f3n interna, la TSP100IV ahorra un valioso espacio en el mostrador y puede funcionar horizontal o verticalmente imprimiendo recibos de 80 mm o 58 mm de ancho a una velocidad de 250 mm\/s. Tambi\u00e9n se incluye el montaje de pared integral.<\/p>\n<p style=\"font-weight: 400;\"><b><strong>Desarrollado para Tablet y POS en la Nube<\/strong><\/b><\/p>\n<p style=\"font-weight: 400;\">La TSP100IV cuenta con conectividad mejorada con LAN Ethernet y puertos USB-C para dispositivos Windows, Linux y Mac IOS, as\u00ed como USB-A para conectar tabletas y dispositivos m\u00f3viles Android. Con soporte para accesorios abiertos de Android (AOA), las tabletas y dispositivos m\u00f3viles Android compatibles o accesorios como esc\u00e1neres o pantallas pueden comunicarse y cargarse directamente a trav\u00e9s de USB. La conectividad LAN inal\u00e1mbrica tambi\u00e9n est\u00e1 disponible con el adaptador LAN inal\u00e1mbrico MCW10 opcional de Star.<\/p>\n<p style=\"font-weight: 400;\"><b><strong>Plug &amp; Play<\/strong><\/b><\/p>\n<p style=\"font-weight: 400;\">La Star TSP100IV tiene una instalaci\u00f3n \u00abplug and play\u00bb excepcionalmente f\u00e1cil con la nueva e intuitiva utilidad de configuraci\u00f3n r\u00e1pida de Star, lo que facilita su incorporaci\u00f3n a los sistemas de punto de venta existentes. Tambi\u00e9n es compatible con los modelos TSP100 anteriores. Los accesorios de configuraci\u00f3n se incluyen en la compra, incluidos el cable de alimentaci\u00f3n, los cables de interfaz y la gu\u00eda de papel de 58 mm, as\u00ed como la garant\u00eda est\u00e1ndar de 4 a\u00f1os de Star.<\/p>\n<p style=\"font-weight: 400;\">\n<p style=\"font-weight: 400;\"><b><strong>CARACTERISTICAS:<\/strong><\/b><\/p>\n<p style=\"font-weight: 400;\">Caracter\u00edsticas del producto<\/p>\n<ul>\n<li>Impresoras de recibos de punto de venta de nueva generaci\u00f3n con conectividad mejorada<\/li>\n<li>Dise\u00f1o compacto con fuente de alimentaci\u00f3n interna.\u00a0Funcionamiento horizontal o vertical.<\/li>\n<li>Velocidad de impresi\u00f3n de 250 mm\/s con guillotina de alta calidad<\/li>\n<li>Ancho de papel de 80 mm (papel de 58 mm con gu\u00eda de papel incluida) y soporte de papel fino de 49 \u00b5m<\/li>\n<li>Conectividad LAN Ethernet y USB-C\/USB-A<\/li>\n<li>USB-A con soporte para accesorios abiertos de Android (AOA) para comunicaci\u00f3n directa \u00abData &amp; Charge\u00bb con tabletas y dispositivos m\u00f3viles Android compatibles o control de perif\u00e9ricos USB (esc\u00e1ner, pantalla, etc.).<\/li>\n<li>Conectividad LAN inal\u00e1mbrica con adaptador de LAN inal\u00e1mbrica Star MCW10 opcional (espec\u00edfico de la regi\u00f3n)<\/li>\n<li>Tecnolog\u00eda Star CloudPRNT integrada para impresi\u00f3n de pedidos y recibos en l\u00ednea<\/li>\n<li>Todos los accesorios de configuraci\u00f3n incluidos en la caja en el momento de la compra: cable de alimentaci\u00f3n, cables de interfaz y gu\u00eda de papel<\/li>\n<li>StarPrinter.online y la nueva compatibilidad con SMCS (servicios en la nube de Star Micronics)<\/li>\n<li>Plug &amp; Play con la utilidad de configuraci\u00f3n r\u00e1pida de Star<\/li>\n<li>4 a\u00f1os de garant\u00eda en todos\u00a0<em>\u00a0<\/em>los modelos de la serie TSP100<\/li>\n<\/ul>\n<h4 style=\"font-weight: 500;\">Especificaciones<\/h4>\n<table>\n<tbody>\n<tr>\n<th>Max. Print Speed<\/th>\n<td>250mm\/sec.<\/td>\n<\/tr>\n<tr>\n<th>Resolution<\/th>\n<td>203 dpi<\/td>\n<\/tr>\n<tr>\n<th>No. of Columns<\/th>\n<td>48 \/ 64 col. Depending\u00a0on Paper Width<\/td>\n<\/tr>\n<tr>\n<th>Autocutter<\/th>\n<td>Partial (Guillotine)\u00a0Autocutter<\/td>\n<\/tr>\n<tr>\n<th>Paper Width<\/th>\n<td>80mm (58mm Using\u00a0Paper Guide)<\/td>\n<\/tr>\n<tr>\n<th>Paper Thickness<\/th>\n<td>0.049mm \u2013 0.085mm<\/td>\n<\/tr>\n<tr>\n<th>Paper Roll Standard Option<\/th>\n<td>83mm<\/td>\n<\/tr>\n<tr>\n<th>Media Presentation<\/th>\n<td>Horizontal or vertical. Integral wall mount<\/td>\n<\/tr>\n<tr>\n<th>Print Width<\/th>\n<td>\u00a072mm (80mm Paper) 50.8mm (58mm Paper)<\/td>\n<\/tr>\n<tr>\n<th>Sensors<\/th>\n<td>Paper End, Cover Open<\/td>\n<\/tr>\n<tr>\n<th>Connectivity<\/th>\n<td>Ethernet LAN, USB-C, USB-A with AOA Android Data &amp; Charge,<br \/>\nStar CloudPRNT, Wireless LAN with MCW10 option (contact Star for regions).<\/td>\n<\/tr>\n<tr>\n<th>Additional Software<\/th>\n<td>Windows Drivers, OPOS Driver, JavaPOS Drivers (Windows\/Mac\/Linux), CUPS Drivers (Mac\/Linux), StarXpand SDK (React Native, iOS, Android)<br \/>\nStarPRNT SDK (iOS\/Android\/Windows Desktop\/UWP), Star WebPRNT Browser (Android), Star PassPRNT (iOS\/Android\/UWP)<br \/>\nCloudPRNT SDK<\/td>\n<\/tr>\n<tr>\n<th>Power Supply<\/th>\n<td>Internal with\u00a0Power Cable included<\/td>\n<\/tr>\n<tr>\n<th>Power Consumption<\/th>\n<td>43 W Printing<br \/>\n3.5 W Standby<\/td>\n<\/tr>\n<tr>\n<th>Energy Star<\/th>\n<td>Energy Star Certified<\/td>\n<\/tr>\n<tr>\n<th>Reliability<\/th>\n<td>60 Million Lines MCBF, Autocutter 2 Million Cuts<\/td>\n<\/tr>\n<tr>\n<th>Dimensions (W x D x H) mm Weight<\/th>\n<td>\n<p style=\"font-weight: 400;\">W140 x D169 x H123mm<br \/>\n1.3kg<\/p>\n<\/td>\n<\/tr>\n<tr>\n<th>\n<p style=\"font-weight: 400;\">Included<\/p>\n<p style=\"font-weight: 400;\">\n<p style=\"font-weight: 400;\">Options<\/p>\n<\/th>\n<td>\n<ul>\n<li>Power Cable, USB Cable (USB-C to USB-A), Ethernet LAN cable, 58mm Paper Guide<\/li>\n<\/ul>\n<p style=\"font-weight: 400;\">\n<ul>\n<li>MCW10 Wireless LAN Adapter (contact Star for regions), Buzzer (BU01-24-A), Melody Buzzer mC-Sound, Customer Display (SCD222U)<\/li>\n<\/ul>\n<\/td>\n<\/tr>\n<\/tbody>\n<\/table>\n","protected":false},"excerpt":{"rendered":"<p>TSP100 IV Impresoras t\u00e9rmicas de recibos de punto de venta de 80 mm de nueva generaci\u00f3n con interfaces USB-C\/USB-A y Ethernet LAN y tecnolog\u00eda Star CloudPRNT. Descripci\u00f3n Impresi\u00f3n de \u00faltima generaci\u00f3n La nueva impresora t\u00e9rmica POS TSP100IV trae un nuevo dise\u00f1o \u00fanico para un producto verdaderamente revolucionario.\u00a0La calidad y fiabilidad de la popular serie TSP100 [&hellip;]<\/p>\n","protected":false},"featured_media":6382,"comment_status":"open","ping_status":"closed","template":"","meta":[],"product_brand":[],"product_cat":[87],"product_tag":[169,76,32,78,168,124,84,88,37],"class_list":{"0":"post-6381","1":"product","2":"type-product","3":"status-publish","4":"has-post-thumbnail","6":"product_cat-impresoras-tiques-tpv","7":"product_tag-facturas","8":"product_tag-impresora","9":"product_tag-mostrador","10":"product_tag-pos","11":"product_tag-recibos","12":"product_tag-star","13":"product_tag-termica","14":"product_tag-tiques","15":"product_tag-tpv","17":"first","18":"instock","19":"taxable","20":"shipping-taxable","21":"product-type-simple"},"aioseo_notices":[],"jetpack_sharing_enabled":true,"jetpack_likes_enabled":true,"_links":{"self":[{"href":"https:\/\/comercialmario.hol.es\/index.php\/wp-json\/wp\/v2\/product\/6381","targetHints":{"allow":["GET"]}}],"collection":[{"href":"https:\/\/comercialmario.hol.es\/index.php\/wp-json\/wp\/v2\/product"}],"about":[{"href":"https:\/\/comercialmario.hol.es\/index.php\/wp-json\/wp\/v2\/types\/product"}],"replies":[{"embeddable":true,"href":"https:\/\/comercialmario.hol.es\/index.php\/wp-json\/wp\/v2\/comments?post=6381"}],"wp:featuredmedia":[{"embeddable":true,"href":"https:\/\/comercialmario.hol.es\/index.php\/wp-json\/wp\/v2\/media\/6382"}],"wp:attachment":[{"href":"https:\/\/comercialmario.hol.es\/index.php\/wp-json\/wp\/v2\/media?parent=6381"}],"wp:term":[{"taxonomy":"product_brand","embeddable":true,"href":"https:\/\/comercialmario.hol.es\/index.php\/wp-json\/wp\/v2\/product_brand?post=6381"},{"taxonomy":"product_cat","embeddable":true,"href":"https:\/\/comercialmario.hol.es\/index.php\/wp-json\/wp\/v2\/product_cat?post=6381"},{"taxonomy":"product_tag","embeddable":true,"href":"https:\/\/comercialmario.hol.es\/index.php\/wp-json\/wp\/v2\/product_tag?post=6381"}],"curies":[{"name":"wp","href":"https:\/\/api.w.org\/{rel}","templated":true}]}}