{"id":6378,"date":"2025-10-22T20:19:10","date_gmt":"2025-10-22T18:19:10","guid":{"rendered":"https:\/\/comercialmario.hol.es\/?post_type=product&#038;p=6378"},"modified":"2025-10-22T20:19:10","modified_gmt":"2025-10-22T18:19:10","slug":"tq-210-quiosco-de-pago-con-tarjeta-y-efectivo","status":"publish","type":"product","link":"https:\/\/comercialmario.hol.es\/index.php\/product\/tq-210-quiosco-de-pago-con-tarjeta-y-efectivo\/","title":{"rendered":"TQ-210 Quiosco de pago con tarjeta y efectivo"},"content":{"rendered":"<div class=\"centrar-desc-productes right ez-animate\">\n<div class=\"ml20\">\n<h4 class=\"letter-spacing\">Cobro con tarjeta de cr\u00e9dito y con efectivo<\/h4>\n<p class=\"fs08-rem\">Puedes pagar con la tarjeta de cr\u00e9dito o con efectivo los productos solicitados en T-Quiosk.<\/p>\n<\/div>\n<\/div>\n<div class=\"centrar-desc-productes right ez-animate\">\n<div class=\"centrar-div\"><img data-recalc-dims=\"1\" loading=\"lazy\" decoding=\"async\" src=\"https:\/\/i0.wp.com\/www.cashdro.com\/assets\/img\/t-quiosk\/icon\/incorporar_accesorios.webp?resize=40%2C40&#038;ssl=1\" width=\"40\" height=\"40\" \/><\/div>\n<div class=\"ml20\">\n<h4 class=\"letter-spacing\">Posibilidad de incorporar accesorios<\/h4>\n<p class=\"fs08-rem\">Incorpora de serie impresora 80mm con auto-cutter y lector de c\u00f3digos de barras y c\u00f3digos QR. Adem\u00e1s, como accesorio opcional puede incorporar lector RFID.<\/p>\n<\/div>\n<\/div>\n<div class=\"centrar-desc-productes right ez-animate\">\n<div class=\"centrar-div\"><img data-recalc-dims=\"1\" loading=\"lazy\" decoding=\"async\" src=\"https:\/\/i0.wp.com\/www.cashdro.com\/assets\/img\/t-quiosk\/icon\/instalar-software.webp?resize=40%2C40&#038;ssl=1\" width=\"40\" height=\"40\" \/><\/div>\n<div class=\"ml20\">\n<h4 class=\"letter-spacing\">Instala tu software de venta desatendida Android o Windows<\/h4>\n<p class=\"fs08-rem\">T-Quiosk est\u00e1 disponible con dos S.O. distintos, elige el que mejor se adapte a las caracter\u00edsticas de tu negocio.<\/p>\n<\/div>\n<\/div>\n<div class=\"centrar-desc-productes right ez-animate\">\n<div class=\"centrar-div\"><img data-recalc-dims=\"1\" loading=\"lazy\" decoding=\"async\" src=\"https:\/\/i0.wp.com\/www.cashdro.com\/assets\/img\/t-quiosk\/icon\/una_pantalla.webp?resize=40%2C40&#038;ssl=1\" width=\"40\" height=\"40\" \/><\/div>\n<div class=\"ml20\">\n<h4 class=\"letter-spacing\">Pantalla t\u00e1ctil de gran formato para guiar al usuario<\/h4>\n<p class=\"fs08-rem\">T-Quiosk dispone de una pantalla t\u00e1ctil de 32&#8243; con la que el usuario puede interactuar y moverse libremente entre los productos y\/o servicios.\u200b<\/p>\n<\/div>\n<\/div>\n<div class=\"centrar-desc-productes right ez-animate\">\n<div class=\"centrar-div\"><img data-recalc-dims=\"1\" loading=\"lazy\" decoding=\"async\" src=\"https:\/\/i0.wp.com\/www.cashdro.com\/assets\/img\/t-quiosk\/icon\/forma-autonoma-ininterrumpida.webp?resize=40%2C40&#038;ssl=1\" width=\"40\" height=\"40\" \/><\/div>\n<div class=\"ml20\">\n<h4 class=\"letter-spacing\">Funciona de forma aut\u00f3noma e ininterrumpida<\/h4>\n<p class=\"fs08-rem\">T-Quiosk funciona de forma autom\u00e1tica e ininterrumpida desde que se abre el negocio hasta que este se cierra. Funciona las 24 horas al d\u00eda los 365 d\u00edas del a\u00f1o.<\/p>\n<\/div>\n<\/div>\n<div class=\"centrar-desc-productes right ez-animate\">\n<div class=\"centrar-div\"><img data-recalc-dims=\"1\" loading=\"lazy\" decoding=\"async\" src=\"https:\/\/i0.wp.com\/www.cashdro.com\/assets\/img\/t-quiosk\/icon\/columna.webp?resize=40%2C40&#038;ssl=1\" width=\"40\" height=\"40\" \/><\/div>\n<div class=\"ml20\">\n<h4 class=\"letter-spacing\">Dise\u00f1o en columna para colocaci\u00f3n en cualquier ubicaci\u00f3n del establecimiento<\/h4>\n<p class=\"fs08-rem\">El modelo 210 de T-Quisok dispone de un dise\u00f1o en columna f\u00e1cil de colocar en cualquier parte del local y as\u00ed aprovechar el espacio al m\u00e1ximo.\u200b<\/p>\n<p><a href=\"https:\/\/comercialmario.hol.es\/wp-content\/uploads\/2025\/10\/F_TQ210_ES.pdf\">F_TQ210_ES<\/a><\/p>\n<\/div>\n<\/div>\n","protected":false},"excerpt":{"rendered":"<p>Cobro con tarjeta de cr\u00e9dito y con efectivo Puedes pagar con la tarjeta de cr\u00e9dito o con efectivo los productos solicitados en T-Quiosk. Posibilidad de incorporar accesorios Incorpora de serie impresora 80mm con auto-cutter y lector de c\u00f3digos de barras y c\u00f3digos QR. Adem\u00e1s, como accesorio opcional puede incorporar lector RFID. Instala tu software de [&hellip;]<\/p>\n","protected":false},"featured_media":6379,"comment_status":"open","ping_status":"closed","template":"","meta":[],"product_brand":[],"product_cat":[59],"product_tag":[],"class_list":{"0":"post-6378","1":"product","2":"type-product","3":"status-publish","4":"has-post-thumbnail","6":"product_cat-kiosko-t-quiosk-autoservicio","8":"first","9":"instock","10":"taxable","11":"shipping-taxable","12":"product-type-simple"},"aioseo_notices":[],"jetpack_sharing_enabled":true,"jetpack_likes_enabled":true,"_links":{"self":[{"href":"https:\/\/comercialmario.hol.es\/index.php\/wp-json\/wp\/v2\/product\/6378","targetHints":{"allow":["GET"]}}],"collection":[{"href":"https:\/\/comercialmario.hol.es\/index.php\/wp-json\/wp\/v2\/product"}],"about":[{"href":"https:\/\/comercialmario.hol.es\/index.php\/wp-json\/wp\/v2\/types\/product"}],"replies":[{"embeddable":true,"href":"https:\/\/comercialmario.hol.es\/index.php\/wp-json\/wp\/v2\/comments?post=6378"}],"wp:featuredmedia":[{"embeddable":true,"href":"https:\/\/comercialmario.hol.es\/index.php\/wp-json\/wp\/v2\/media\/6379"}],"wp:attachment":[{"href":"https:\/\/comercialmario.hol.es\/index.php\/wp-json\/wp\/v2\/media?parent=6378"}],"wp:term":[{"taxonomy":"product_brand","embeddable":true,"href":"https:\/\/comercialmario.hol.es\/index.php\/wp-json\/wp\/v2\/product_brand?post=6378"},{"taxonomy":"product_cat","embeddable":true,"href":"https:\/\/comercialmario.hol.es\/index.php\/wp-json\/wp\/v2\/product_cat?post=6378"},{"taxonomy":"product_tag","embeddable":true,"href":"https:\/\/comercialmario.hol.es\/index.php\/wp-json\/wp\/v2\/product_tag?post=6378"}],"curies":[{"name":"wp","href":"https:\/\/api.w.org\/{rel}","templated":true}]}}