{"id":6376,"date":"2025-10-21T21:22:12","date_gmt":"2025-10-21T19:22:12","guid":{"rendered":"https:\/\/comercialmario.hol.es\/?post_type=product&#038;p=6376"},"modified":"2025-10-21T21:22:12","modified_gmt":"2025-10-21T19:22:12","slug":"balanza-touchscale-22i-12-9-linux","status":"publish","type":"product","link":"https:\/\/comercialmario.hol.es\/index.php\/product\/balanza-touchscale-22i-12-9-linux\/","title":{"rendered":"Balanza TouchScale 22I 12\/9 Linux"},"content":{"rendered":"<h4>Balanza colgante TouchScale\u00a0 22I Linux en acero inoxidable con impresora. Pantalla frontal t\u00e1ctil de 12\u201d y trasera de 9&#8243;.<\/h4>\n<p>Balanza PC con pantalla delantera t\u00e1ctil de 12\u201d y pantalla de cliente de 9\u201d, 12\u201d \u00f3 15\u201d<\/p>\n<p>Impresora t\u00e9rmica inteligente de 60mm.<\/p>\n<p>Microproc. Intel Celeron, Memoria RAM DDR III (2 GB),<\/p>\n<p>Almacenamiento SSD.<\/p>\n<p>Comunicaci\u00f3n Ethernet (Opci\u00f3n Wi-Fi).<\/p>\n<p>2 x USB externos y Puerto RS232.<\/p>\n<p>Blindaje metrol\u00f3gico.<\/p>\n<p>Repuestos comunes para todos los modelos de gama PC.<\/p>\n<p>S.O. Linux Ubuntu. Disponible en Windows.<\/p>\n<p>Gestor de base de datos MySQL<\/p>\n<p>Diferentes modos de trabajo personalizables:<\/p>\n<p>Venta, Envasado, Autoservicio, POS, etc.<\/p>\n<p>Programa totalmente modular creado por Grupo Epelsa.<\/p>\n<p>Pantallas de venta configurables (consultar fabrica).<\/p>\n<p>Datos programables ilimitados (art\u00edculos, descripciones, etc.).<\/p>\n<p>Publicidad (im\u00e1genes, video, playlists, publicidad cruzada).<\/p>\n<p>Im\u00e1genes por producto, familia, vendedor, etc.<\/p>\n<p>Opci\u00f3n pantalla adicional de visualizaci\u00f3n de publicidad.<\/p>\n<p>M\u00f3dulo de facturaci\u00f3n (simplificada y ordinaria).<\/p>\n<p>Gesti\u00f3n tarifas y precio por tramos.<\/p>\n<p>Sistema de fidelizaci\u00f3n de clientes.<\/p>\n<p>Amplia gesti\u00f3n de informes de ventas y listados de datos.<\/p>\n<p>Asistente de instalaci\u00f3n.<\/p>\n<p>Pedidos clientes. Import\/export de ficheros (TXT, CSV).<\/p>\n<p>Sistema de gesti\u00f3n turnos (dispensadores y pantallas de visualizaci\u00f3n).<\/p>\n<p>Integraci\u00f3n dispositivos (cajones inteligentes, turnos, pasarelas de pago, etiquetadora Godex).<\/p>\n<p>Impresora de tarjetas (precios y clientes).<\/p>\n<p>C\u00f3digos EAN8, EAN13, EAN128, Code128, ITF14 (C25 Inter), QR.<\/p>\n<p>Interconexi\u00f3n con n\u00famero ilimitado de balanzas<\/p>\n<p>Adaptada a la normativa europea de etiquetado 1169\/2011.<\/p>\n<p>Multi idioma.<\/p>\n<p>Programador de tareas: Copia de seguridad, exportar, actualizar, etc.<\/p>\n<p>Actualizaciones de software remotas y autom\u00e1ticas.<\/p>\n<p>Webserver: para la programaci\u00f3n y consulta de datos.<\/p>\n<p>Gesti\u00f3n de tienda remota: HydraTouch, Desktop, App PC Scale Connect (Android).<\/p>\n<p>ENCASE: Software de dise\u00f1o de etiquetas, tiques y tarjetas.<\/p>\n<p>Formatos de impresi\u00f3n completamente configurables: tique, etiqueta, etiqueta de longitud variable, linerless.<\/p>\n<p>FTP Server.<\/p>\n<p>Mantenimiento remoto con herramientas est\u00e1ndar de mercado.<\/p>\n<p>Peso Neto: 8,16 kg. \/ Embalado: 12,25 kg.<\/p>\n<p>Dimensiones embalaje:\u00a0 46 x 43 x 48 cm.<\/p>\n<p>Posibilidad de plato llano, hondo y semihondo de acero inoxidable.<\/p>\n","protected":false},"excerpt":{"rendered":"<p>Balanza colgante TouchScale\u00a0 22I Linux en acero inoxidable con impresora. Pantalla frontal t\u00e1ctil de 12\u201d y trasera de 9&#8243;. Balanza PC con pantalla delantera t\u00e1ctil de 12\u201d y pantalla de cliente de 9\u201d, 12\u201d \u00f3 15\u201d Impresora t\u00e9rmica inteligente de 60mm. Microproc. Intel Celeron, Memoria RAM DDR III (2 GB), Almacenamiento SSD. Comunicaci\u00f3n Ethernet (Opci\u00f3n [&hellip;]<\/p>\n","protected":false},"featured_media":6377,"comment_status":"open","ping_status":"closed","template":"","meta":[],"product_brand":[],"product_cat":[29],"product_tag":[30,167,33,122,66,166],"class_list":{"0":"post-6376","1":"product","2":"type-product","3":"status-publish","4":"has-post-thumbnail","6":"product_cat-balanzas","7":"product_tag-balanza","8":"product_tag-colgante","9":"product_tag-epelsa","10":"product_tag-linux","11":"product_tag-pc","12":"product_tag-verifactu","14":"first","15":"instock","16":"taxable","17":"shipping-taxable","18":"product-type-simple"},"aioseo_notices":[],"jetpack_sharing_enabled":true,"jetpack_likes_enabled":true,"_links":{"self":[{"href":"https:\/\/comercialmario.hol.es\/index.php\/wp-json\/wp\/v2\/product\/6376","targetHints":{"allow":["GET"]}}],"collection":[{"href":"https:\/\/comercialmario.hol.es\/index.php\/wp-json\/wp\/v2\/product"}],"about":[{"href":"https:\/\/comercialmario.hol.es\/index.php\/wp-json\/wp\/v2\/types\/product"}],"replies":[{"embeddable":true,"href":"https:\/\/comercialmario.hol.es\/index.php\/wp-json\/wp\/v2\/comments?post=6376"}],"wp:featuredmedia":[{"embeddable":true,"href":"https:\/\/comercialmario.hol.es\/index.php\/wp-json\/wp\/v2\/media\/6377"}],"wp:attachment":[{"href":"https:\/\/comercialmario.hol.es\/index.php\/wp-json\/wp\/v2\/media?parent=6376"}],"wp:term":[{"taxonomy":"product_brand","embeddable":true,"href":"https:\/\/comercialmario.hol.es\/index.php\/wp-json\/wp\/v2\/product_brand?post=6376"},{"taxonomy":"product_cat","embeddable":true,"href":"https:\/\/comercialmario.hol.es\/index.php\/wp-json\/wp\/v2\/product_cat?post=6376"},{"taxonomy":"product_tag","embeddable":true,"href":"https:\/\/comercialmario.hol.es\/index.php\/wp-json\/wp\/v2\/product_tag?post=6376"}],"curies":[{"name":"wp","href":"https:\/\/api.w.org\/{rel}","templated":true}]}}