{"id":6371,"date":"2025-10-15T16:31:16","date_gmt":"2025-10-15T14:31:16","guid":{"rendered":"https:\/\/comercialmario.hol.es\/?post_type=product&#038;p=6371"},"modified":"2025-10-15T16:31:16","modified_gmt":"2025-10-15T14:31:16","slug":"balanza-k-scale-20i-12-9-linux","status":"publish","type":"product","link":"https:\/\/comercialmario.hol.es\/index.php\/product\/balanza-k-scale-20i-12-9-linux\/","title":{"rendered":"Balanza K-Scale 20I 12\/9 Linux"},"content":{"rendered":"<h4>Balanza mostrador Linux doble cuerpo con impresora. Pantalla frontal t\u00e1ctil de 12\u201d y trasera de 9&#8243;.<\/h4>\n<p>Balanza PC con pantalla delantera t\u00e1ctil de 12\u201d y pantalla de cliente 9\u201d, 12\u201d \u00f3 15\u201d.<\/p>\n<p>Impresora t\u00e9rmica inteligente (60mm).<\/p>\n<p>Microprocesador Intel Celeron, Memoria RAM DDR III<\/p>\n<p>(2 GB), Almacenamiento SSD.<\/p>\n<p>Comunicaci\u00f3n Ethernet (Opci\u00f3n Wi-Fi)<\/p>\n<p>2 x USB externos, Puerto RS232 y<\/p>\n<p>conexi\u00f3n a caj\u00f3n monedero (RJ-11).<\/p>\n<p>Blindaje metrol\u00f3gico.<\/p>\n<p>Plato de acero inoxidable.<\/p>\n<p>Repuestos comunes para todos los modelos de gama PC<\/p>\n<p>S.O. Linux Ubuntu. Disponible en Windows (consultar).<\/p>\n<p>Gestor de base de datos MySQL.<\/p>\n<p>Diferentes modos de trabajo personalizables:<\/p>\n<p>Venta, Envasado, Autoservicio, POS, etc.<\/p>\n<p>Programa totalmente modular creado por Grupo Epelsa.<\/p>\n<p>Pantallas de venta configurables (consultar fabrica).<\/p>\n<p>Datos programables ilimitados (art\u00edculos, descripciones, trazabilidad, vendedores, familias, mostradores, clientes, pedidos, tarifas, etc.).<\/p>\n<p>Publicidad (im\u00e1genes, video, playlists, publicidad cruzada).<\/p>\n<p>Im\u00e1genes por producto, familia, vendedor, mostrador, nivel de calidad, publicidad cruzada.<\/p>\n<p>Opci\u00f3n pantalla adicional de visualizaci\u00f3n de publicidad.<\/p>\n<p>M\u00f3dulo de facturaci\u00f3n (simplificada y ordinaria).<\/p>\n<p>Gesti\u00f3n tarifas y precio por tramos.<\/p>\n<p>Sistema de fidelizaci\u00f3n de clientes (puntos).<\/p>\n<p>Amplia gesti\u00f3n de informes de ventas y listados de datos.<\/p>\n<p>Men\u00fas intuitivos y altamente accesibles.<\/p>\n<p>Asistente de instalaci\u00f3n.<\/p>\n<p>Pedidos clientes.<\/p>\n<p>Import\/export de ficheros (TXT, CSV).<\/p>\n<p>Sistema de gesti\u00f3n turnos (dispensadores y pantallas de visualizaci\u00f3n).<\/p>\n<p>Integraci\u00f3n dispositivos (cajones inteligentes, turnos, pasarelas de pago, etiquetadora Godex).<\/p>\n<p>Impresora de tarjetas (precios y clientes).<\/p>\n<p>C\u00f3digos EAN8, EAN13, EAN128, Code128, ITF14 (C25 Inter), QR.<\/p>\n<p>Interconexi\u00f3n con n\u00famero ilimitado de balanzas.<\/p>\n<p>Adaptada a la normativa europea de etiquetado 1169\/2011 (al\u00e9rgenos, informaci\u00f3n nutricional, etc.).<\/p>\n<p>Multi idioma.<\/p>\n<p>Programador de tareas: Copia de seguridad, exportar, actualizar, apagar.<\/p>\n<p>Actualizaciones de software remotas y autom\u00e1ticas.<\/p>\n<p>Webserver: para la programaci\u00f3n y consulta de datos.<\/p>\n<p>Gesti\u00f3n de tienda remota: HydraTouch, Desktop, App PC Scale Connect (Android).<\/p>\n<p>ENCASE: Software de dise\u00f1o de etiquetas, tiques y tarjetas.<\/p>\n<p>Formatos de impresi\u00f3n completamente configurables: tique, etiqueta, etiqueta de longitud variable, linerless.<\/p>\n<p>FTP Server.<\/p>\n<p>Mantenimiento remoto con herramientas est\u00e1ndar de mercado.<\/p>\n<p>Peso Neto: 11,8 kg. \/ Embalado: 12,97 kg.<\/p>\n<p>Dimensiones embalaje:\u00a0 58 x 44 x 66 cm.<\/p>\n<p><a href=\"https:\/\/comercialmario.hol.es\/wp-content\/uploads\/2025\/10\/Ficha-tecnica-K-Scale-20-I-Grupo-Epelsa-1.pdf\">Ficha-tecnica-K-Scale-20-I-Grupo-Epelsa<\/a><\/p>\n","protected":false},"excerpt":{"rendered":"<p>Balanza mostrador Linux doble cuerpo con impresora. Pantalla frontal t\u00e1ctil de 12\u201d y trasera de 9&#8243;. Balanza PC con pantalla delantera t\u00e1ctil de 12\u201d y pantalla de cliente 9\u201d, 12\u201d \u00f3 15\u201d. Impresora t\u00e9rmica inteligente (60mm). Microprocesador Intel Celeron, Memoria RAM DDR III (2 GB), Almacenamiento SSD. Comunicaci\u00f3n Ethernet (Opci\u00f3n Wi-Fi) 2 x USB externos, [&hellip;]<\/p>\n","protected":false},"featured_media":6372,"comment_status":"open","ping_status":"closed","template":"","meta":[],"product_brand":[],"product_cat":[29],"product_tag":[],"class_list":{"0":"post-6371","1":"product","2":"type-product","3":"status-publish","4":"has-post-thumbnail","6":"product_cat-balanzas","8":"first","9":"instock","10":"taxable","11":"shipping-taxable","12":"product-type-simple"},"aioseo_notices":[],"jetpack_sharing_enabled":true,"jetpack_likes_enabled":true,"_links":{"self":[{"href":"https:\/\/comercialmario.hol.es\/index.php\/wp-json\/wp\/v2\/product\/6371","targetHints":{"allow":["GET"]}}],"collection":[{"href":"https:\/\/comercialmario.hol.es\/index.php\/wp-json\/wp\/v2\/product"}],"about":[{"href":"https:\/\/comercialmario.hol.es\/index.php\/wp-json\/wp\/v2\/types\/product"}],"replies":[{"embeddable":true,"href":"https:\/\/comercialmario.hol.es\/index.php\/wp-json\/wp\/v2\/comments?post=6371"}],"wp:featuredmedia":[{"embeddable":true,"href":"https:\/\/comercialmario.hol.es\/index.php\/wp-json\/wp\/v2\/media\/6372"}],"wp:attachment":[{"href":"https:\/\/comercialmario.hol.es\/index.php\/wp-json\/wp\/v2\/media?parent=6371"}],"wp:term":[{"taxonomy":"product_brand","embeddable":true,"href":"https:\/\/comercialmario.hol.es\/index.php\/wp-json\/wp\/v2\/product_brand?post=6371"},{"taxonomy":"product_cat","embeddable":true,"href":"https:\/\/comercialmario.hol.es\/index.php\/wp-json\/wp\/v2\/product_cat?post=6371"},{"taxonomy":"product_tag","embeddable":true,"href":"https:\/\/comercialmario.hol.es\/index.php\/wp-json\/wp\/v2\/product_tag?post=6371"}],"curies":[{"name":"wp","href":"https:\/\/api.w.org\/{rel}","templated":true}]}}