{"id":49,"date":"2023-01-28T09:41:53","date_gmt":"2023-01-28T09:41:53","guid":{"rendered":"https:\/\/comercialmario.hol.es\/?post_type=product&#038;p=49"},"modified":"2025-10-09T14:54:31","modified_gmt":"2025-10-09T12:54:31","slug":"cashdro-5","status":"publish","type":"product","link":"https:\/\/comercialmario.hol.es\/index.php\/product\/cashdro-5\/","title":{"rendered":"CASHDRO 5"},"content":{"rendered":"<p><img data-recalc-dims=\"1\" loading=\"lazy\" decoding=\"async\" class=\"alignnone size-medium wp-image-50\" src=\"https:\/\/i0.wp.com\/comercialmario.hol.es\/wp-content\/uploads\/2023\/01\/CD5.jpg?resize=215%2C300&#038;ssl=1\" alt=\"Caj\u00f3n inteligente de gesti\u00f3n de efectivo autom\u00e1tica CashDro 5\" width=\"215\" height=\"300\" srcset=\"https:\/\/i0.wp.com\/comercialmario.hol.es\/wp-content\/uploads\/2023\/01\/CD5-scaled.jpg?resize=215%2C300&amp;ssl=1 215w, https:\/\/i0.wp.com\/comercialmario.hol.es\/wp-content\/uploads\/2023\/01\/CD5-scaled.jpg?resize=732%2C1024&amp;ssl=1 732w, https:\/\/i0.wp.com\/comercialmario.hol.es\/wp-content\/uploads\/2023\/01\/CD5-scaled.jpg?resize=768%2C1074&amp;ssl=1 768w, https:\/\/i0.wp.com\/comercialmario.hol.es\/wp-content\/uploads\/2023\/01\/CD5-scaled.jpg?resize=1099%2C1536&amp;ssl=1 1099w, https:\/\/i0.wp.com\/comercialmario.hol.es\/wp-content\/uploads\/2023\/01\/CD5-scaled.jpg?resize=1465%2C2048&amp;ssl=1 1465w, https:\/\/i0.wp.com\/comercialmario.hol.es\/wp-content\/uploads\/2023\/01\/CD5-scaled.jpg?resize=1320%2C1845&amp;ssl=1 1320w, https:\/\/i0.wp.com\/comercialmario.hol.es\/wp-content\/uploads\/2023\/01\/CD5-scaled.jpg?resize=416%2C582&amp;ssl=1 416w, https:\/\/i0.wp.com\/comercialmario.hol.es\/wp-content\/uploads\/2023\/01\/CD5-scaled.jpg?w=1831&amp;ssl=1 1831w\" sizes=\"auto, (max-width: 215px) 100vw, 215px\" \/>CashDro5 es el equipo ideal para negocios donde se requiere gran velocidad en la validaci\u00f3n o dispensaci\u00f3n de billetes durante el cobro, el cambio o la carga<\/p>\n","protected":false},"excerpt":{"rendered":"<p><a href=\"https:\/\/comercialmario.hol.es\/wp-content\/uploads\/2023\/01\/F-CD5-ES.pdf\">F-CD5-ES<\/a><\/p>\n","protected":false},"featured_media":50,"comment_status":"open","ping_status":"closed","template":"","meta":[],"product_brand":[],"product_cat":[15],"product_tag":[23,24,20,25,21,22],"class_list":{"0":"post-49","1":"product","2":"type-product","3":"status-publish","4":"has-post-thumbnail","6":"product_cat-cajones-inteligentes","7":"product_tag-caja","8":"product_tag-cajon","9":"product_tag-cajon-inteligente","10":"product_tag-cashdro","11":"product_tag-cobro-automatico","12":"product_tag-gestion-efectivo","14":"first","15":"instock","16":"taxable","17":"shipping-taxable","18":"product-type-simple"},"aioseo_notices":[],"jetpack_sharing_enabled":true,"jetpack_likes_enabled":true,"_links":{"self":[{"href":"https:\/\/comercialmario.hol.es\/index.php\/wp-json\/wp\/v2\/product\/49","targetHints":{"allow":["GET"]}}],"collection":[{"href":"https:\/\/comercialmario.hol.es\/index.php\/wp-json\/wp\/v2\/product"}],"about":[{"href":"https:\/\/comercialmario.hol.es\/index.php\/wp-json\/wp\/v2\/types\/product"}],"replies":[{"embeddable":true,"href":"https:\/\/comercialmario.hol.es\/index.php\/wp-json\/wp\/v2\/comments?post=49"}],"wp:featuredmedia":[{"embeddable":true,"href":"https:\/\/comercialmario.hol.es\/index.php\/wp-json\/wp\/v2\/media\/50"}],"wp:attachment":[{"href":"https:\/\/comercialmario.hol.es\/index.php\/wp-json\/wp\/v2\/media?parent=49"}],"wp:term":[{"taxonomy":"product_brand","embeddable":true,"href":"https:\/\/comercialmario.hol.es\/index.php\/wp-json\/wp\/v2\/product_brand?post=49"},{"taxonomy":"product_cat","embeddable":true,"href":"https:\/\/comercialmario.hol.es\/index.php\/wp-json\/wp\/v2\/product_cat?post=49"},{"taxonomy":"product_tag","embeddable":true,"href":"https:\/\/comercialmario.hol.es\/index.php\/wp-json\/wp\/v2\/product_tag?post=49"}],"curies":[{"name":"wp","href":"https:\/\/api.w.org\/{rel}","templated":true}]}}