{"id":441,"date":"2024-02-21T05:31:24","date_gmt":"2024-02-21T04:31:24","guid":{"rendered":"https:\/\/comercialmario.hol.es\/?post_type=product&#038;p=441"},"modified":"2025-10-09T14:43:34","modified_gmt":"2025-10-09T12:43:34","slug":"cashdro-s","status":"publish","type":"product","link":"https:\/\/comercialmario.hol.es\/index.php\/product\/cashdro-s\/","title":{"rendered":"CASHDRO S"},"content":{"rendered":"<section id=\"services\" class=\"services section section-ventajas\">\n<div class=\"container\">\n<header class=\"section-header\">\n<h2 class=\"section-title wow fadeInLeft\">EL M\u00c1S SEGURO Y VERS\u00c1TIL EN SU SEGMENTO<\/h2>\n<h2 class=\"section-title\">VENTAJAS PARA\u00a0<span class=\"text-primary\">TU NEGOCIO<\/span><\/h2>\n<p><strong class=\"fade-title-right\">Ventajas<\/strong><\/p>\n<\/header>\n<div class=\"section-content\">\n<div class=\"row-services row-base row\">\n<div class=\"col-base col-service col-xs-12 col-sm-4 wow fadeInUp\">\n<div class=\"service-item\"><center><img data-recalc-dims=\"1\" decoding=\"async\" src=\"https:\/\/i0.wp.com\/www.cashdro.com\/assets\/img\/iconos\/cierre-caja_v2.webp?w=980&#038;ssl=1\" alt=\"\" \/><\/center><\/p>\n<h4 class=\"letter-spacing\">CIERRE DE CAJA INSTANT\u00c1NEO Y SIN DESCUADRES<\/h4>\n<p class=\"text-c-responsive\">Elimina el tiempo extra cuadrando el dinero al finalizar la jornada<\/p>\n<\/div>\n<\/div>\n<div class=\"col-base col-service col-xs-12 col-sm-4 wow fadeInUp\" data-wow-delay=\"0.3s\">\n<div class=\"service-item\"><center><img data-recalc-dims=\"1\" decoding=\"async\" src=\"https:\/\/i0.wp.com\/www.cashdro.com\/assets\/img\/iconos\/efectivo-seguro.webp?w=980&#038;ssl=1\" alt=\"\" \/><\/center><\/p>\n<h4 class=\"letter-spacing\">EL EFECTIVO SIEMPRE EST\u00c1 SEGURO<\/h4>\n<p class=\"text-c-responsive\">CashDro es el caj\u00f3n m\u00e1s seguro del mercado, fabricado con chapa de acero de hasta 4 mm<\/p>\n<\/div>\n<\/div>\n<div class=\"col-base col-service col-xs-12 col-sm-4 col-md-4 wow fadeInUp\" data-wow-delay=\"0.6s\">\n<div class=\"service-item\"><center><img data-recalc-dims=\"1\" decoding=\"async\" src=\"https:\/\/i0.wp.com\/www.cashdro.com\/assets\/img\/iconos\/perdidas-desconocidas.webp?w=980&#038;ssl=1\" alt=\"\" \/><\/center><\/p>\n<h4 class=\"letter-spacing\">SE EVITAN P\u00c9RDIDAS DESCONOCIDAS DE EFECTIVO<\/h4>\n<p class=\"text-c-responsive\">Automatiza los procesos de cobro de tu establecimiento y elimina las p\u00e9rdidas desconocidas de efectivo<\/p>\n<\/div>\n<\/div>\n<\/div>\n<\/div>\n<div class=\"section-content\">\n<div class=\"row-services row-base row\">\n<div class=\"col-base col-service col-xs-12 col-sm-4 wow fadeInUp\">\n<div class=\"service-item\"><center><img data-recalc-dims=\"1\" decoding=\"async\" src=\"https:\/\/i0.wp.com\/www.cashdro.com\/assets\/img\/iconos\/rechaza-billetes-falsos.webp?w=980&#038;ssl=1\" alt=\"\" \/><\/center><\/p>\n<h4 class=\"letter-spacing\">RECHAZA MONEDAS Y BILLETES FALSOS<\/h4>\n<p class=\"text-c-responsive\">CashDro incorpora validadores de monedas y billetes con la m\u00e1s alta tecnolog\u00eda y fiabilidad<\/p>\n<\/div>\n<\/div>\n<div class=\"col-base col-service col-xs-12 col-sm-4 wow fadeInUp\" data-wow-delay=\"0.3s\">\n<div class=\"service-item\"><center><img data-recalc-dims=\"1\" decoding=\"async\" src=\"https:\/\/i0.wp.com\/www.cashdro.com\/assets\/img\/iconos\/eliminados-errores-cambio.webp?w=980&#038;ssl=1\" alt=\"\" \/><\/center><\/p>\n<h4 class=\"letter-spacing\">SE ELIMINAN ERRORES DE CAMBIO<\/h4>\n<p class=\"text-c-responsive\">CashDro nunca se equivoca a la hora de devolver el cambio a los clientes<\/p>\n<\/div>\n<\/div>\n<div class=\"col-base col-service col-xs-12 col-sm-4 col-md-4 wow fadeInUp\" data-wow-delay=\"0.6s\">\n<div class=\"service-item\"><center><img data-recalc-dims=\"1\" decoding=\"async\" src=\"https:\/\/i0.wp.com\/www.cashdro.com\/assets\/img\/iconos\/enlaza-con-cualquier-plataforma_v2.webp?w=980&#038;ssl=1\" alt=\"\" \/><\/center><\/p>\n<h4 class=\"letter-spacing\">ENLAZA CON CUALQUIER SOFTWARE DEL MERCADO<\/h4>\n<p class=\"text-c-responsive\">No te preocupes por si CashDro funcionar\u00e1 con tu TPV, puede trabajar con cualquier software del mercado<\/p>\n<\/div>\n<\/div>\n<\/div>\n<\/div>\n<div class=\"section-content\">\n<div class=\"row-services row-base row\">\n<div class=\"col-base col-service col-xs-12 col-sm-4 wow fadeInUp\">\n<div class=\"service-item\"><center><img data-recalc-dims=\"1\" decoding=\"async\" src=\"https:\/\/i0.wp.com\/www.cashdro.com\/assets\/img\/iconos\/control_centralizado.webp?w=980&#038;ssl=1\" alt=\"\" \/><\/center><\/p>\n<h4 class=\"letter-spacing\">CONTROL CENTRALIZADO<\/h4>\n<p class=\"text-c-responsive\">Con CashDro podr\u00e1s controlar en tiempo real y desde cualquier lugar el efectivo de tu negocio<\/p>\n<\/div>\n<\/div>\n<div class=\"col-base col-service col-xs-12 col-sm-4 wow fadeInUp\" data-wow-delay=\"0.3s\">\n<div class=\"service-item\"><center><img data-recalc-dims=\"1\" decoding=\"async\" src=\"https:\/\/i0.wp.com\/www.cashdro.com\/assets\/img\/iconos\/higiene_alimentaria.webp?w=980&#038;ssl=1\" alt=\"\" \/><\/center><\/p>\n<h4 class=\"letter-spacing\">HIGIENE ALIMENTARIA<\/h4>\n<p class=\"text-c-responsive\">CashDro garantiza la higiene alimentaria y protege a tus empleados, ya que ellos no tocan el dinero<\/p>\n<\/div>\n<\/div>\n<div class=\"col-base col-service col-xs-12 col-sm-4 col-md-4 wow fadeInUp\" data-wow-delay=\"0.6s\">\n<div class=\"service-item\"><center><img data-recalc-dims=\"1\" decoding=\"async\" src=\"https:\/\/i0.wp.com\/www.cashdro.com\/assets\/img\/iconos\/mejora_el_servicio_cliente.webp?w=980&#038;ssl=1\" alt=\"\" \/><\/center><\/p>\n<h4 class=\"letter-spacing\">MEJORA EL SERVICIO AL CLIENTE<\/h4>\n<p class=\"text-c-responsive\">CashDro mejora la experiencia de compra de los clientes facilit\u00e1ndoles independencia y rapidez<\/p>\n<\/div>\n<\/div>\n<\/div>\n<\/div>\n<\/div>\n<\/section>\n<section id=\"cashdro4plus\" class=\"cashdro7 section\">\n<div class=\"container\">\n<header class=\"section-header\">\n<h2 class=\"section-title wow fadeInLeft\"><a href=\"https:\/\/comercialmario.hol.es\/wp-content\/uploads\/2024\/02\/F-CDS-ES.pdf\">F-CDS-ES<\/a><\/h2>\n<h2 class=\"section-title wow fadeInLeft\"><a href=\"https:\/\/comercialmario.hol.es\/wp-content\/uploads\/2024\/02\/FT-CDS-ES.pdf\">FT-CDS-ES<\/a><\/h2>\n<\/header>\n<\/div>\n<\/section>\n","protected":false},"excerpt":{"rendered":"<p>EL M\u00c1S SEGURO Y VERS\u00c1TIL EN SU SEGMENTO VENTAJAS PARA\u00a0TU NEGOCIO Ventajas CIERRE DE CAJA INSTANT\u00c1NEO Y SIN DESCUADRES Elimina el tiempo extra cuadrando el dinero al finalizar la jornada EL EFECTIVO SIEMPRE EST\u00c1 SEGURO CashDro es el caj\u00f3n m\u00e1s seguro del mercado, fabricado con chapa de acero de hasta 4 mm SE EVITAN P\u00c9RDIDAS [&hellip;]<\/p>\n","protected":false},"featured_media":442,"comment_status":"open","ping_status":"closed","template":"","meta":[],"product_brand":[],"product_cat":[15],"product_tag":[20,25,158],"class_list":{"0":"post-441","1":"product","2":"type-product","3":"status-publish","4":"has-post-thumbnail","6":"product_cat-cajones-inteligentes","7":"product_tag-cajon-inteligente","8":"product_tag-cashdro","9":"product_tag-cashdro-s","11":"first","12":"instock","13":"taxable","14":"shipping-taxable","15":"product-type-simple"},"aioseo_notices":[],"jetpack_sharing_enabled":true,"jetpack_likes_enabled":true,"_links":{"self":[{"href":"https:\/\/comercialmario.hol.es\/index.php\/wp-json\/wp\/v2\/product\/441","targetHints":{"allow":["GET"]}}],"collection":[{"href":"https:\/\/comercialmario.hol.es\/index.php\/wp-json\/wp\/v2\/product"}],"about":[{"href":"https:\/\/comercialmario.hol.es\/index.php\/wp-json\/wp\/v2\/types\/product"}],"replies":[{"embeddable":true,"href":"https:\/\/comercialmario.hol.es\/index.php\/wp-json\/wp\/v2\/comments?post=441"}],"wp:featuredmedia":[{"embeddable":true,"href":"https:\/\/comercialmario.hol.es\/index.php\/wp-json\/wp\/v2\/media\/442"}],"wp:attachment":[{"href":"https:\/\/comercialmario.hol.es\/index.php\/wp-json\/wp\/v2\/media?parent=441"}],"wp:term":[{"taxonomy":"product_brand","embeddable":true,"href":"https:\/\/comercialmario.hol.es\/index.php\/wp-json\/wp\/v2\/product_brand?post=441"},{"taxonomy":"product_cat","embeddable":true,"href":"https:\/\/comercialmario.hol.es\/index.php\/wp-json\/wp\/v2\/product_cat?post=441"},{"taxonomy":"product_tag","embeddable":true,"href":"https:\/\/comercialmario.hol.es\/index.php\/wp-json\/wp\/v2\/product_tag?post=441"}],"curies":[{"name":"wp","href":"https:\/\/api.w.org\/{rel}","templated":true}]}}