{"id":284,"date":"2023-02-14T18:18:28","date_gmt":"2023-02-14T17:18:28","guid":{"rendered":"https:\/\/comercialmario.hol.es\/?post_type=product&#038;p=284"},"modified":"2025-10-09T14:44:55","modified_gmt":"2025-10-09T12:44:55","slug":"pantalla-10pos-tft-tactil-flat-capacitiva-15-usb-negro-vga-vesa-75","status":"publish","type":"product","link":"https:\/\/comercialmario.hol.es\/index.php\/product\/pantalla-10pos-tft-tactil-flat-capacitiva-15-usb-negro-vga-vesa-75\/","title":{"rendered":"Pantalla 10POS TFT T\u00e1ctil Flat Capacitiva 15&#8243; USB Negro &#8211; VGA &#8211; VESA 75"},"content":{"rendered":"<h4><strong>Pantalla 10POS TFT T\u00e1ctil Flat Capacitiva 15&#8243; USB Negro &#8211; VGA &#8211; VESA 75<\/strong><\/h4>\n<p>Pantalla TFT t\u00e1ctil de 15\u2033 (1024*768), con panel Flat Capacitivo.<\/p>\n<p>Compatible con soportes VESA 75<\/p>\n<p>Carcasa en color negro y soporte multi-posici\u00f3n para mayor comodidad y ergonom\u00eda.<\/p>\n<p>Interface de t\u00e1ctil USB e interface VGA para la pantalla.<\/p>\n<h3 class=\"h4\">Prestaciones<\/h3>\n<ul class=\"list-unstyled mb-4\">\n<li><strong>Tama\u00f1o Pantalla (pulgadas):<\/strong>\u00a015<\/li>\n<li><strong>Tipo de t\u00e1ctil:<\/strong>\u00a0Flat Capacitivo<\/li>\n<li><strong>Anclaje VESA:<\/strong> VESA 75<\/li>\n<li>\u00a0Conexiones\n<ul class=\"list-unstyled mb-4\">\n<li><strong>Interface:<\/strong>\u00a0VGA,USB<\/li>\n<\/ul>\n<\/li>\n<\/ul>\n","protected":false},"excerpt":{"rendered":"<p>Pantalla 10POS TFT T\u00e1ctil Flat Capacitiva 15&#8243; USB Negro &#8211; VGA &#8211; VESA 75 Pantalla TFT t\u00e1ctil de 15\u2033 (1024*768), con panel Flat Capacitivo. Compatible con soportes VESA 75 Carcasa en color negro y soporte multi-posici\u00f3n para mayor comodidad y ergonom\u00eda. Interface de t\u00e1ctil USB e interface VGA para la pantalla. Prestaciones Tama\u00f1o Pantalla (pulgadas):\u00a015 [&hellip;]<\/p>\n","protected":false},"featured_media":285,"comment_status":"open","ping_status":"closed","template":"","meta":[],"product_brand":[],"product_cat":[131],"product_tag":[135,134,132,66,78,133,37],"class_list":{"0":"post-284","1":"product","2":"type-product","3":"status-publish","4":"has-post-thumbnail","6":"product_cat-monitores","7":"product_tag-10pos","8":"product_tag-monitor","9":"product_tag-pantalla","10":"product_tag-pc","11":"product_tag-pos","12":"product_tag-tactil","13":"product_tag-tpv","15":"first","16":"instock","17":"taxable","18":"shipping-taxable","19":"product-type-simple"},"aioseo_notices":[],"jetpack_sharing_enabled":true,"jetpack_likes_enabled":true,"_links":{"self":[{"href":"https:\/\/comercialmario.hol.es\/index.php\/wp-json\/wp\/v2\/product\/284","targetHints":{"allow":["GET"]}}],"collection":[{"href":"https:\/\/comercialmario.hol.es\/index.php\/wp-json\/wp\/v2\/product"}],"about":[{"href":"https:\/\/comercialmario.hol.es\/index.php\/wp-json\/wp\/v2\/types\/product"}],"replies":[{"embeddable":true,"href":"https:\/\/comercialmario.hol.es\/index.php\/wp-json\/wp\/v2\/comments?post=284"}],"wp:featuredmedia":[{"embeddable":true,"href":"https:\/\/comercialmario.hol.es\/index.php\/wp-json\/wp\/v2\/media\/285"}],"wp:attachment":[{"href":"https:\/\/comercialmario.hol.es\/index.php\/wp-json\/wp\/v2\/media?parent=284"}],"wp:term":[{"taxonomy":"product_brand","embeddable":true,"href":"https:\/\/comercialmario.hol.es\/index.php\/wp-json\/wp\/v2\/product_brand?post=284"},{"taxonomy":"product_cat","embeddable":true,"href":"https:\/\/comercialmario.hol.es\/index.php\/wp-json\/wp\/v2\/product_cat?post=284"},{"taxonomy":"product_tag","embeddable":true,"href":"https:\/\/comercialmario.hol.es\/index.php\/wp-json\/wp\/v2\/product_tag?post=284"}],"curies":[{"name":"wp","href":"https:\/\/api.w.org\/{rel}","templated":true}]}}