{"id":277,"date":"2023-02-08T20:32:25","date_gmt":"2023-02-08T19:32:25","guid":{"rendered":"https:\/\/comercialmario.hol.es\/?post_type=product&#038;p=277"},"modified":"2025-10-09T14:45:38","modified_gmt":"2025-10-09T12:45:38","slug":"impresora-termica-directa-epson-tm-t20iii","status":"publish","type":"product","link":"https:\/\/comercialmario.hol.es\/index.php\/product\/impresora-termica-directa-epson-tm-t20iii\/","title":{"rendered":"Impresora t\u00e9rmica directa Epson TM-T20III"},"content":{"rendered":"<h4><strong>\u00a0Impresora t\u00e9rmica directa Epson TM-T20III\u00a0<\/strong><\/h4>\n<p>Impresora t\u00e9rmica directa Epson TM-T20III &#8211; Monocromo &#8211; 203 x 203 dpi<\/p>\n<p>Impresora t\u00e9rmica de recibos fiable y con un bajo coste de mantenimiento, que hace m\u00e1s rentable tu negocio.<\/p>\n<h2 class=\"ccs-cc-inline-section-title\">Epson TM-T20III (011): USB + Serial, PS, Blk, EU<\/h2>\n<div class=\"ccs-cc-inline-header-layout\" data-type=\"text media\">\n<div class=\"ccs-cc-inline-header-description\">Esta impresora de recibos t\u00e9rmica POS de gama b\u00e1sica es una soluci\u00f3n POS asequible que ofrece velocidades de impresi\u00f3n elevadas y funciones econ\u00f3micas.<\/p>\n<p>Su combinaci\u00f3n de alta velocidad de impresi\u00f3n, gran fiabilidad y funcionamiento econ\u00f3mico, hacen de esta impresora un elemento imprescindible para tiendas peque\u00f1as, tiendas especializadas, establecimientos hoteleros de peque\u00f1o tama\u00f1o y supermercados.<\/p>\n<p><b>Econ\u00f3mica<\/b><br \/>\nFunci\u00f3n de reducci\u00f3n autom\u00e1tica del papel<\/p>\n<p><b>Fiabilidad<\/b><br \/>\nVida \u00fatil del mecanismo de 15 millones de l\u00edneas<\/p>\n<p><b>Alta velocidad de impresi\u00f3n<\/b><br \/>\nVelocidad de impresi\u00f3n de 250\u00a0mm\/s<\/p>\n<p><b>Amplia conectividad<\/b><br \/>\nDos modelos: USB + conexi\u00f3n serie\/Ethernet<\/p>\n<p><b>Tranquilidad<\/b><br \/>\nEpson como principal fabricante de impresoras POS de Europa<\/p>\n<div class=\"ccs-cc-inline-features-block ccs-cc-inline-single-feature\">\n<div class=\"ccs-cc-inline-feature\" data-type=\"text\">\n<div class=\"ccs-cc-inline-feature-content ccs-cc-inline-feature-description\">\n<h3><b>Asequible<\/b><\/h3>\n<p>Nuestra impresora de recibos POS de gama b\u00e1sica es un modelo de uso sencillo que admite un ancho de impresi\u00f3n de 80 mm. La funci\u00f3n de reducci\u00f3n autom\u00e1tica del papel reduce los m\u00e1rgenes superior e inferior, el ancho de alimentaci\u00f3n de las l\u00edneas y el alto del c\u00f3digo de barras, lo que permite imprimir recibos de forma flexible. Con esta funci\u00f3n se controla la cantidad de papel usada. Adem\u00e1s, minimiza los costes de papel ya que imprime el logotipo superior en el pr\u00f3ximo recibo antes de cortar, para reducir, de ese modo, otros 12 mm de margen superior.<\/p><\/div>\n<\/div>\n<\/div>\n<div class=\"ccs-cc-inline-features-block ccs-cc-inline-single-feature\">\n<div class=\"ccs-cc-inline-feature\" data-type=\"text\">\n<div class=\"ccs-cc-inline-feature-content ccs-cc-inline-feature-description\">\n<h3><b>Fiable<\/b><\/h3>\n<p>Con un tiempo medio entre fallos (MTBF por sus siglas en ingl\u00e9s) de 360 000 horas y una duraci\u00f3n del mecanismo de 15 millones de l\u00edneas, la TM-T20III ofrece fiabilidad en actividades que exigen grandes vol\u00famenes de impresi\u00f3n.<\/p><\/div>\n<\/div>\n<\/div>\n<div class=\"ccs-cc-inline-features-block ccs-cc-inline-single-feature\">\n<div class=\"ccs-cc-inline-feature\" data-type=\"text\">\n<div class=\"ccs-cc-inline-feature-content ccs-cc-inline-feature-description\">\n<h3><b>Flexible<\/b><\/h3>\n<p>La TM-T20III cuenta con una interfaz USB incorporada. Hay dos modelos entre los que elegir: Uno es el de USB + conexi\u00f3n serie, y el otro es el de Ethernet, lo que convierte este modelo en una inversi\u00f3n duradera a largo plazo, ya que se puede cambiar de opci\u00f3n de conectividad en cualquier momento.<\/p><\/div>\n<\/div>\n<\/div>\n<div class=\"ccs-cc-inline-features-block ccs-cc-inline-single-feature\">\n<div class=\"ccs-cc-inline-feature\" data-type=\"text\">\n<div class=\"ccs-cc-inline-feature-content ccs-cc-inline-feature-description\">\n<h3><b>R\u00e1pida<\/b><\/h3>\n<p>Gracias a una velocidad de impresi\u00f3n de 250 mm\/s, ahorrar\u00e1s tiempo. Es la opci\u00f3n ideal para que las colas dejen de ser un problema. Adem\u00e1s, el ahorro es tambi\u00e9n monetario ya que cuenta con un precio y unos costes de mantenimiento competitivos.<\/p><\/div>\n<\/div>\n<\/div>\n<\/div>\n<\/div>\n<div class=\"bold margin-bottom-sm\">Descripci\u00f3n de la Alimentaci\u00f3n<\/div>\n<table class=\"table font-12\">\n<tbody>\n<tr>\n<td class=\"color_bg_light_gray width-50pct table-bordered td\">Fuente de Corriente<\/td>\n<td class=\"width-50pct table-bordered td\">Suministro de corriente alterna<\/td>\n<\/tr>\n<\/tbody>\n<\/table>\n<div class=\"bold margin-bottom-sm\">Memoria<\/div>\n<table class=\"table font-12\">\n<tbody>\n<tr>\n<td class=\"color_bg_light_gray width-50pct table-bordered td\">Memoria Est\u00e1ndar<\/td>\n<td class=\"width-50pct table-bordered td\">4 KB<\/td>\n<\/tr>\n<\/tbody>\n<\/table>\n<div class=\"bold margin-bottom-sm\">Condiciones Ambientales<\/div>\n<table class=\"table font-12\">\n<tbody>\n<tr>\n<td class=\"color_bg_light_gray width-50pct table-bordered td\">Humedad relativa de funcionamiento (H-H)<\/td>\n<td class=\"width-50pct table-bordered td\">10% &#8211; 90%<\/td>\n<\/tr>\n<tr>\n<td class=\"color_bg_light_gray width-50pct table-bordered td\">Temperatura de funcionamiento (T-T)<\/td>\n<td class=\"width-50pct table-bordered td\">5 \u00b0C &#8211; 45 \u00b0C<\/td>\n<\/tr>\n<\/tbody>\n<\/table>\n<div class=\"bold margin-bottom-sm\">Cortadores<\/div>\n<table class=\"table font-12\">\n<tbody>\n<tr>\n<td class=\"color_bg_light_gray width-50pct table-bordered td\">Vida \u00fatil de la cuchilla<\/td>\n<td class=\"width-50pct table-bordered td\">1500000 Cuts<\/td>\n<\/tr>\n<tr>\n<td class=\"color_bg_light_gray width-50pct table-bordered td\">Tipo de corte<\/td>\n<td class=\"width-50pct table-bordered td\">Corte parcial<\/td>\n<\/tr>\n<\/tbody>\n<\/table>\n<div class=\"bold margin-bottom-sm\">Interfaces\/Puertos<\/div>\n<table class=\"table font-12\">\n<tbody>\n<tr>\n<td class=\"color_bg_light_gray width-50pct table-bordered td\">USB<\/td>\n<td class=\"width-50pct table-bordered td\">S\u00ed<\/td>\n<\/tr>\n<tr>\n<td class=\"color_bg_light_gray width-50pct table-bordered td\">Puerto Serial<\/td>\n<td class=\"width-50pct table-bordered td\">S\u00ed<\/td>\n<\/tr>\n<\/tbody>\n<\/table>\n<div class=\"bold margin-bottom-sm\">Tipo de Formato y Manejo<\/div>\n<table class=\"table font-12\">\n<tbody>\n<tr>\n<td class=\"color_bg_light_gray width-50pct table-bordered td\">Di\u00e1metro de Rollo M\u00e1ximo<\/td>\n<td class=\"width-50pct table-bordered td\">83 mm<\/td>\n<\/tr>\n<tr>\n<td class=\"color_bg_light_gray width-50pct table-bordered td\" rowspan=\"2\">Tipo de Medio<\/td>\n<td class=\"width-50pct table-bordered td\">Rollo de papel<\/td>\n<\/tr>\n<tr>\n<td class=\"width-50pct table-bordered td\">Recibo<\/td>\n<\/tr>\n<tr>\n<td class=\"color_bg_light_gray width-50pct table-bordered td\">Anchura m\u00e1xima de etiqueta<\/td>\n<td class=\"width-50pct table-bordered td\">80 mm<\/td>\n<\/tr>\n<\/tbody>\n<\/table>\n<div class=\"bold margin-bottom-sm\">Informaci\u00f3n T\u00e9cnica<\/div>\n<table class=\"table font-12\">\n<tbody>\n<tr>\n<td class=\"color_bg_light_gray width-50pct table-bordered td\">Aplicaci\u00f3n\/Uso<\/td>\n<td class=\"width-50pct table-bordered td\">De Escritorio<\/td>\n<\/tr>\n<tr>\n<td class=\"color_bg_light_gray width-50pct table-bordered td\">Uso recomendado<\/td>\n<td class=\"width-50pct table-bordered td\">Impresi\u00f3n de recibos<\/td>\n<\/tr>\n<tr>\n<td class=\"color_bg_light_gray width-50pct table-bordered td\">Tecnolog\u00eda de conectividad<\/td>\n<td class=\"width-50pct table-bordered td\">Cableado<\/td>\n<\/tr>\n<tr>\n<td class=\"color_bg_light_gray width-50pct table-bordered td\">Caracter\u00edsticas<\/td>\n<td class=\"width-50pct table-bordered td\">Corte Autom\u00e1tico<\/td>\n<\/tr>\n<tr>\n<td class=\"color_bg_light_gray width-50pct table-bordered td\">Consumo de energ\u00eda<\/td>\n<td class=\"width-50pct table-bordered td\">100 mA<\/td>\n<\/tr>\n<tr>\n<td class=\"color_bg_light_gray width-50pct table-bordered td\">Resoluci\u00f3n m\u00e1xima de Impresi\u00f3n<\/td>\n<td class=\"width-50pct table-bordered td\">203 x 203 dpi<\/td>\n<\/tr>\n<tr>\n<td class=\"color_bg_light_gray width-50pct table-bordered td\">Velocidad M\u00e1xima de Impresi\u00f3n Mono<\/td>\n<td class=\"width-50pct table-bordered td\">250 mm\/s<\/td>\n<\/tr>\n<tr>\n<td class=\"color_bg_light_gray width-50pct table-bordered td\">Instalaci\u00f3n<\/td>\n<td class=\"width-50pct table-bordered td\">Horizontal<\/td>\n<\/tr>\n<tr>\n<td class=\"color_bg_light_gray width-50pct table-bordered td\">Capacidad de impresi\u00f3n a color<\/td>\n<td class=\"width-50pct table-bordered td\">Monocromo<\/td>\n<\/tr>\n<tr>\n<td class=\"color_bg_light_gray width-50pct table-bordered td\">Tiempo medio entre fallos (MTBF)<\/td>\n<td class=\"width-50pct table-bordered td\">41,1 A\u00f1o(s)<\/td>\n<\/tr>\n<tr>\n<td class=\"color_bg_light_gray width-50pct table-bordered td\">Media de ciclos entre fallos (MCBF)<\/td>\n<td class=\"width-50pct table-bordered td\">60000000<\/td>\n<\/tr>\n<tr>\n<td class=\"color_bg_light_gray width-50pct table-bordered td\">Color de impresi\u00f3n<\/td>\n<td class=\"width-50pct table-bordered td\">Negro<\/td>\n<\/tr>\n<\/tbody>\n<\/table>\n<div class=\"bold margin-bottom-sm\">Varios<\/div>\n<table class=\"table font-12\">\n<tbody>\n<tr>\n<td class=\"color_bg_light_gray width-50pct table-bordered td\">Plataforma Compatible<\/td>\n<td class=\"width-50pct table-bordered td\">PC<\/td>\n<\/tr>\n<tr>\n<td class=\"color_bg_light_gray width-50pct table-bordered td\">Pa\u00eds de Origen<\/td>\n<td class=\"width-50pct table-bordered td\">Filipinas<\/td>\n<\/tr>\n<tr>\n<td class=\"color_bg_light_gray width-50pct table-bordered td\">Nivel de ruido<\/td>\n<td class=\"width-50pct table-bordered td\">55 dB<\/td>\n<\/tr>\n<tr>\n<td class=\"color_bg_light_gray width-50pct table-bordered td\">Ubicaci\u00f3n de cable de alimentaci\u00f3n<\/td>\n<td class=\"width-50pct table-bordered td\">EU<\/td>\n<\/tr>\n<\/tbody>\n<\/table>\n<div class=\"bold margin-bottom-sm\">Caracter\u00edsticas F\u00edsicas<\/div>\n<table class=\"table font-12\">\n<tbody>\n<tr>\n<td class=\"color_bg_light_gray width-50pct table-bordered td\">Peso (Aproximado)<\/td>\n<td class=\"width-50pct table-bordered td\">1,70 kg<\/td>\n<\/tr>\n<tr>\n<td class=\"color_bg_light_gray width-50pct table-bordered td\">Color<\/td>\n<td class=\"width-50pct table-bordered td\">Negro<\/td>\n<\/tr>\n<tr>\n<td class=\"color_bg_light_gray width-50pct table-bordered td\">Formato<\/td>\n<td class=\"width-50pct table-bordered td\">Soporte de Pared<\/td>\n<\/tr>\n<tr>\n<td class=\"color_bg_light_gray width-50pct table-bordered td\">Altura<\/td>\n<td class=\"width-50pct table-bordered td\">146 mm<\/td>\n<\/tr>\n<tr>\n<td class=\"color_bg_light_gray width-50pct table-bordered td\">Anchura<\/td>\n<td class=\"width-50pct table-bordered td\">140 mm<\/td>\n<\/tr>\n<tr>\n<td class=\"color_bg_light_gray width-50pct table-bordered td\">Profundidad<\/td>\n<td class=\"width-50pct table-bordered td\">199 mm<\/td>\n<\/tr>\n<\/tbody>\n<\/table>\n<div class=\"bold margin-bottom-sm\">Informaci\u00f3n General<\/div>\n<table class=\"table font-12\">\n<tbody>\n<tr>\n<td class=\"color_bg_light_gray width-50pct table-bordered td\">Tipo de Producto<\/td>\n<td class=\"width-50pct table-bordered td\">Impresora t\u00e9rmica directa<\/td>\n<\/tr>\n<tr>\n<td class=\"color_bg_light_gray width-50pct table-bordered td\">C\u00f3digo de Fabricante<\/td>\n<td class=\"width-50pct table-bordered td\">C31CH51011<\/td>\n<\/tr>\n<tr>\n<td class=\"color_bg_light_gray width-50pct table-bordered td\">Direcci\u00f3n Web de Fabricante<\/td>\n<td class=\"width-50pct table-bordered td\"><a href=\"http:\/\/www.epson.es\/\" target=\"_blank\" rel=\"noopener\">http:\/\/www.epson.es<\/a><\/td>\n<\/tr>\n<tr>\n<td class=\"color_bg_light_gray width-50pct table-bordered td\">Fabricante<\/td>\n<td class=\"width-50pct table-bordered td\">Epson Corporation<\/td>\n<\/tr>\n<tr>\n<td class=\"color_bg_light_gray width-50pct table-bordered td\">Modelo de Producto<\/td>\n<td class=\"width-50pct table-bordered td\">TM-T20III<\/td>\n<\/tr>\n<tr>\n<td class=\"color_bg_light_gray width-50pct table-bordered td\">Nombre de Producto<\/td>\n<td class=\"width-50pct table-bordered td\">Impresora t\u00e9rmica directa POS<\/td>\n<\/tr>\n<tr>\n<td class=\"color_bg_light_gray width-50pct table-bordered td\">Gama de Producto<\/td>\n<td class=\"width-50pct table-bordered td\">TM-T20<\/td>\n<\/tr>\n<tr>\n<td class=\"color_bg_light_gray width-50pct table-bordered td\">Nombre de Marca<\/td>\n<td class=\"width-50pct table-bordered td\">Epson<\/td>\n<\/tr>\n<\/tbody>\n<\/table>\n<p>&nbsp;<\/p>\n","protected":false},"excerpt":{"rendered":"<p>\u00a0Impresora t\u00e9rmica directa Epson TM-T20III\u00a0 Impresora t\u00e9rmica directa Epson TM-T20III &#8211; Monocromo &#8211; 203 x 203 dpi Impresora t\u00e9rmica de recibos fiable y con un bajo coste de mantenimiento, que hace m\u00e1s rentable tu negocio. Epson TM-T20III (011): USB + Serial, PS, Blk, EU Esta impresora de recibos t\u00e9rmica POS de gama b\u00e1sica es una [&hellip;]<\/p>\n","protected":false},"featured_media":276,"comment_status":"open","ping_status":"closed","template":"","meta":[],"product_brand":[],"product_cat":[87],"product_tag":[127,125,126,84,123,88,37],"class_list":{"0":"post-277","1":"product","2":"type-product","3":"status-publish","4":"has-post-thumbnail","6":"product_cat-impresoras-tiques-tpv","7":"product_tag-epson","8":"product_tag-impresoras","9":"product_tag-ordenador","10":"product_tag-termica","11":"product_tag-tickets","12":"product_tag-tiques","13":"product_tag-tpv","15":"first","16":"instock","17":"taxable","18":"shipping-taxable","19":"product-type-simple"},"aioseo_notices":[],"jetpack_sharing_enabled":true,"jetpack_likes_enabled":true,"_links":{"self":[{"href":"https:\/\/comercialmario.hol.es\/index.php\/wp-json\/wp\/v2\/product\/277","targetHints":{"allow":["GET"]}}],"collection":[{"href":"https:\/\/comercialmario.hol.es\/index.php\/wp-json\/wp\/v2\/product"}],"about":[{"href":"https:\/\/comercialmario.hol.es\/index.php\/wp-json\/wp\/v2\/types\/product"}],"replies":[{"embeddable":true,"href":"https:\/\/comercialmario.hol.es\/index.php\/wp-json\/wp\/v2\/comments?post=277"}],"wp:featuredmedia":[{"embeddable":true,"href":"https:\/\/comercialmario.hol.es\/index.php\/wp-json\/wp\/v2\/media\/276"}],"wp:attachment":[{"href":"https:\/\/comercialmario.hol.es\/index.php\/wp-json\/wp\/v2\/media?parent=277"}],"wp:term":[{"taxonomy":"product_brand","embeddable":true,"href":"https:\/\/comercialmario.hol.es\/index.php\/wp-json\/wp\/v2\/product_brand?post=277"},{"taxonomy":"product_cat","embeddable":true,"href":"https:\/\/comercialmario.hol.es\/index.php\/wp-json\/wp\/v2\/product_cat?post=277"},{"taxonomy":"product_tag","embeddable":true,"href":"https:\/\/comercialmario.hol.es\/index.php\/wp-json\/wp\/v2\/product_tag?post=277"}],"curies":[{"name":"wp","href":"https:\/\/api.w.org\/{rel}","templated":true}]}}