{"id":273,"date":"2023-02-08T20:17:56","date_gmt":"2023-02-08T19:17:56","guid":{"rendered":"https:\/\/comercialmario.hol.es\/?post_type=product&#038;p=273"},"modified":"2025-10-11T19:15:29","modified_gmt":"2025-10-11T17:15:29","slug":"impresora-termica-star-micronics-tsp143iiu","status":"publish","type":"product","link":"https:\/\/comercialmario.hol.es\/index.php\/product\/impresora-termica-star-micronics-tsp143iiu\/","title":{"rendered":"Impresora t\u00e9rmica Star Micronics TSP143IIU+"},"content":{"rendered":"<h4><strong>Impresora t\u00e9rmica directa Star Micronics TSP143IIU+ GRY UK &#8211; <\/strong><\/h4>\n<p>Monocromo &#8211; Gris &#8211; 203 dpi &#8211; 72 mm (2,83&#8243;) Ancho de Impresi\u00f3n<\/p>\n<div class=\"bold margin-bottom-sm\">Descripci\u00f3n de la Alimentaci\u00f3n<\/div>\n<table class=\"table font-12\">\n<tbody>\n<tr>\n<td class=\"color_bg_light_gray width-50pct table-bordered td\">Voltaje de Entrada<\/td>\n<td class=\"width-50pct table-bordered td\">24 V DC<\/td>\n<\/tr>\n<tr>\n<td class=\"color_bg_light_gray width-50pct table-bordered td\">Fuente de Corriente<\/td>\n<td class=\"width-50pct table-bordered td\">Adaptador de alimentaci\u00f3n<\/td>\n<\/tr>\n<\/tbody>\n<\/table>\n<div class=\"bold margin-bottom-sm\">Fuentes \/ Emulaci\u00f3n<\/div>\n<table class=\"table font-12\">\n<tbody>\n<tr>\n<td class=\"color_bg_light_gray width-50pct table-bordered td\" rowspan=\"2\">Lenguaje de Emulaci\u00f3n<\/td>\n<td class=\"width-50pct table-bordered td\">ESC\/POS<\/td>\n<\/tr>\n<tr>\n<td class=\"width-50pct table-bordered td\">ePOS<\/td>\n<\/tr>\n<\/tbody>\n<\/table>\n<div class=\"bold margin-bottom-sm\">Interfaces\/Puertos<\/div>\n<table class=\"table font-12\">\n<tbody>\n<tr>\n<td class=\"color_bg_light_gray width-50pct table-bordered td\">USB<\/td>\n<td class=\"width-50pct table-bordered td\">S\u00ed<\/td>\n<\/tr>\n<tr>\n<td class=\"color_bg_light_gray width-50pct table-bordered td\">Anfitri\u00f3n USB<\/td>\n<td class=\"width-50pct table-bordered td\">S\u00ed<\/td>\n<\/tr>\n<\/tbody>\n<\/table>\n<div class=\"bold margin-bottom-sm\">Varios<\/div>\n<table class=\"table font-12\">\n<tbody>\n<tr>\n<td class=\"color_bg_light_gray width-50pct table-bordered td\">Plataforma Compatible<\/td>\n<td class=\"width-50pct table-bordered td\">PC<\/td>\n<\/tr>\n<tr>\n<td class=\"color_bg_light_gray width-50pct table-bordered td\">Energy Star<\/td>\n<td class=\"width-50pct table-bordered td\">S\u00ed<\/td>\n<\/tr>\n<tr>\n<td class=\"color_bg_light_gray width-50pct table-bordered td\">Ubicaci\u00f3n de cable de alimentaci\u00f3n<\/td>\n<td class=\"width-50pct table-bordered td\">R.U.<\/td>\n<\/tr>\n<\/tbody>\n<\/table>\n<div class=\"bold margin-bottom-sm\">Tipo de Formato y Manejo<\/div>\n<table class=\"table font-12\">\n<tbody>\n<tr>\n<td class=\"color_bg_light_gray width-50pct table-bordered td\">Tipo de Medio<\/td>\n<td class=\"width-50pct table-bordered td\">Recibo<\/td>\n<\/tr>\n<tr>\n<td class=\"color_bg_light_gray width-50pct table-bordered td\" rowspan=\"2\">Sensor de Medios<\/td>\n<td class=\"width-50pct table-bordered td\">Sensor de tapa abierta<\/td>\n<\/tr>\n<tr>\n<td class=\"width-50pct table-bordered td\">F\u00edn del sensor de papel<\/td>\n<\/tr>\n<tr>\n<td class=\"color_bg_light_gray width-50pct table-bordered td\">Anchura m\u00e1xima de etiqueta<\/td>\n<td class=\"width-50pct table-bordered td\">80 mm<\/td>\n<\/tr>\n<\/tbody>\n<\/table>\n<div class=\"bold margin-bottom-sm\">Informaci\u00f3n General<\/div>\n<table class=\"table font-12\">\n<tbody>\n<tr>\n<td class=\"color_bg_light_gray width-50pct table-bordered td\">Tipo de Producto<\/td>\n<td class=\"width-50pct table-bordered td\">Impresora t\u00e9rmica directa<\/td>\n<\/tr>\n<tr>\n<td class=\"color_bg_light_gray width-50pct table-bordered td\">C\u00f3digo de Fabricante<\/td>\n<td class=\"width-50pct table-bordered td\">39472740<\/td>\n<\/tr>\n<tr>\n<td class=\"color_bg_light_gray width-50pct table-bordered td\">Direcci\u00f3n Web de Fabricante<\/td>\n<td class=\"width-50pct table-bordered td\"><a href=\"http:\/\/www.starmicronics.com\/\" target=\"_blank\" rel=\"noopener\">http:\/\/www.starmicronics.com<\/a><\/td>\n<\/tr>\n<tr>\n<td class=\"color_bg_light_gray width-50pct table-bordered td\">Fabricante<\/td>\n<td class=\"width-50pct table-bordered td\">Star Micronics, Inc<\/td>\n<\/tr>\n<tr>\n<td class=\"color_bg_light_gray width-50pct table-bordered td\">Modelo de Producto<\/td>\n<td class=\"width-50pct table-bordered td\">TSP143IIU+ GRY UK<\/td>\n<\/tr>\n<tr>\n<td class=\"color_bg_light_gray width-50pct table-bordered td\">Nombre de Producto<\/td>\n<td class=\"width-50pct table-bordered td\">Impresora t\u00e9rmica directa TSP143IIU+ USB<\/td>\n<\/tr>\n<tr>\n<td class=\"color_bg_light_gray width-50pct table-bordered td\">Gama de Producto<\/td>\n<td class=\"width-50pct table-bordered td\">TSP100<\/td>\n<\/tr>\n<tr>\n<td class=\"color_bg_light_gray width-50pct table-bordered td\">Nombre de Marca<\/td>\n<td class=\"width-50pct table-bordered td\">Star Micronics<\/td>\n<\/tr>\n<\/tbody>\n<\/table>\n<div class=\"bold margin-bottom-sm\">Caracter\u00edsticas F\u00edsicas<\/div>\n<table class=\"table font-12\">\n<tbody>\n<tr>\n<td class=\"color_bg_light_gray width-50pct table-bordered td\">Peso (Aproximado)<\/td>\n<td class=\"width-50pct table-bordered td\">1,76 kg<\/td>\n<\/tr>\n<tr>\n<td class=\"color_bg_light_gray width-50pct table-bordered td\">Color<\/td>\n<td class=\"width-50pct table-bordered td\">Gris<\/td>\n<\/tr>\n<tr>\n<td class=\"color_bg_light_gray width-50pct table-bordered td\">Altura<\/td>\n<td class=\"width-50pct table-bordered td\">132 mm<\/td>\n<\/tr>\n<tr>\n<td class=\"color_bg_light_gray width-50pct table-bordered td\">Anchura<\/td>\n<td class=\"width-50pct table-bordered td\">142 mm<\/td>\n<\/tr>\n<tr>\n<td class=\"color_bg_light_gray width-50pct table-bordered td\">Profundidad<\/td>\n<td class=\"width-50pct table-bordered td\">204 mm<\/td>\n<\/tr>\n<\/tbody>\n<\/table>\n<div class=\"bold margin-bottom-sm\">Cortadores<\/div>\n<table class=\"table font-12\">\n<tbody>\n<tr>\n<td class=\"color_bg_light_gray width-50pct table-bordered td\">M\u00e9todo de Corte<\/td>\n<td class=\"width-50pct table-bordered td\">Autom\u00e1tico<\/td>\n<\/tr>\n<tr>\n<td class=\"color_bg_light_gray width-50pct table-bordered td\">Cortadores<\/td>\n<td class=\"width-50pct table-bordered td\">S\u00ed<\/td>\n<\/tr>\n<tr>\n<td class=\"color_bg_light_gray width-50pct table-bordered td\">Tipo de cortador<\/td>\n<td class=\"width-50pct table-bordered td\">Guillotina<\/td>\n<\/tr>\n<tr>\n<td class=\"color_bg_light_gray width-50pct table-bordered td\">Vida \u00fatil de la cuchilla<\/td>\n<td class=\"width-50pct table-bordered td\">2000000 Cuts<\/td>\n<\/tr>\n<tr>\n<td class=\"color_bg_light_gray width-50pct table-bordered td\">Tipo de corte<\/td>\n<td class=\"width-50pct table-bordered td\">Corte parcial<\/td>\n<\/tr>\n<\/tbody>\n<\/table>\n<div class=\"bold margin-bottom-sm\">Informaci\u00f3n T\u00e9cnica<\/div>\n<table class=\"table font-12\">\n<tbody>\n<tr>\n<td class=\"color_bg_light_gray width-50pct table-bordered td\">Aplicaci\u00f3n\/Uso<\/td>\n<td class=\"width-50pct table-bordered td\">De Escritorio<\/td>\n<\/tr>\n<tr>\n<td class=\"color_bg_light_gray width-50pct table-bordered td\">Anchura m\u00e1xima de Impresi\u00f3n<\/td>\n<td class=\"width-50pct table-bordered td\">72 mm (2,83&#8243;)<\/td>\n<\/tr>\n<tr>\n<td class=\"color_bg_light_gray width-50pct table-bordered td\">Uso recomendado<\/td>\n<td class=\"width-50pct table-bordered td\">Impresi\u00f3n de recibos<\/td>\n<\/tr>\n<tr>\n<td class=\"color_bg_light_gray width-50pct table-bordered td\">Caracter\u00edsticas<\/td>\n<td class=\"width-50pct table-bordered td\">Corte Autom\u00e1tico<\/td>\n<\/tr>\n<tr>\n<td class=\"color_bg_light_gray width-50pct table-bordered td\">Consumo de energ\u00eda<\/td>\n<td class=\"width-50pct table-bordered td\">1,60 A<\/td>\n<\/tr>\n<tr>\n<td class=\"color_bg_light_gray width-50pct table-bordered td\">Resoluci\u00f3n m\u00e1xima de Impresi\u00f3n<\/td>\n<td class=\"width-50pct table-bordered td\">203 dpi<\/td>\n<\/tr>\n<tr>\n<td class=\"color_bg_light_gray width-50pct table-bordered td\">Velocidad M\u00e1xima de Impresi\u00f3n Mono<\/td>\n<td class=\"width-50pct table-bordered td\">200 mm\/s<\/td>\n<\/tr>\n<tr>\n<td class=\"color_bg_light_gray width-50pct table-bordered td\">Capacidad de impresi\u00f3n a color<\/td>\n<td class=\"width-50pct table-bordered td\">Monocromo<\/td>\n<\/tr>\n<\/tbody>\n<\/table>\n<p>Star&#8217;s successful TSP100 range is known worldwide for its reliable, high quality printing. With the new\u00a0<b>TSP143IIU+<\/b>\u00a0we&#8217;ve introduced for an affordable, easy-to-use USB model for the EMEA region with faster print speed and all the necessary features for modern EPOS. The TSP143IIU+ is incredibly simple to set up, comes with built in power supply and includes everything you need for set-up in the box: power cable, interface cable and wall mount kit.<\/p>\n<p>With 200mm\/second print speed, futurePRNT software and paper-saving features included, the TSP143IIU+ is also Energy Star certified &#8211; an economical choice for any retail or hospitality environment.<\/p>\n<p><b>FuturePRNT Software<\/b><\/p>\n<p><b>Star&#8217;s<\/b>\u00a0futurePRNT free-of-charge, value added software included with the TSP100 Series far exceeds installation tools normally provided, enabling users to install high volume, custom set-ups. Software tools include Receipt Re-Design Tool, Auto-Text Reversal\u2122, Coupon Marketing Tool, Journal and Multi-Copy Tool and also free of charge access to\u00a0<b>Star Cloud Services\u00a0<\/b>including Star&#8217;s\u00a0<b>Digital Receipt Service.<\/b><\/p>\n<p>The unique TSP100\u00a0<b>set-up utility<\/b>\u00a0reduces integration time to minutes even for multiple printers as it can simply mirror individual printer settings to multiple units in different locations, if required.<\/p>\n","protected":false},"excerpt":{"rendered":"<p>Impresora t\u00e9rmica directa Star Micronics TSP143IIU+ GRY UK &#8211; Monocromo &#8211; Gris &#8211; 203 dpi &#8211; 72 mm (2,83&#8243;) Ancho de Impresi\u00f3n Descripci\u00f3n de la Alimentaci\u00f3n Voltaje de Entrada 24 V DC Fuente de Corriente Adaptador de alimentaci\u00f3n Fuentes \/ Emulaci\u00f3n Lenguaje de Emulaci\u00f3n ESC\/POS ePOS Interfaces\/Puertos USB S\u00ed Anfitri\u00f3n USB S\u00ed Varios Plataforma Compatible [&hellip;]<\/p>\n","protected":false},"featured_media":274,"comment_status":"open","ping_status":"closed","template":"","meta":[],"product_brand":[],"product_cat":[87],"product_tag":[76,124,84,123,88,37],"class_list":{"0":"post-273","1":"product","2":"type-product","3":"status-publish","4":"has-post-thumbnail","6":"product_cat-impresoras-tiques-tpv","7":"product_tag-impresora","8":"product_tag-star","9":"product_tag-termica","10":"product_tag-tickets","11":"product_tag-tiques","12":"product_tag-tpv","14":"first","15":"instock","16":"taxable","17":"shipping-taxable","18":"product-type-simple"},"aioseo_notices":[],"jetpack_sharing_enabled":true,"jetpack_likes_enabled":true,"_links":{"self":[{"href":"https:\/\/comercialmario.hol.es\/index.php\/wp-json\/wp\/v2\/product\/273","targetHints":{"allow":["GET"]}}],"collection":[{"href":"https:\/\/comercialmario.hol.es\/index.php\/wp-json\/wp\/v2\/product"}],"about":[{"href":"https:\/\/comercialmario.hol.es\/index.php\/wp-json\/wp\/v2\/types\/product"}],"replies":[{"embeddable":true,"href":"https:\/\/comercialmario.hol.es\/index.php\/wp-json\/wp\/v2\/comments?post=273"}],"wp:featuredmedia":[{"embeddable":true,"href":"https:\/\/comercialmario.hol.es\/index.php\/wp-json\/wp\/v2\/media\/274"}],"wp:attachment":[{"href":"https:\/\/comercialmario.hol.es\/index.php\/wp-json\/wp\/v2\/media?parent=273"}],"wp:term":[{"taxonomy":"product_brand","embeddable":true,"href":"https:\/\/comercialmario.hol.es\/index.php\/wp-json\/wp\/v2\/product_brand?post=273"},{"taxonomy":"product_cat","embeddable":true,"href":"https:\/\/comercialmario.hol.es\/index.php\/wp-json\/wp\/v2\/product_cat?post=273"},{"taxonomy":"product_tag","embeddable":true,"href":"https:\/\/comercialmario.hol.es\/index.php\/wp-json\/wp\/v2\/product_tag?post=273"}],"curies":[{"name":"wp","href":"https:\/\/api.w.org\/{rel}","templated":true}]}}