{"id":262,"date":"2023-02-05T18:28:28","date_gmt":"2023-02-05T17:28:28","guid":{"rendered":"https:\/\/comercialmario.hol.es\/?post_type=product&#038;p=262"},"modified":"2023-02-05T18:28:30","modified_gmt":"2023-02-05T17:28:30","slug":"lector-codigo-de-barras-bluebee-escaner-scan-10-laser-1d-usb-con-soporte","status":"publish","type":"product","link":"https:\/\/comercialmario.hol.es\/index.php\/product\/lector-codigo-de-barras-bluebee-escaner-scan-10-laser-1d-usb-con-soporte\/","title":{"rendered":"Lector c\u00f3digo de barras BlueBee Escaner SCAN-10 L\u00e1ser 1D USB con soporte"},"content":{"rendered":"<h3 id=\"productName\">BlueBee &#8211; Lector c\u00f3digo de barras Escaner SCAN-10 L\u00e1ser 1D USB con soporte<\/h3>\n<table>\n<tbody>\n<tr>\n<td colspan=\"2\"><strong>Especificaciones<\/strong><\/td>\n<\/tr>\n<tr>\n<td>Tipo de escaneado<\/td>\n<td>1D<\/td>\n<\/tr>\n<tr>\n<td>Tipo<\/td>\n<td>Lector de c\u00f3digos de barras port\u00e1til<\/td>\n<\/tr>\n<tr>\n<td>C\u00f3digos de barras lineales (1D) soportadas<\/td>\n<td>Codabar,Code 128,Code 39,EAN-13,EAN-8,Inte ed 2 of 5,MSI,U.P.C.<\/td>\n<\/tr>\n<tr>\n<td>2D (matrices y apilados) c\u00f3digos de barras soportados<\/td>\n<td>No compatible<\/td>\n<\/tr>\n<tr>\n<td>Tipo de sensor<\/td>\n<td>Laser<\/td>\n<\/tr>\n<tr>\n<td>\u00c1ngulo de inclinaci\u00f3n de lectura<\/td>\n<td>\n<table class=\"table table-striped table-bordered tablacaract\">\n<tbody>\n<tr>\n<td>0 &#8211; 55\u00b0<\/td>\n<\/tr>\n<\/tbody>\n<\/table>\n<\/td>\n<\/tr>\n<tr>\n<td>\u00c1ngulo de lectura Yaw<\/td>\n<td>\n<table class=\"table table-striped table-bordered tablacaract\">\n<tbody>\n<tr>\n<td>0 &#8211; 65\u00b0<\/td>\n<\/tr>\n<\/tbody>\n<\/table>\n<\/td>\n<\/tr>\n<tr>\n<td>\u00c1ngulo de lectura<\/td>\n<td>0 &#8211; 30\u00b0<\/td>\n<\/tr>\n<tr>\n<td>Velocidad de lectura (m\u00e1ximo)<\/td>\n<td>300 lecturas\/s<\/td>\n<\/tr>\n<tr>\n<td>Anchura m\u00e1xima de escaneo<\/td>\n<td>65 cm<\/td>\n<\/tr>\n<tr>\n<td colspan=\"2\"><strong>Puertos e Interfaces<\/strong><\/td>\n<\/tr>\n<tr>\n<td>Interfaz est\u00e1ndar<\/td>\n<td>USB<\/td>\n<\/tr>\n<tr>\n<td>Longitud de cable<\/td>\n<td>2 m<\/td>\n<\/tr>\n<tr>\n<td>Tecnolog\u00eda de conectividad<\/td>\n<td>Al\u00e1mbrico<\/td>\n<\/tr>\n<tr>\n<td colspan=\"2\"><strong>Control de energ\u00eda\u00a0<\/strong><\/td>\n<\/tr>\n<tr>\n<td>Alimentaci\u00f3n<\/td>\n<td>CC<\/td>\n<\/tr>\n<tr>\n<td>Voltaje de entrada<\/td>\n<td>5 V<\/td>\n<\/tr>\n<tr>\n<td>Consumo de energ\u00eda<\/td>\n<td>85 mA<\/td>\n<\/tr>\n<tr>\n<td colspan=\"2\"><strong>Desempe\u00f1o<\/strong><\/td>\n<\/tr>\n<tr>\n<td>Color del producto<\/td>\n<td>Negro<\/td>\n<\/tr>\n<tr>\n<td>Vibrador<\/td>\n<td>Si<\/td>\n<\/tr>\n<tr>\n<td>Material de la carcasa<\/td>\n<td>Acrilonitrilo butadieno estireno (ABS), De pl\u00e1stico<\/td>\n<\/tr>\n<tr>\n<td colspan=\"2\"><strong>Peso y dimensiones<\/strong><\/td>\n<\/tr>\n<tr>\n<td>Peso<\/td>\n<td>205 g<\/td>\n<\/tr>\n<tr>\n<td>Altura<\/td>\n<td>172 mm<\/td>\n<\/tr>\n<tr>\n<td>Ancho<\/td>\n<td>83 mm<\/td>\n<\/tr>\n<tr>\n<td>Profundidad<\/td>\n<td>70 mm<\/td>\n<\/tr>\n<tr>\n<td colspan=\"2\"><strong>Condiciones ambientales<\/strong><\/td>\n<\/tr>\n<tr>\n<td>Intervalo de temperatura operativa<\/td>\n<td>-20 &#8211; 50 \u00b0C<\/td>\n<\/tr>\n<tr>\n<td>Intervalo de temperatura de almacenaje<\/td>\n<td>-40 &#8211; 70 \u00b0C<\/td>\n<\/tr>\n<tr>\n<td>Intervalo de humedad relativa para funcionamiento<\/td>\n<td>5 &#8211; 95%<\/td>\n<\/tr>\n<\/tbody>\n<\/table>\n<div data-test='contact-form'\n\t\t\tid='contact-form-262'\n\t\t\tclass='jetpack-contact-form-container '\n\t\t\tdata-wp-interactive='jetpack\/form' data-wp-context='{\"formId\":\"262\",\"formHash\":\"e740c390d06bd7d8737f26cf50afb8c752fd3f36\",\"showErrors\":false,\"errors\":[],\"fields\":[],\"isMultiStep\":false,\"useAjax\":true,\"submissionData\":null,\"formattedSubmissionData\":[],\"submissionSuccess\":false,\"submissionError\":null,\"elementId\":\"jp-form-e740c390d06bd7d8737f26cf50afb8c752fd3f36\",\"isSingleInputForm\":false,\"isForcedHorizontal\":false}'\n\t\t\tdata-wp-watch--scroll-to-wrapper=\"callbacks.scrollToWrapper\"\n\t\t>\n<div class=\"contact-form-submission contact-form-ajax-submission\" data-wp-bind--aria-hidden=\"state.isSuccessMessageAriaHidden\" data-wp-class--submission-success=\"context.submissionSuccess\" id=\"contact-form-success-e740c390d06bd7d8737f26cf50afb8c752fd3f36\" tabindex=\"-1\" aria-labelledby=\"contact-form-success-header-e740c390d06bd7d8737f26cf50afb8c752fd3f36\"><p class=\"go-back-message\"><a class=\"link\" role=\"button\" tabindex=\"0\" data-wp-on--click=\"actions.goBack\" href=\"\/index.php\/wp-json\/wp\/v2\/product\/262\">\u2190 Volver<\/a><\/p><h4 data-wp-bind--aria-hidden=\"state.isSuccessMessageAriaHidden\" id=\"contact-form-success-header-e740c390d06bd7d8737f26cf50afb8c752fd3f36\">Gracias por tu respuesta. \u2728<\/h4>\n\n<template data-wp-each--submission=\"context.formattedSubmissionData\">\n\t\t\t\t\t<div class=\"jetpack_forms_contact-form-success-summary\">\n\t\t\t\t\t\t<div class=\"field-name-wrapper\">\n\t\t\t\t\t\t\t<div class=\"field-type-icon\" data-wp-watch=\"callbacks.watchFieldTypeIcon\"><\/div>\n\t\t\t\t\t\t\t<div class=\"field-name\" data-wp-text=\"context.submission.label\" data-wp-bind--hidden=\"!context.submission.label\"><\/div>\n\t\t\t\t\t\t<\/div>\n\t\t\t\t\t\t<div class=\"field-value\" data-wp-text=\"context.submission.value\" data-wp-bind--hidden=\"!context.submission.showPlainValue\"><\/div>\n\t\t\t\t\t\t<a class=\"field-url\" data-wp-bind--href=\"context.submission.url\" data-wp-text=\"context.submission.value\" data-wp-bind--hidden=\"!context.submission.url\" target=\"_blank\" rel=\"noopener noreferrer\"><\/a>\n\t\t\t\t\t\t<div class=\"field-rating\" data-wp-bind--hidden=\"!context.submission.rating\" data-wp-watch=\"callbacks.watchRatingIcons\"><\/div>\n\t\t\t\t\t\t<div class=\"field-images\" data-wp-bind--hidden=\"!context.submission.images\">\n\t\t\t\t\t\t\t<template data-wp-each--image=\"context.submission.images\">\n\t\t\t\t\t\t\t\t<div class=\"field-image-option\" data-wp-class--is-empty=\"!context.image.src\">\n\t\t\t\t\t\t\t\t\t<figure class=\"field-image-option__image\" data-wp-class--is-empty=\"!context.image.src\">\n\t\t\t\t\t\t\t\t\t\t<img data-wp-bind--src=\"context.image.src\" data-wp-bind--hidden=\"!context.image.src\" \/>\n\t\t\t\t\t\t\t\t\t\t<img decoding=\"async\" src=\"data:image\/gif;base64,R0lGODlhAQABAAD\/ACwAAAAAAQABAAACADs=\" data-wp-bind--hidden=\"context.image.src\" \/>\n\t\t\t\t\t\t\t\t\t<\/figure>\n\t\t\t\t\t\t\t\t\t<div class=\"field-image-option__label-wrapper\">\n\t\t\t\t\t\t\t\t\t\t<span class=\"field-image-option__label-code\" data-wp-text=\"context.image.letterCode\"><\/span>\n\t\t\t\t\t\t\t\t\t\t<span class=\"field-image-option__label\" data-wp-text=\"context.image.label\" data-wp-bind--hidden=\"!context.image.label\"><\/span>\n\t\t\t\t\t\t\t\t\t<\/div>\n\t\t\t\t\t\t\t\t<\/div>\n\t\t\t\t\t\t\t<\/template>\n\t\t\t\t\t\t<\/div>\n\t\t\t\t\t\t<div class=\"field-files\" data-wp-bind--hidden=\"!context.submission.files\">\n\t\t\t\t\t\t\t<template data-wp-each--file=\"context.submission.files\">\n\t\t\t\t\t\t\t\t<div class=\"field-file\">\n\t\t\t\t\t\t\t\t\t<div class=\"field-file__thumbnail\" data-wp-style--background-image=\"context.file.previewUrl\" data-wp-style--mask-image=\"context.file.iconUrl\" data-wp-bind--hidden=\"!context.file.hasPreview\"><\/div>\n\t\t\t\t\t\t\t\t\t<svg class=\"field-file__icon\" data-wp-bind--hidden=\"context.file.hasPreview\" width=\"20\" height=\"20\" viewBox=\"0 0 24 24\" fill=\"none\" xmlns=\"http:\/\/www.w3.org\/2000\/svg\" aria-hidden=\"true\">\n\t\t\t\t\t\t\t\t\t\t<path d=\"M14 2H6C4.9 2 4 2.9 4 4V20C4 21.1 4.89 22 5.99 22H18C19.1 22 20 21.1 20 20V8L14 2ZM18 20H6V4H13V9H18V20Z\" fill=\"currentColor\"\/>\n\t\t\t\t\t\t\t\t\t<\/svg>\n\t\t\t\t\t\t\t\t\t<span class=\"field-file__name\" data-wp-text=\"context.file.name\"><\/span>\n\t\t\t\t\t\t\t\t\t<span class=\"field-file__size\" data-wp-text=\"context.file.size\"><\/span>\n\t\t\t\t\t\t\t\t<\/div>\n\t\t\t\t\t\t\t<\/template>\n\t\t\t\t\t\t<\/div>\n\t\t\t\t\t<\/div>\n\t\t\t\t<\/template><\/div><form action='https:\/\/comercialmario.hol.es\/index.php\/product\/lector-codigo-de-barras-bluebee-escaner-scan-10-laser-1d-usb-con-soporte\/'\n\t\t\t\tid='jp-form-e740c390d06bd7d8737f26cf50afb8c752fd3f36'\n\t\t\t\tmethod='post'\n\t\t\t\tclass='contact-form commentsblock jetpack-contact-form__form has-no-jetpack-form-layout' aria-label=\"Lector c\u00f3digo de barras BlueBee Escaner SCAN-10 L\u00e1ser 1D USB con soporte\"\n\t\t\t\tdata-wp-on--submit=\"actions.onFormSubmit\"\n\t\t\t\tdata-wp-on--reset=\"actions.onFormReset\"\n\t\t\t\tdata-wp-class--submission-success=\"context.submissionSuccess\"\n\t\t\t\tdata-wp-class--is-first-step=\"state.isFirstStep\"\n\t\t\t\tdata-wp-class--is-last-step=\"state.isLastStep\"\n\t\t\t\tdata-wp-class--is-ajax-form=\"context.useAjax\"\n\t\t\t\tnovalidate >\n<input type='hidden' name='jetpack_contact_form_jwt' value='eyJ0eXAiOiJKV1QiLCJhbGciOiJIUzI1NiJ9.eyJlbmNyeXB0ZWRfYXR0cmlidXRlcyI6ImwxcDEwaWNhbjhoeXlrZ2kyRG90OWY3QUl2VFVzaHFDUjN1QmpYWVpKWjNkRlhDTEExMU9ncndVWHdvRzgxS0ZXODVlbTcyMm9jTlB5U3VPaUJHamNYblk4b3BFb0ZwSkhFaGlpWEpHT0wxczVudDM1bkh2NURiUkFwSkRKMFdzOVdwSVpmaVFtNS9RZGxFU2dHQ0MyekUwQ0tFNE9JZVkzNzdoUFBOS011SU9PUk0zTmtoWDA1MENDcUYwZmkwWTNTUUhiQXduc3Q2NFFmemI5ZlBPZTJuVzlVN3UrVUEvSlJHY1lQUDBsKzdMNDdick5oZmltc2NnSlpwY0FXeWQ4VTZBTVU3VWVidFBWK1hzUVFWTG1xTm1KaC9YcTZsWis2bVhGL2gxb3hSMTRBdi9oZEM1dDBmQWpqbzd3Y0tBNTY2OTM2cC9yQjhYMDd3OVBkZXZSSzNvemc1bGRMZG9VQzY1ZkZpQmJNaUtWdmhXYytlQmxpNEpmMTlCSldtT2V4MjQ5ZXpmUWp0dWJTTjdqQWJnQ3RqbGlLaFFEWWZaTjNsT2NsN3VxdElybGtpV21mZjczbFl2K1ErdHBmTGlETkFGZVpCVGlrK0psL0lLT29DamVJT0NNUVVCWE01L1JxQ0VZTjBtM0hLSElmMnVzOGQrVmhXZGRSOXJMRXd3RkZ3UlhaWStYcFROOEJIZmxxNUV4MjJzU2hIOFJZZDlESGhiOEc2YjczNmVMTC94d0dOQ0NPSzhRQkpzK3ZWdGhCajNiMUFuWHVDeDJGTDh2QkcxQXdIVGhLQ0JPbktXdTdFQ3lTeDZ2UGtjb0V3WXFWdGhqbGNFMWhzcUVhK1U3VjVMdkcxVWk0Vno5bDdEK3dWVVcwU3BaQ0hSZEVoVTB3NEkzczM1WjN6eHNQcGRsc01EWFBHNEtRUnJmOVVMOVZKeGtyb3NKUURla1BLcG1Oc0tvdGhHalJaaEp0VVg1L3J1b2lYQWwyR21meHh6ZTMrWVAxTSt0bnpJR2M1cDZUbjJhSm5sTEd0aHh1WFJJbDdLOWpEMHhISW1heE9FK2xJRmY3SVQ4M0ZEL0JSYjFJbzlKOXJXbHhodjRpR2txa29JMWtrdGdzR1pMNzJScU4wbDdEVnFSSzU4Wk1temFVUGYwcmlNajVqT2xxMTUwTU1naFNhQkthSnhlQVdTL3NJeDJaMHpKcWR1by9XNldrNU92UGo4TEhIazNvclRZTnBLNXN2ZVhoQVlJNDlhY0RNbTE5bHVEcnU0c0tSUktuVENMS0lPUWhCZ1FmNnlDV20yQUc5UmRNQUduZHlUUXFvPSIsImNvbnRlbnQiOiJbY29udGFjdC1maWVsZCBsYWJlbD1cIk5vbWJyZVwiIHR5cGU9XCJuYW1lXCIgIHJlcXVpcmVkPVwidHJ1ZVwiIC9dW2NvbnRhY3QtZmllbGQgbGFiZWw9XCJDb3JyZW8gZWxlY3RyXHUwMGYzbmljb1wiIHR5cGU9XCJlbWFpbFwiIHJlcXVpcmVkPVwidHJ1ZVwiIC9dW2NvbnRhY3QtZmllbGQgbGFiZWw9XCJXZWJcIiB0eXBlPVwidXJsXCIgL11bY29udGFjdC1maWVsZCBsYWJlbD1cIk1lbnNhamVcIiB0eXBlPVwidGV4dGFyZWFcIiAvXSIsImhhc2giOiJlNzQwYzM5MGQwNmJkN2Q4NzM3ZjI2Y2Y1MGFmYjhjNzUyZmQzZjM2Iiwic291cmNlIjp7ImVudHJ5X3RpdGxlIjoiTGVjdG9yIGNcdTAwZjNkaWdvIGRlIGJhcnJhcyBCbHVlQmVlIEVzY2FuZXIgU0NBTi0xMCBMXHUwMGUxc2VyIDFEIFVTQiBjb24gc29wb3J0ZSIsImVudHJ5X3BhZ2UiOjEsInNvdXJjZV9pZCI6MjYyLCJzb3VyY2VfdHlwZSI6InNpbmdsZSIsInJlcXVlc3RfdXJsIjoiaHR0cHM6Ly9jb21lcmNpYWxtYXJpby5ob2wuZXMvd3AtanNvbi93cC92Mi9wcm9kdWN0LzI2MiJ9LCJ2ZXJzaW9uIjoyLCJjaXBoZXIiOiJhZXMtMjU2LWdjbSJ9.xLRXePqiOcipsDjZb5aMJ2x8HfBowKXKolPa5nObF_U' \/>\n\n<div style=\"\"  data-wp-interactive=\"jetpack\/form\" data-wp-context='{\"fieldId\":\"g262-nombre\",\"fieldType\":\"name\",\"fieldLabel\":\"Nombre\",\"fieldValue\":\"\",\"fieldPlaceholder\":\"\",\"fieldIsRequired\":\"1\",\"fieldErrorMessage\":\"\",\"fieldExtra\":[],\"formHash\":\"e740c390d06bd7d8737f26cf50afb8c752fd3f36\"}'  class='grunion-field-name-wrap grunion-field-wrap'  data-wp-init='callbacks.initializeField' data-wp-on--jetpack-form-reset='callbacks.initializeField' >\n<label\n\t\t\t\tfor='g262-nombre' class=\"grunion-field-label name\" >Nombre<span class=\"grunion-label-required\" aria-hidden=\"true\">(obligatorio)<\/span><\/label>\n<input\n\t\t\t\t\ttype='text'\n\t\t\t\t\tname='g262-nombre'\n\t\t\t\t\tid='g262-nombre'\n\t\t\t\t\tvalue=''\n\n\t\t\t\t\tdata-wp-bind--aria-invalid='state.fieldAriaInvalid'\n\t\t\t\t\tdata-wp-bind--value='state.getFieldValue'\n\t\t\t\t\taria-describedby='g262-nombre-text-error-message'\n\t\t\t\t\tdata-wp-on--input='actions.onFieldChange'\n\t\t\t\t\tdata-wp-on--blur='actions.onFieldBlur'\n\t\t\t\t\tdata-wp-class--has-value='state.hasFieldValue'\n\n\t\t\t\t\tclass='name  grunion-field' \n\t\t\t\t\trequired='true' aria-required='true'  \/>\n \n\t\t\t<div id=\"g262-nombre-text-error\" class=\"contact-form__input-error\" data-wp-class--has-errors=\"state.fieldHasErrors\">\n\t\t\t\t<span class=\"contact-form__warning-icon\" aria-hidden=\"true\">\n\t\t\t\t\t<svg width=\"16\" height=\"16\" viewBox=\"0 0 16 16\" fill=\"none\" xmlns=\"http:\/\/www.w3.org\/2000\/svg\">\n\t\t\t\t\t\t<path d=\"M8.50015 11.6402H7.50015V10.6402H8.50015V11.6402Z\" \/>\n\t\t\t\t\t\t<path d=\"M7.50015 9.64018H8.50015V6.30684H7.50015V9.64018Z\" \/>\n\t\t\t\t\t\t<path fill-rule=\"evenodd\" clip-rule=\"evenodd\" d=\"M6.98331 3.0947C7.42933 2.30177 8.57096 2.30177 9.01698 3.09469L13.8771 11.7349C14.3145 12.5126 13.7525 13.4735 12.8602 13.4735H3.14004C2.24774 13.4735 1.68575 12.5126 2.12321 11.7349L6.98331 3.0947ZM8.14541 3.58496C8.08169 3.47168 7.9186 3.47168 7.85488 3.58496L2.99478 12.2251C2.93229 12.3362 3.01257 12.4735 3.14004 12.4735H12.8602C12.9877 12.4735 13.068 12.3362 13.0055 12.2251L8.14541 3.58496Z\" \/>\n\t\t\t\t\t<\/svg>\n\t\t\t\t<\/span>\n\t\t\t\t<span data-wp-text=\"state.errorMessage\" id=\"g262-nombre-text-error-message\"><\/span>\n\t\t\t<\/div> \n\t<\/div>\n\n<div style=\"\"  data-wp-interactive=\"jetpack\/form\" data-wp-context='{\"fieldId\":\"g262-correoelectrnico\",\"fieldType\":\"email\",\"fieldLabel\":\"Correo electr\\u00f3nico\",\"fieldValue\":\"\",\"fieldPlaceholder\":\"\",\"fieldIsRequired\":\"1\",\"fieldErrorMessage\":\"\",\"fieldExtra\":[],\"formHash\":\"e740c390d06bd7d8737f26cf50afb8c752fd3f36\"}'  class='grunion-field-email-wrap grunion-field-wrap'  data-wp-init='callbacks.initializeField' data-wp-on--jetpack-form-reset='callbacks.initializeField' >\n<label\n\t\t\t\tfor='g262-correoelectrnico' class=\"grunion-field-label email\" >Correo electr\u00f3nico<span class=\"grunion-label-required\" aria-hidden=\"true\">(obligatorio)<\/span><\/label>\n<input\n\t\t\t\t\ttype='email'\n\t\t\t\t\tname='g262-correoelectrnico'\n\t\t\t\t\tid='g262-correoelectrnico'\n\t\t\t\t\tvalue=''\n\n\t\t\t\t\tdata-wp-bind--aria-invalid='state.fieldAriaInvalid'\n\t\t\t\t\tdata-wp-bind--value='state.getFieldValue'\n\t\t\t\t\taria-describedby='g262-correoelectrnico-email-error-message'\n\t\t\t\t\tdata-wp-on--input='actions.onFieldChange'\n\t\t\t\t\tdata-wp-on--blur='actions.onFieldBlur'\n\t\t\t\t\tdata-wp-class--has-value='state.hasFieldValue'\n\n\t\t\t\t\tclass='email  grunion-field' \n\t\t\t\t\trequired='true' aria-required='true'  \/>\n \n\t\t\t<div id=\"g262-correoelectrnico-email-error\" class=\"contact-form__input-error\" data-wp-class--has-errors=\"state.fieldHasErrors\">\n\t\t\t\t<span class=\"contact-form__warning-icon\" aria-hidden=\"true\">\n\t\t\t\t\t<svg width=\"16\" height=\"16\" viewBox=\"0 0 16 16\" fill=\"none\" xmlns=\"http:\/\/www.w3.org\/2000\/svg\">\n\t\t\t\t\t\t<path d=\"M8.50015 11.6402H7.50015V10.6402H8.50015V11.6402Z\" \/>\n\t\t\t\t\t\t<path d=\"M7.50015 9.64018H8.50015V6.30684H7.50015V9.64018Z\" \/>\n\t\t\t\t\t\t<path fill-rule=\"evenodd\" clip-rule=\"evenodd\" d=\"M6.98331 3.0947C7.42933 2.30177 8.57096 2.30177 9.01698 3.09469L13.8771 11.7349C14.3145 12.5126 13.7525 13.4735 12.8602 13.4735H3.14004C2.24774 13.4735 1.68575 12.5126 2.12321 11.7349L6.98331 3.0947ZM8.14541 3.58496C8.08169 3.47168 7.9186 3.47168 7.85488 3.58496L2.99478 12.2251C2.93229 12.3362 3.01257 12.4735 3.14004 12.4735H12.8602C12.9877 12.4735 13.068 12.3362 13.0055 12.2251L8.14541 3.58496Z\" \/>\n\t\t\t\t\t<\/svg>\n\t\t\t\t<\/span>\n\t\t\t\t<span data-wp-text=\"state.errorMessage\" id=\"g262-correoelectrnico-email-error-message\"><\/span>\n\t\t\t<\/div> \n\t<\/div>\n\n<div style=\"\"  data-wp-interactive=\"jetpack\/form\" data-wp-context='{\"fieldId\":\"g262-web\",\"fieldType\":\"url\",\"fieldLabel\":\"Web\",\"fieldValue\":\"\",\"fieldPlaceholder\":\"\",\"fieldIsRequired\":\"\",\"fieldErrorMessage\":\"\",\"fieldExtra\":[],\"formHash\":\"e740c390d06bd7d8737f26cf50afb8c752fd3f36\"}'  class='grunion-field-url-wrap grunion-field-wrap'  data-wp-init='callbacks.initializeField' data-wp-on--jetpack-form-reset='callbacks.initializeField' >\n<label\n\t\t\t\tfor='g262-web' class=\"grunion-field-label url\" >Web<\/label>\n<input\n\t\t\t\t\ttype='text'\n\t\t\t\t\tname='g262-web'\n\t\t\t\t\tid='g262-web'\n\t\t\t\t\tvalue=''\n\n\t\t\t\t\tdata-wp-bind--aria-invalid='state.fieldAriaInvalid'\n\t\t\t\t\tdata-wp-bind--value='state.getFieldValue'\n\t\t\t\t\taria-describedby='g262-web-text-error-message'\n\t\t\t\t\tdata-wp-on--input='actions.onFieldChange'\n\t\t\t\t\tdata-wp-on--blur='actions.onFieldBlur'\n\t\t\t\t\tdata-wp-class--has-value='state.hasFieldValue'\n\n\t\t\t\t\tclass='url  grunion-field' \n\t\t\t\t\t \/>\n \n\t\t\t<div id=\"g262-web-text-error\" class=\"contact-form__input-error\" data-wp-class--has-errors=\"state.fieldHasErrors\">\n\t\t\t\t<span class=\"contact-form__warning-icon\" aria-hidden=\"true\">\n\t\t\t\t\t<svg width=\"16\" height=\"16\" viewBox=\"0 0 16 16\" fill=\"none\" xmlns=\"http:\/\/www.w3.org\/2000\/svg\">\n\t\t\t\t\t\t<path d=\"M8.50015 11.6402H7.50015V10.6402H8.50015V11.6402Z\" \/>\n\t\t\t\t\t\t<path d=\"M7.50015 9.64018H8.50015V6.30684H7.50015V9.64018Z\" \/>\n\t\t\t\t\t\t<path fill-rule=\"evenodd\" clip-rule=\"evenodd\" d=\"M6.98331 3.0947C7.42933 2.30177 8.57096 2.30177 9.01698 3.09469L13.8771 11.7349C14.3145 12.5126 13.7525 13.4735 12.8602 13.4735H3.14004C2.24774 13.4735 1.68575 12.5126 2.12321 11.7349L6.98331 3.0947ZM8.14541 3.58496C8.08169 3.47168 7.9186 3.47168 7.85488 3.58496L2.99478 12.2251C2.93229 12.3362 3.01257 12.4735 3.14004 12.4735H12.8602C12.9877 12.4735 13.068 12.3362 13.0055 12.2251L8.14541 3.58496Z\" \/>\n\t\t\t\t\t<\/svg>\n\t\t\t\t<\/span>\n\t\t\t\t<span data-wp-text=\"state.errorMessage\" id=\"g262-web-text-error-message\"><\/span>\n\t\t\t<\/div> \n\t<\/div>\n\n<div style=\"\"  data-wp-interactive=\"jetpack\/form\" data-wp-context='{\"fieldId\":\"g262-mensaje\",\"fieldType\":\"textarea\",\"fieldLabel\":\"Mensaje\",\"fieldValue\":\"\",\"fieldPlaceholder\":\"\",\"fieldIsRequired\":\"\",\"fieldErrorMessage\":\"\",\"fieldExtra\":[],\"formHash\":\"e740c390d06bd7d8737f26cf50afb8c752fd3f36\"}'  class='grunion-field-textarea-wrap grunion-field-wrap'  data-wp-init='callbacks.initializeField' data-wp-on--jetpack-form-reset='callbacks.initializeField' >\n<label\n\t\t\t\tfor='contact-form-comment-g262-mensaje' class=\"grunion-field-label textarea\" >Mensaje<\/label>\n<textarea\n\t\t                style=''\n\t\t                name='g262-mensaje'\n\t\t                id='contact-form-comment-g262-mensaje'\n\t\t                rows='20'\n\t\t\t\t\t\tdata-wp-text='state.getFieldValue'\n\t\t\t\t\t\tdata-wp-on--input='actions.onFieldChange'\n\t\t\t\t\t\tdata-wp-on--blur='actions.onFieldBlur'\n\t\t\t\t\t\tdata-wp-class--has-value='state.hasFieldValue'\n\t\t\t\t\t\taria-describedby='g262-mensaje-textarea-error-message'\n\t\t\t\t\t\tdata-wp-bind--aria-invalid='state.fieldAriaInvalid'\n\t\t\t\t\t\tclass='textarea  grunion-field'  ><\/textarea>\n \n\t\t\t<div id=\"g262-mensaje-textarea-error\" class=\"contact-form__input-error\" data-wp-class--has-errors=\"state.fieldHasErrors\">\n\t\t\t\t<span class=\"contact-form__warning-icon\" aria-hidden=\"true\">\n\t\t\t\t\t<svg width=\"16\" height=\"16\" viewBox=\"0 0 16 16\" fill=\"none\" xmlns=\"http:\/\/www.w3.org\/2000\/svg\">\n\t\t\t\t\t\t<path d=\"M8.50015 11.6402H7.50015V10.6402H8.50015V11.6402Z\" \/>\n\t\t\t\t\t\t<path d=\"M7.50015 9.64018H8.50015V6.30684H7.50015V9.64018Z\" \/>\n\t\t\t\t\t\t<path fill-rule=\"evenodd\" clip-rule=\"evenodd\" d=\"M6.98331 3.0947C7.42933 2.30177 8.57096 2.30177 9.01698 3.09469L13.8771 11.7349C14.3145 12.5126 13.7525 13.4735 12.8602 13.4735H3.14004C2.24774 13.4735 1.68575 12.5126 2.12321 11.7349L6.98331 3.0947ZM8.14541 3.58496C8.08169 3.47168 7.9186 3.47168 7.85488 3.58496L2.99478 12.2251C2.93229 12.3362 3.01257 12.4735 3.14004 12.4735H12.8602C12.9877 12.4735 13.068 12.3362 13.0055 12.2251L8.14541 3.58496Z\" \/>\n\t\t\t\t\t<\/svg>\n\t\t\t\t<\/span>\n\t\t\t\t<span data-wp-text=\"state.errorMessage\" id=\"g262-mensaje-textarea-error-message\"><\/span>\n\t\t\t<\/div>\n\t<\/div>\n\t<p class='contact-submit'>\n<div class=\"contact-form__error\" data-wp-class--show-errors=\"state.showFormErrors\"><span class=\"contact-form__warning-icon\" aria-hidden=\"true\"><i><\/i><\/span><span class=\"contact-form__error-message\" tabindex=\"-1\" data-wp-watch=\"callbacks.focusOnValidationError\" data-wp-text=\"state.getFormErrorMessage\"><\/span><ul aria-label=\"Errores del formulario\">\n\t\t\t\t<template data-wp-each=\"state.getErrorList\" data-wp-key=\"context.item.id\">\n\t\t\t\t\t<li><a data-wp-bind--href=\"context.item.anchor\" data-wp-on--click=\"actions.scrollIntoView\" data-wp-text=\"context.item.label\"><\/a><\/li>\n\t\t\t\t<\/template>\n\t\t\t\t<\/ul><\/div><div class=\"contact-form__error\" data-wp-class--show-errors=\"state.showSubmissionError\" data-wp-text=\"context.submissionError\" tabindex=\"-1\" data-wp-watch=\"callbacks.focusOnSubmissionError\"><\/div>\t\t<button type='submit' class='pushbutton-wide'>Enviar<\/button>\t\t<input type='hidden' name='contact-form-id' value='262' \/>\n\t\t<input type='hidden' name='action' value='grunion-contact-form' \/>\n\t\t<input type='hidden' name='contact-form-hash' value='e740c390d06bd7d8737f26cf50afb8c752fd3f36' \/>\n\t<\/p>\n<p style=\"display: none !important;\" class=\"akismet-fields-container\" data-prefix=\"ak_\"><label>&#916;<textarea name=\"ak_hp_textarea\" cols=\"45\" rows=\"8\" maxlength=\"100\"><\/textarea><\/label><input type=\"hidden\" id=\"ak_js_1\" name=\"ak_js\" value=\"215\"\/><script>\ndocument.getElementById( \"ak_js_1\" ).setAttribute( \"value\", ( new Date() ).getTime() );\n<\/script>\n<\/p><\/form>\n<\/div>\n","protected":false},"excerpt":{"rendered":"<p>BlueBee &#8211; Lector c\u00f3digo de barras Escaner SCAN-10 L\u00e1ser 1D USB con soporte Especificaciones Tipo de escaneado 1D Tipo Lector de c\u00f3digos de barras port\u00e1til C\u00f3digos de barras lineales (1D) soportadas Codabar,Code 128,Code 39,EAN-13,EAN-8,Inte ed 2 of 5,MSI,U.P.C. 2D (matrices y apilados) c\u00f3digos de barras soportados No compatible Tipo de sensor Laser \u00c1ngulo de inclinaci\u00f3n [&hellip;]<\/p>\n","protected":false},"featured_media":263,"comment_status":"open","ping_status":"closed","template":"","meta":[],"product_brand":[],"product_cat":[115],"product_tag":[119,120,118,121,116,117,37],"class_list":{"0":"post-262","1":"product","2":"type-product","3":"status-publish","4":"has-post-thumbnail","6":"product_cat-escaner-codigo-barras","7":"product_tag-1d","8":"product_tag-bluebee","9":"product_tag-codigos-barra","10":"product_tag-de-manao","11":"product_tag-escaner","12":"product_tag-scanner","13":"product_tag-tpv","15":"first","16":"instock","17":"taxable","18":"shipping-taxable","19":"purchasable","20":"product-type-simple"},"aioseo_notices":[],"jetpack_sharing_enabled":true,"jetpack_likes_enabled":true,"_links":{"self":[{"href":"https:\/\/comercialmario.hol.es\/index.php\/wp-json\/wp\/v2\/product\/262","targetHints":{"allow":["GET"]}}],"collection":[{"href":"https:\/\/comercialmario.hol.es\/index.php\/wp-json\/wp\/v2\/product"}],"about":[{"href":"https:\/\/comercialmario.hol.es\/index.php\/wp-json\/wp\/v2\/types\/product"}],"replies":[{"embeddable":true,"href":"https:\/\/comercialmario.hol.es\/index.php\/wp-json\/wp\/v2\/comments?post=262"}],"wp:featuredmedia":[{"embeddable":true,"href":"https:\/\/comercialmario.hol.es\/index.php\/wp-json\/wp\/v2\/media\/263"}],"wp:attachment":[{"href":"https:\/\/comercialmario.hol.es\/index.php\/wp-json\/wp\/v2\/media?parent=262"}],"wp:term":[{"taxonomy":"product_brand","embeddable":true,"href":"https:\/\/comercialmario.hol.es\/index.php\/wp-json\/wp\/v2\/product_brand?post=262"},{"taxonomy":"product_cat","embeddable":true,"href":"https:\/\/comercialmario.hol.es\/index.php\/wp-json\/wp\/v2\/product_cat?post=262"},{"taxonomy":"product_tag","embeddable":true,"href":"https:\/\/comercialmario.hol.es\/index.php\/wp-json\/wp\/v2\/product_tag?post=262"}],"curies":[{"name":"wp","href":"https:\/\/api.w.org\/{rel}","templated":true}]}}