{"id":239,"date":"2023-02-03T19:13:21","date_gmt":"2023-02-03T18:13:21","guid":{"rendered":"https:\/\/comercialmario.hol.es\/?post_type=product&#038;p=239"},"modified":"2025-10-09T18:43:31","modified_gmt":"2025-10-09T16:43:31","slug":"etiqueta-21x12-blanca-permanente","status":"publish","type":"product","link":"https:\/\/comercialmario.hol.es\/index.php\/product\/etiqueta-21x12-blanca-permanente\/","title":{"rendered":"ETIQUETA 21&#215;12 BLANCA PERMANENTE"},"content":{"rendered":"<p>PACK 6 R. 1000 ETQ 21X12 BL PERM.<\/p>\n<p>Etiquetas etiquetadora 21 x 12 mm blanco adhesivo permanente cantos rectos 6 u.<\/p>\n<div class=\"views-element-container col-auto\">\n<div class=\"view view-eva view-sku view-id-sku view-display-id-entity_view_1 js-view-dom-id-8f54d8cd37dfdc37f541a7d4e92b02996d5687629a74486a9ae9690a23a5d6ad\">\n<div class=\"views-row\">\n<div class=\"views-field views-field-sku\"><span class=\"field-content\">Ref. 100910<\/span><\/div>\n<\/div>\n<\/div>\n<\/div>\n<div class=\"clearfix text-formatted field field--name-akeneo-description field--type-text-long field--label-hidden field__item\">Etiquetas blancas tama\u00f1o 21 x 12 mm para m\u00e1quinas etiquetadoras de precios de 1 l\u00ednea.<\/div>\n<div class=\"clearfix text-formatted field field--name-akeneo-description field--type-text-long field--label-hidden field__item\">Pack con 6 rollos (1.000 etiquetas\/rollo).<\/div>\n<div class=\"clearfix text-formatted field field--name-akeneo-description field--type-text-long field--label-hidden field__item\">Etiquetas de adhesivo permanente con cantos rectos.<\/div>\n<div class=\"clearfix text-formatted field field--name-akeneo-description field--type-text-long field--label-hidden field__item\">Etiquetas de alta calidad para asegurar un marcaje claro y preciso en todas tus necesidades: precios, referencias, fechas, etc.<\/div>\n<div class=\"clearfix text-formatted field field--name-akeneo-description field--type-text-long field--label-hidden field__item\"><strong>Compatibles con etiquetadoras APLI modelo 101418 y 101948.<\/strong><\/div>\n<div class=\"panel\">\n<h3 class=\"features\">Caracter\u00edsticas.<\/h3>\n<div class=\"clearfix text-formatted field field--name-akeneo-product-dimensions field--type-text field--label-above\">\n<div class=\"field__label\">MEDIDAS DEL PRODUCTO<\/div>\n<div class=\"field__item\">\n<p>21 x 12 mm<\/p>\n<\/div>\n<\/div>\n<div class=\"field field--name-akeneo-color field--type-entity-reference field--label-above\">\n<div class=\"field__label\">COLOR<\/div>\n<div class=\"field__items\">\n<div class=\"field__item\">\n<div class=\"color-with-border\">\n<div class=\"field field--name-name field--type-string field--label-hidden field__item\">Blanco<\/div>\n<div class=\"field field--name-name field--type-string field--label-hidden field__item\">ADHESIVO<\/div>\n<\/div>\n<\/div>\n<\/div>\n<\/div>\n<div class=\"field field--name-akeneo-adhesive field--type-entity-reference field--label-above\">\n<div class=\"field__item\">Permanente<\/div>\n<\/div>\n<\/div>\n<div class=\"panel\">\n<div class=\"clearfix text-formatted field field--name-akeneo-quantity field--type-text field--label-above\">\n<div class=\"field__label\">CANTIDAD<\/div>\n<div class=\"field__item\">\n<p>6 rollos<\/p>\n<p>FORMATO DE VENTA<\/p>\n<\/div>\n<\/div>\n<div class=\"field field--name-akeneo-product-format field--type-entity-reference field--label-above\">\n<div class=\"field__items\">\n<div class=\"field__item\">Retractilado<\/div>\n<\/div>\n<\/div>\n<div class=\"field field--name-akeneo-uv field--type-float field--label-above\">\n<div class=\"field__label\">UNIDAD DE VENTA<\/div>\n<div class=\"field__item\">10 paquetes de 6 rollos: 60 rollos<\/div>\n<\/div>\n<\/div>\n<div class=\"field field--name-akeneo-picto field--type-entity-reference field--label-above\">\n<div class=\"field__items\">\n<div class=\"field__item\">\n<div>\n<div class=\"field field--name-field-picto field--type-image field--label-hidden field__item\"><img data-recalc-dims=\"1\" loading=\"lazy\" decoding=\"async\" title=\"Adhesivo permanente\" src=\"https:\/\/i0.wp.com\/www.apli.com\/sites\/default\/files\/picto\/picto_adhesivo_permanente.png?resize=75%2C75&#038;ssl=1\" alt=\"Adhesivo permanente\" width=\"75\" height=\"75\" \/><\/div>\n<div class=\"field field--name-name field--type-string field--label-hidden field__item\">Adhesivo permanente<\/div>\n<div>\n<div data-test='contact-form'\n\t\t\tid='contact-form-239'\n\t\t\tclass='jetpack-contact-form-container '\n\t\t\tdata-wp-interactive='jetpack\/form' data-wp-context='{\"formId\":\"239\",\"formHash\":\"9435ec016975f474cf70e8a3f2ca4484288a9f4e\",\"showErrors\":false,\"errors\":[],\"fields\":[],\"isMultiStep\":false,\"useAjax\":true,\"submissionData\":null,\"formattedSubmissionData\":[],\"submissionSuccess\":false,\"submissionError\":null,\"elementId\":\"jp-form-9435ec016975f474cf70e8a3f2ca4484288a9f4e\",\"isSingleInputForm\":false,\"isForcedHorizontal\":false}'\n\t\t\tdata-wp-watch--scroll-to-wrapper=\"callbacks.scrollToWrapper\"\n\t\t>\n<div class=\"contact-form-submission contact-form-ajax-submission\" data-wp-bind--aria-hidden=\"state.isSuccessMessageAriaHidden\" data-wp-class--submission-success=\"context.submissionSuccess\" id=\"contact-form-success-9435ec016975f474cf70e8a3f2ca4484288a9f4e\" tabindex=\"-1\" aria-labelledby=\"contact-form-success-header-9435ec016975f474cf70e8a3f2ca4484288a9f4e\"><p class=\"go-back-message\"><a class=\"link\" role=\"button\" tabindex=\"0\" data-wp-on--click=\"actions.goBack\" href=\"\/index.php\/wp-json\/wp\/v2\/product\/239\">\u2190 Volver<\/a><\/p><h4 data-wp-bind--aria-hidden=\"state.isSuccessMessageAriaHidden\" id=\"contact-form-success-header-9435ec016975f474cf70e8a3f2ca4484288a9f4e\">Gracias por tu respuesta. \u2728<\/h4>\n\n<template data-wp-each--submission=\"context.formattedSubmissionData\">\n\t\t\t\t\t<div class=\"jetpack_forms_contact-form-success-summary\">\n\t\t\t\t\t\t<div class=\"field-name-wrapper\">\n\t\t\t\t\t\t\t<div class=\"field-type-icon\" data-wp-watch=\"callbacks.watchFieldTypeIcon\"><\/div>\n\t\t\t\t\t\t\t<div class=\"field-name\" data-wp-text=\"context.submission.label\" data-wp-bind--hidden=\"!context.submission.label\"><\/div>\n\t\t\t\t\t\t<\/div>\n\t\t\t\t\t\t<div class=\"field-value\" data-wp-text=\"context.submission.value\" data-wp-bind--hidden=\"!context.submission.showPlainValue\"><\/div>\n\t\t\t\t\t\t<a class=\"field-url\" data-wp-bind--href=\"context.submission.url\" data-wp-text=\"context.submission.value\" data-wp-bind--hidden=\"!context.submission.url\" target=\"_blank\" rel=\"noopener noreferrer\"><\/a>\n\t\t\t\t\t\t<div class=\"field-rating\" data-wp-bind--hidden=\"!context.submission.rating\" data-wp-watch=\"callbacks.watchRatingIcons\"><\/div>\n\t\t\t\t\t\t<div class=\"field-images\" data-wp-bind--hidden=\"!context.submission.images\">\n\t\t\t\t\t\t\t<template data-wp-each--image=\"context.submission.images\">\n\t\t\t\t\t\t\t\t<div class=\"field-image-option\" data-wp-class--is-empty=\"!context.image.src\">\n\t\t\t\t\t\t\t\t\t<figure class=\"field-image-option__image\" data-wp-class--is-empty=\"!context.image.src\">\n\t\t\t\t\t\t\t\t\t\t<img data-wp-bind--src=\"context.image.src\" data-wp-bind--hidden=\"!context.image.src\" \/>\n\t\t\t\t\t\t\t\t\t\t<img decoding=\"async\" src=\"data:image\/gif;base64,R0lGODlhAQABAAD\/ACwAAAAAAQABAAACADs=\" data-wp-bind--hidden=\"context.image.src\" \/>\n\t\t\t\t\t\t\t\t\t<\/figure>\n\t\t\t\t\t\t\t\t\t<div class=\"field-image-option__label-wrapper\">\n\t\t\t\t\t\t\t\t\t\t<span class=\"field-image-option__label-code\" data-wp-text=\"context.image.letterCode\"><\/span>\n\t\t\t\t\t\t\t\t\t\t<span class=\"field-image-option__label\" data-wp-text=\"context.image.label\" data-wp-bind--hidden=\"!context.image.label\"><\/span>\n\t\t\t\t\t\t\t\t\t<\/div>\n\t\t\t\t\t\t\t\t<\/div>\n\t\t\t\t\t\t\t<\/template>\n\t\t\t\t\t\t<\/div>\n\t\t\t\t\t\t<div class=\"field-files\" data-wp-bind--hidden=\"!context.submission.files\">\n\t\t\t\t\t\t\t<template data-wp-each--file=\"context.submission.files\">\n\t\t\t\t\t\t\t\t<div class=\"field-file\">\n\t\t\t\t\t\t\t\t\t<div class=\"field-file__thumbnail\" data-wp-style--background-image=\"context.file.previewUrl\" data-wp-style--mask-image=\"context.file.iconUrl\" data-wp-bind--hidden=\"!context.file.hasPreview\"><\/div>\n\t\t\t\t\t\t\t\t\t<svg class=\"field-file__icon\" data-wp-bind--hidden=\"context.file.hasPreview\" width=\"20\" height=\"20\" viewBox=\"0 0 24 24\" fill=\"none\" xmlns=\"http:\/\/www.w3.org\/2000\/svg\" aria-hidden=\"true\">\n\t\t\t\t\t\t\t\t\t\t<path d=\"M14 2H6C4.9 2 4 2.9 4 4V20C4 21.1 4.89 22 5.99 22H18C19.1 22 20 21.1 20 20V8L14 2ZM18 20H6V4H13V9H18V20Z\" fill=\"currentColor\"\/>\n\t\t\t\t\t\t\t\t\t<\/svg>\n\t\t\t\t\t\t\t\t\t<span class=\"field-file__name\" data-wp-text=\"context.file.name\"><\/span>\n\t\t\t\t\t\t\t\t\t<span class=\"field-file__size\" data-wp-text=\"context.file.size\"><\/span>\n\t\t\t\t\t\t\t\t<\/div>\n\t\t\t\t\t\t\t<\/template>\n\t\t\t\t\t\t<\/div>\n\t\t\t\t\t<\/div>\n\t\t\t\t<\/template><\/div><form action='https:\/\/comercialmario.hol.es\/index.php\/product\/etiqueta-21x12-blanca-permanente\/'\n\t\t\t\tid='jp-form-9435ec016975f474cf70e8a3f2ca4484288a9f4e'\n\t\t\t\tmethod='post'\n\t\t\t\tclass='contact-form commentsblock jetpack-contact-form__form has-no-jetpack-form-layout' aria-label=\"ETIQUETA 21x12 BLANCA PERMANENTE\"\n\t\t\t\tdata-wp-on--submit=\"actions.onFormSubmit\"\n\t\t\t\tdata-wp-on--reset=\"actions.onFormReset\"\n\t\t\t\tdata-wp-class--submission-success=\"context.submissionSuccess\"\n\t\t\t\tdata-wp-class--is-first-step=\"state.isFirstStep\"\n\t\t\t\tdata-wp-class--is-last-step=\"state.isLastStep\"\n\t\t\t\tdata-wp-class--is-ajax-form=\"context.useAjax\"\n\t\t\t\tnovalidate >\n<input type='hidden' name='jetpack_contact_form_jwt' value='eyJ0eXAiOiJKV1QiLCJhbGciOiJIUzI1NiJ9.eyJlbmNyeXB0ZWRfYXR0cmlidXRlcyI6Ii9YTzRtSGtVVW82dlY1N1Q2VFo2M00yZkljSWdrYXZITGN4d3JETWE1alMwZWhuRXA1R1F5Z1RzOGI3alRaeGxZYXp5STFwMUYxREdSQ3J4QUhBaExqeU1nUnV4V0dSQWxkUFhneUV0Y3p0ZWZVcENCSnZkQmZCUWRyN1lVaVJpU1EvSW4vbXRnam5WRHNqYkNub29WKzFrWWo3OEZtQVpDdGZKZDJVU0RSSDkxanlsUDJ2SS8rRDY5WjRXT1RRSjJaQXJRUEJsU210ekZXeUhURkZpTnVteXhZa3U1dS8zenhFdlF2eEtMN0JpeEt0SXJudkJNcGtacjkyd3ZIUm96aXF1b3FqRVBJWTdzWW5sdE94WlJSZ3BsNzh6aWRqSVFMbDkxMUFDWlJnOUQ1VjFuYzAxTU5OaVRZNkt4YUpKM2l0L3VYNGhIajdWdUJaTFpFQXA3WERtN0F4UmVtY2xEbXRHUjR4LyswTXZhcjRWTXR4MVBWMklSWTRMVlZwY1lhdngxSVB3azZIbXQ3L1U0SVlkMklYejI3dVJGaDlLQU94dW02WVQ5SG9zUmczbnVxaXFJS1dJRmxDRHNiUzBTc2VwN3VnZUpZTGNEQzVna0pGTnlySmx3YkNTVnR6Vm0yeVoxQkYxZnA3T1hwNHhkenBrY3JQeHRIODdsTTJma1ZsZ1RLOUZsazFmNmZWNnJRYTB0ZkFCdjVkc0NDSCs0dGsyVkl4RXk2RzRVa2hjeEoxQTJrRHljQ3krVUVwT3VVUUl1S3UyUnRmYkJneGcwZkJYK2RDNGxDUmJEL1BjTU91NXYxYVhrZHZGWnNCVlVnc3NEWCtOYTlzcmwxQmxDYkNZQzRDSC9NczFBeDRkaHFSaXprdGZCYXF5T0JJejhpUVpRazFjNW1mOHladW12MkphczFERmdLOVFYcTlCaWFYTGgxdFhidUxpQ3R0c1ZHTFVyRGt2MmtCRDF2a3lITkZRbGFzV1BSUW5EY3VLdU9KSitPdUxLcnZGUUROS2I3QWNpbmMyYmRYUW81UmFNS3JHWmVObjJqNVY2by9oODFPN0xDdlVCNUFocEs0WDlvZlN3NHZMMVRrY2UyREJDbjVLWFZ1RFRzRGMxd2JrMERucHM0RTNrdWZNU3RHRTd0N21abnpNL3QvSGg5WmtHaWJuaDNoZWR2ZXhaNVp6Y1lzdzhNazR5dlVROWluWDNhVS83MVQ2V2VscU5aUE4iLCJjb250ZW50IjoiW2NvbnRhY3QtZmllbGQgbGFiZWw9XCJOb21icmVcIiB0eXBlPVwibmFtZVwiICByZXF1aXJlZD1cInRydWVcIiAvXVtjb250YWN0LWZpZWxkIGxhYmVsPVwiQ29ycmVvIGVsZWN0clx1MDBmM25pY29cIiB0eXBlPVwiZW1haWxcIiByZXF1aXJlZD1cInRydWVcIiAvXVtjb250YWN0LWZpZWxkIGxhYmVsPVwiV2ViXCIgdHlwZT1cInVybFwiIC9dW2NvbnRhY3QtZmllbGQgbGFiZWw9XCJNZW5zYWplXCIgdHlwZT1cInRleHRhcmVhXCIgL10iLCJoYXNoIjoiOTQzNWVjMDE2OTc1ZjQ3NGNmNzBlOGEzZjJjYTQ0ODQyODhhOWY0ZSIsInNvdXJjZSI6eyJlbnRyeV90aXRsZSI6IkVUSVFVRVRBIDIxXHUwMGQ3MTIgQkxBTkNBIFBFUk1BTkVOVEUiLCJlbnRyeV9wYWdlIjoxLCJzb3VyY2VfaWQiOjIzOSwic291cmNlX3R5cGUiOiJzaW5nbGUiLCJyZXF1ZXN0X3VybCI6Imh0dHBzOi8vY29tZXJjaWFsbWFyaW8uaG9sLmVzL3dwLWpzb24vd3AvdjIvcHJvZHVjdC8yMzkifSwidmVyc2lvbiI6MiwiY2lwaGVyIjoiYWVzLTI1Ni1nY20ifQ.ZvY7Jks2BfdTSKmvUv0yM2PHX-LZtIY-4puomcqrlB8' \/>\n\n<div style=\"\"  data-wp-interactive=\"jetpack\/form\" data-wp-context='{\"fieldId\":\"g239-nombre\",\"fieldType\":\"name\",\"fieldLabel\":\"Nombre\",\"fieldValue\":\"\",\"fieldPlaceholder\":\"\",\"fieldIsRequired\":\"1\",\"fieldErrorMessage\":\"\",\"fieldExtra\":[],\"formHash\":\"9435ec016975f474cf70e8a3f2ca4484288a9f4e\"}'  class='grunion-field-name-wrap grunion-field-wrap'  data-wp-init='callbacks.initializeField' data-wp-on--jetpack-form-reset='callbacks.initializeField' >\n<label\n\t\t\t\tfor='g239-nombre' class=\"grunion-field-label name\" >Nombre<span class=\"grunion-label-required\" aria-hidden=\"true\">(obligatorio)<\/span><\/label>\n<input\n\t\t\t\t\ttype='text'\n\t\t\t\t\tname='g239-nombre'\n\t\t\t\t\tid='g239-nombre'\n\t\t\t\t\tvalue=''\n\n\t\t\t\t\tdata-wp-bind--aria-invalid='state.fieldAriaInvalid'\n\t\t\t\t\tdata-wp-bind--value='state.getFieldValue'\n\t\t\t\t\taria-describedby='g239-nombre-text-error-message'\n\t\t\t\t\tdata-wp-on--input='actions.onFieldChange'\n\t\t\t\t\tdata-wp-on--blur='actions.onFieldBlur'\n\t\t\t\t\tdata-wp-class--has-value='state.hasFieldValue'\n\n\t\t\t\t\tclass='name  grunion-field' \n\t\t\t\t\trequired='true' aria-required='true'  \/>\n \n\t\t\t<div id=\"g239-nombre-text-error\" class=\"contact-form__input-error\" data-wp-class--has-errors=\"state.fieldHasErrors\">\n\t\t\t\t<span class=\"contact-form__warning-icon\" aria-hidden=\"true\">\n\t\t\t\t\t<svg width=\"16\" height=\"16\" viewBox=\"0 0 16 16\" fill=\"none\" xmlns=\"http:\/\/www.w3.org\/2000\/svg\">\n\t\t\t\t\t\t<path d=\"M8.50015 11.6402H7.50015V10.6402H8.50015V11.6402Z\" \/>\n\t\t\t\t\t\t<path d=\"M7.50015 9.64018H8.50015V6.30684H7.50015V9.64018Z\" \/>\n\t\t\t\t\t\t<path fill-rule=\"evenodd\" clip-rule=\"evenodd\" d=\"M6.98331 3.0947C7.42933 2.30177 8.57096 2.30177 9.01698 3.09469L13.8771 11.7349C14.3145 12.5126 13.7525 13.4735 12.8602 13.4735H3.14004C2.24774 13.4735 1.68575 12.5126 2.12321 11.7349L6.98331 3.0947ZM8.14541 3.58496C8.08169 3.47168 7.9186 3.47168 7.85488 3.58496L2.99478 12.2251C2.93229 12.3362 3.01257 12.4735 3.14004 12.4735H12.8602C12.9877 12.4735 13.068 12.3362 13.0055 12.2251L8.14541 3.58496Z\" \/>\n\t\t\t\t\t<\/svg>\n\t\t\t\t<\/span>\n\t\t\t\t<span data-wp-text=\"state.errorMessage\" id=\"g239-nombre-text-error-message\"><\/span>\n\t\t\t<\/div> \n\t<\/div>\n\n<div style=\"\"  data-wp-interactive=\"jetpack\/form\" data-wp-context='{\"fieldId\":\"g239-correoelectrnico\",\"fieldType\":\"email\",\"fieldLabel\":\"Correo electr\\u00f3nico\",\"fieldValue\":\"\",\"fieldPlaceholder\":\"\",\"fieldIsRequired\":\"1\",\"fieldErrorMessage\":\"\",\"fieldExtra\":[],\"formHash\":\"9435ec016975f474cf70e8a3f2ca4484288a9f4e\"}'  class='grunion-field-email-wrap grunion-field-wrap'  data-wp-init='callbacks.initializeField' data-wp-on--jetpack-form-reset='callbacks.initializeField' >\n<label\n\t\t\t\tfor='g239-correoelectrnico' class=\"grunion-field-label email\" >Correo electr\u00f3nico<span class=\"grunion-label-required\" aria-hidden=\"true\">(obligatorio)<\/span><\/label>\n<input\n\t\t\t\t\ttype='email'\n\t\t\t\t\tname='g239-correoelectrnico'\n\t\t\t\t\tid='g239-correoelectrnico'\n\t\t\t\t\tvalue=''\n\n\t\t\t\t\tdata-wp-bind--aria-invalid='state.fieldAriaInvalid'\n\t\t\t\t\tdata-wp-bind--value='state.getFieldValue'\n\t\t\t\t\taria-describedby='g239-correoelectrnico-email-error-message'\n\t\t\t\t\tdata-wp-on--input='actions.onFieldChange'\n\t\t\t\t\tdata-wp-on--blur='actions.onFieldBlur'\n\t\t\t\t\tdata-wp-class--has-value='state.hasFieldValue'\n\n\t\t\t\t\tclass='email  grunion-field' \n\t\t\t\t\trequired='true' aria-required='true'  \/>\n \n\t\t\t<div id=\"g239-correoelectrnico-email-error\" class=\"contact-form__input-error\" data-wp-class--has-errors=\"state.fieldHasErrors\">\n\t\t\t\t<span class=\"contact-form__warning-icon\" aria-hidden=\"true\">\n\t\t\t\t\t<svg width=\"16\" height=\"16\" viewBox=\"0 0 16 16\" fill=\"none\" xmlns=\"http:\/\/www.w3.org\/2000\/svg\">\n\t\t\t\t\t\t<path d=\"M8.50015 11.6402H7.50015V10.6402H8.50015V11.6402Z\" \/>\n\t\t\t\t\t\t<path d=\"M7.50015 9.64018H8.50015V6.30684H7.50015V9.64018Z\" \/>\n\t\t\t\t\t\t<path fill-rule=\"evenodd\" clip-rule=\"evenodd\" d=\"M6.98331 3.0947C7.42933 2.30177 8.57096 2.30177 9.01698 3.09469L13.8771 11.7349C14.3145 12.5126 13.7525 13.4735 12.8602 13.4735H3.14004C2.24774 13.4735 1.68575 12.5126 2.12321 11.7349L6.98331 3.0947ZM8.14541 3.58496C8.08169 3.47168 7.9186 3.47168 7.85488 3.58496L2.99478 12.2251C2.93229 12.3362 3.01257 12.4735 3.14004 12.4735H12.8602C12.9877 12.4735 13.068 12.3362 13.0055 12.2251L8.14541 3.58496Z\" \/>\n\t\t\t\t\t<\/svg>\n\t\t\t\t<\/span>\n\t\t\t\t<span data-wp-text=\"state.errorMessage\" id=\"g239-correoelectrnico-email-error-message\"><\/span>\n\t\t\t<\/div> \n\t<\/div>\n\n<div style=\"\"  data-wp-interactive=\"jetpack\/form\" data-wp-context='{\"fieldId\":\"g239-web\",\"fieldType\":\"url\",\"fieldLabel\":\"Web\",\"fieldValue\":\"\",\"fieldPlaceholder\":\"\",\"fieldIsRequired\":\"\",\"fieldErrorMessage\":\"\",\"fieldExtra\":[],\"formHash\":\"9435ec016975f474cf70e8a3f2ca4484288a9f4e\"}'  class='grunion-field-url-wrap grunion-field-wrap'  data-wp-init='callbacks.initializeField' data-wp-on--jetpack-form-reset='callbacks.initializeField' >\n<label\n\t\t\t\tfor='g239-web' class=\"grunion-field-label url\" >Web<\/label>\n<input\n\t\t\t\t\ttype='text'\n\t\t\t\t\tname='g239-web'\n\t\t\t\t\tid='g239-web'\n\t\t\t\t\tvalue=''\n\n\t\t\t\t\tdata-wp-bind--aria-invalid='state.fieldAriaInvalid'\n\t\t\t\t\tdata-wp-bind--value='state.getFieldValue'\n\t\t\t\t\taria-describedby='g239-web-text-error-message'\n\t\t\t\t\tdata-wp-on--input='actions.onFieldChange'\n\t\t\t\t\tdata-wp-on--blur='actions.onFieldBlur'\n\t\t\t\t\tdata-wp-class--has-value='state.hasFieldValue'\n\n\t\t\t\t\tclass='url  grunion-field' \n\t\t\t\t\t \/>\n \n\t\t\t<div id=\"g239-web-text-error\" class=\"contact-form__input-error\" data-wp-class--has-errors=\"state.fieldHasErrors\">\n\t\t\t\t<span class=\"contact-form__warning-icon\" aria-hidden=\"true\">\n\t\t\t\t\t<svg width=\"16\" height=\"16\" viewBox=\"0 0 16 16\" fill=\"none\" xmlns=\"http:\/\/www.w3.org\/2000\/svg\">\n\t\t\t\t\t\t<path d=\"M8.50015 11.6402H7.50015V10.6402H8.50015V11.6402Z\" \/>\n\t\t\t\t\t\t<path d=\"M7.50015 9.64018H8.50015V6.30684H7.50015V9.64018Z\" \/>\n\t\t\t\t\t\t<path fill-rule=\"evenodd\" clip-rule=\"evenodd\" d=\"M6.98331 3.0947C7.42933 2.30177 8.57096 2.30177 9.01698 3.09469L13.8771 11.7349C14.3145 12.5126 13.7525 13.4735 12.8602 13.4735H3.14004C2.24774 13.4735 1.68575 12.5126 2.12321 11.7349L6.98331 3.0947ZM8.14541 3.58496C8.08169 3.47168 7.9186 3.47168 7.85488 3.58496L2.99478 12.2251C2.93229 12.3362 3.01257 12.4735 3.14004 12.4735H12.8602C12.9877 12.4735 13.068 12.3362 13.0055 12.2251L8.14541 3.58496Z\" \/>\n\t\t\t\t\t<\/svg>\n\t\t\t\t<\/span>\n\t\t\t\t<span data-wp-text=\"state.errorMessage\" id=\"g239-web-text-error-message\"><\/span>\n\t\t\t<\/div> \n\t<\/div>\n\n<div style=\"\"  data-wp-interactive=\"jetpack\/form\" data-wp-context='{\"fieldId\":\"g239-mensaje\",\"fieldType\":\"textarea\",\"fieldLabel\":\"Mensaje\",\"fieldValue\":\"\",\"fieldPlaceholder\":\"\",\"fieldIsRequired\":\"\",\"fieldErrorMessage\":\"\",\"fieldExtra\":[],\"formHash\":\"9435ec016975f474cf70e8a3f2ca4484288a9f4e\"}'  class='grunion-field-textarea-wrap grunion-field-wrap'  data-wp-init='callbacks.initializeField' data-wp-on--jetpack-form-reset='callbacks.initializeField' >\n<label\n\t\t\t\tfor='contact-form-comment-g239-mensaje' class=\"grunion-field-label textarea\" >Mensaje<\/label>\n<textarea\n\t\t                style=''\n\t\t                name='g239-mensaje'\n\t\t                id='contact-form-comment-g239-mensaje'\n\t\t                rows='20'\n\t\t\t\t\t\tdata-wp-text='state.getFieldValue'\n\t\t\t\t\t\tdata-wp-on--input='actions.onFieldChange'\n\t\t\t\t\t\tdata-wp-on--blur='actions.onFieldBlur'\n\t\t\t\t\t\tdata-wp-class--has-value='state.hasFieldValue'\n\t\t\t\t\t\taria-describedby='g239-mensaje-textarea-error-message'\n\t\t\t\t\t\tdata-wp-bind--aria-invalid='state.fieldAriaInvalid'\n\t\t\t\t\t\tclass='textarea  grunion-field'  ><\/textarea>\n \n\t\t\t<div id=\"g239-mensaje-textarea-error\" class=\"contact-form__input-error\" data-wp-class--has-errors=\"state.fieldHasErrors\">\n\t\t\t\t<span class=\"contact-form__warning-icon\" aria-hidden=\"true\">\n\t\t\t\t\t<svg width=\"16\" height=\"16\" viewBox=\"0 0 16 16\" fill=\"none\" xmlns=\"http:\/\/www.w3.org\/2000\/svg\">\n\t\t\t\t\t\t<path d=\"M8.50015 11.6402H7.50015V10.6402H8.50015V11.6402Z\" \/>\n\t\t\t\t\t\t<path d=\"M7.50015 9.64018H8.50015V6.30684H7.50015V9.64018Z\" \/>\n\t\t\t\t\t\t<path fill-rule=\"evenodd\" clip-rule=\"evenodd\" d=\"M6.98331 3.0947C7.42933 2.30177 8.57096 2.30177 9.01698 3.09469L13.8771 11.7349C14.3145 12.5126 13.7525 13.4735 12.8602 13.4735H3.14004C2.24774 13.4735 1.68575 12.5126 2.12321 11.7349L6.98331 3.0947ZM8.14541 3.58496C8.08169 3.47168 7.9186 3.47168 7.85488 3.58496L2.99478 12.2251C2.93229 12.3362 3.01257 12.4735 3.14004 12.4735H12.8602C12.9877 12.4735 13.068 12.3362 13.0055 12.2251L8.14541 3.58496Z\" \/>\n\t\t\t\t\t<\/svg>\n\t\t\t\t<\/span>\n\t\t\t\t<span data-wp-text=\"state.errorMessage\" id=\"g239-mensaje-textarea-error-message\"><\/span>\n\t\t\t<\/div>\n\t<\/div>\n\t<p class='contact-submit'>\n<div class=\"contact-form__error\" data-wp-class--show-errors=\"state.showFormErrors\"><span class=\"contact-form__warning-icon\" aria-hidden=\"true\"><i><\/i><\/span><span class=\"contact-form__error-message\" tabindex=\"-1\" data-wp-watch=\"callbacks.focusOnValidationError\" data-wp-text=\"state.getFormErrorMessage\"><\/span><ul aria-label=\"Errores del formulario\">\n\t\t\t\t<template data-wp-each=\"state.getErrorList\" data-wp-key=\"context.item.id\">\n\t\t\t\t\t<li><a data-wp-bind--href=\"context.item.anchor\" data-wp-on--click=\"actions.scrollIntoView\" data-wp-text=\"context.item.label\"><\/a><\/li>\n\t\t\t\t<\/template>\n\t\t\t\t<\/ul><\/div><div class=\"contact-form__error\" data-wp-class--show-errors=\"state.showSubmissionError\" data-wp-text=\"context.submissionError\" tabindex=\"-1\" data-wp-watch=\"callbacks.focusOnSubmissionError\"><\/div>\t\t<button type='submit' class='pushbutton-wide'>Enviar<\/button>\t\t<input type='hidden' name='contact-form-id' value='239' \/>\n\t\t<input type='hidden' name='action' value='grunion-contact-form' \/>\n\t\t<input type='hidden' name='contact-form-hash' value='9435ec016975f474cf70e8a3f2ca4484288a9f4e' \/>\n\t<\/p>\n<p style=\"display: none !important;\" class=\"akismet-fields-container\" data-prefix=\"ak_\"><label>&#916;<textarea name=\"ak_hp_textarea\" cols=\"45\" rows=\"8\" maxlength=\"100\"><\/textarea><\/label><input type=\"hidden\" id=\"ak_js_1\" name=\"ak_js\" value=\"58\"\/><script>document.getElementById( \"ak_js_1\" ).setAttribute( \"value\", ( new Date() ).getTime() );<\/script><\/p><\/form>\n<\/div>\n<\/div>\n<\/div>\n<\/div>\n<\/div>\n<\/div>\n","protected":false},"excerpt":{"rendered":"<p>PACK 6 R. 1000 ETQ 21X12 BL PERM. Etiquetas etiquetadora 21 x 12 mm blanco adhesivo permanente cantos rectos 6 u. Ref. 100910 Etiquetas blancas tama\u00f1o 21 x 12 mm para m\u00e1quinas etiquetadoras de precios de 1 l\u00ednea. Pack con 6 rollos (1.000 etiquetas\/rollo). Etiquetas de adhesivo permanente con cantos rectos. Etiquetas de alta calidad [&hellip;]<\/p>\n","protected":false},"featured_media":240,"comment_status":"open","ping_status":"closed","template":"","meta":[],"product_brand":[],"product_cat":[49],"product_tag":[100,98,101,51,97,105,99,102,103,104],"class_list":{"0":"post-239","1":"product","2":"type-product","3":"status-publish","4":"has-post-thumbnail","6":"product_cat-etiquetadoras-manuales","7":"product_tag-21x12","8":"product_tag-apli","9":"product_tag-blanca","10":"product_tag-etiquetadora","11":"product_tag-etiquetas","12":"product_tag-fecha","13":"product_tag-manual","14":"product_tag-permanete","15":"product_tag-precio","16":"product_tag-referencia","18":"first","19":"instock","20":"taxable","21":"shipping-taxable","22":"product-type-simple"},"aioseo_notices":[],"jetpack_sharing_enabled":true,"jetpack_likes_enabled":true,"_links":{"self":[{"href":"https:\/\/comercialmario.hol.es\/index.php\/wp-json\/wp\/v2\/product\/239","targetHints":{"allow":["GET"]}}],"collection":[{"href":"https:\/\/comercialmario.hol.es\/index.php\/wp-json\/wp\/v2\/product"}],"about":[{"href":"https:\/\/comercialmario.hol.es\/index.php\/wp-json\/wp\/v2\/types\/product"}],"replies":[{"embeddable":true,"href":"https:\/\/comercialmario.hol.es\/index.php\/wp-json\/wp\/v2\/comments?post=239"}],"wp:featuredmedia":[{"embeddable":true,"href":"https:\/\/comercialmario.hol.es\/index.php\/wp-json\/wp\/v2\/media\/240"}],"wp:attachment":[{"href":"https:\/\/comercialmario.hol.es\/index.php\/wp-json\/wp\/v2\/media?parent=239"}],"wp:term":[{"taxonomy":"product_brand","embeddable":true,"href":"https:\/\/comercialmario.hol.es\/index.php\/wp-json\/wp\/v2\/product_brand?post=239"},{"taxonomy":"product_cat","embeddable":true,"href":"https:\/\/comercialmario.hol.es\/index.php\/wp-json\/wp\/v2\/product_cat?post=239"},{"taxonomy":"product_tag","embeddable":true,"href":"https:\/\/comercialmario.hol.es\/index.php\/wp-json\/wp\/v2\/product_tag?post=239"}],"curies":[{"name":"wp","href":"https:\/\/api.w.org\/{rel}","templated":true}]}}