{"id":207,"date":"2023-02-01T20:45:30","date_gmt":"2023-02-01T19:45:30","guid":{"rendered":"https:\/\/comercialmario.hol.es\/?post_type=product&#038;p=207"},"modified":"2025-10-11T19:37:27","modified_gmt":"2025-10-11T17:37:27","slug":"hiopos-tpv-pos-software","status":"publish","type":"product","link":"https:\/\/comercialmario.hol.es\/index.php\/product\/hiopos-tpv-pos-software\/","title":{"rendered":"HIOPOS TPV-POS Software"},"content":{"rendered":"<p>HIOPOS<br \/>\nHioPOS es un software Android de Punto de Venta (TPV) de pago por uso (suscripci\u00f3n, o alquiler mensual).<\/p>\n<p>Requiere la instalaci\u00f3n en una tablet o TPV Android (Android 5.0 o superior, CPU 4 Core o superior y 2 Gb RAM o superior).<\/p>\n<div class=\"elementor-element elementor-element-77cee542 elementor-widget elementor-widget-heading\" data-id=\"77cee542\" data-element_type=\"widget\" data-widget_type=\"heading.default\">\n<div class=\"elementor-widget-container\">\n<h3 class=\"elementor-heading-title elementor-size-default\">Sectores<\/h3>\n<\/div>\n<\/div>\n<div class=\"elementor-element elementor-element-d0346fe elementor-widget elementor-widget-text-editor\" data-id=\"d0346fe\" data-element_type=\"widget\" data-widget_type=\"text-editor.default\">\n<div class=\"elementor-widget-container\">\n<div class=\"elementor-text-editor elementor-clearfix\">\n<p>Al instalar el software, permite elegir una plantilla\u00a0 (hosteler\u00eda, retail, peluquer\u00eda y est\u00e9tica, etc). Esta plantilla supone que el comportamiento y funciones est\u00e9 adaptado al sector correspondiente.<\/p>\n<div class=\"elementor-element elementor-element-4a58ff81 elementor-widget elementor-widget-heading\" data-id=\"4a58ff81\" data-element_type=\"widget\" data-widget_type=\"heading.default\">\n<div class=\"elementor-widget-container\">\n<h3 class=\"elementor-heading-title elementor-size-default\">Licencia de Software de Pago por uso (Cloud &amp; SaaS)<\/h3>\n<\/div>\n<\/div>\n<div class=\"elementor-element elementor-element-7800feb4 elementor-widget elementor-widget-text-editor\" data-id=\"7800feb4\" data-element_type=\"widget\" data-widget_type=\"text-editor.default\">\n<div class=\"elementor-widget-container\">\n<div class=\"elementor-text-editor elementor-clearfix\">\n<p>Al contratar este producto, el cliente acepta la creaci\u00f3n de una\u00a0 suscripci\u00f3n mensual que\u00a0 puede cancelarse en cualquier momento desde el panel de control de clientes.<\/p>\n<p>Mantener la licencia activa conlleva la obligaci\u00f3n de asumir el pago relativo a la factura mensual que se genere en concepto de renovaci\u00f3n mensual de licencia.<\/p>\n<figure id=\"attachment_211\" aria-describedby=\"caption-attachment-211\" style=\"width: 300px\" class=\"wp-caption alignnone\"><img data-recalc-dims=\"1\" loading=\"lazy\" decoding=\"async\" class=\"size-medium wp-image-211\" src=\"https:\/\/i0.wp.com\/comercialmario.hol.es\/wp-content\/uploads\/2023\/02\/TPV-HIOPOS-Mesas.png?resize=300%2C232&#038;ssl=1\" alt=\"HIOPOS TPV-POS Software Hosteler\u00eda\" width=\"300\" height=\"232\" srcset=\"https:\/\/i0.wp.com\/comercialmario.hol.es\/wp-content\/uploads\/2023\/02\/TPV-HIOPOS-Mesas.png?resize=300%2C232&amp;ssl=1 300w, https:\/\/i0.wp.com\/comercialmario.hol.es\/wp-content\/uploads\/2023\/02\/TPV-HIOPOS-Mesas.png?resize=416%2C322&amp;ssl=1 416w, https:\/\/i0.wp.com\/comercialmario.hol.es\/wp-content\/uploads\/2023\/02\/TPV-HIOPOS-Mesas.png?w=600&amp;ssl=1 600w\" sizes=\"auto, (max-width: 300px) 100vw, 300px\" \/><figcaption id=\"caption-attachment-211\" class=\"wp-caption-text\">HIOPOS TPV-POS Software Hosteler\u00eda<\/figcaption><\/figure>\n<h4><\/h4>\n<\/div>\n<\/div>\n<\/div>\n<\/div>\n<\/div>\n<\/div>\n","protected":false},"excerpt":{"rendered":"<p>HIOPOS HioPOS es un software Android de Punto de Venta (TPV) de pago por uso (suscripci\u00f3n, o alquiler mensual). Requiere la instalaci\u00f3n en una tablet o TPV Android (Android 5.0 o superior, CPU 4 Core o superior y 2 Gb RAM o superior). Sectores Al instalar el software, permite elegir una plantilla\u00a0 (hosteler\u00eda, retail, peluquer\u00eda [&hellip;]<\/p>\n","protected":false},"featured_media":209,"comment_status":"open","ping_status":"closed","template":"","meta":[],"product_brand":[],"product_cat":[35],"product_tag":[82,31,79,81,43,44,78,80,36,37],"class_list":{"0":"post-207","1":"product","2":"type-product","3":"status-publish","4":"has-post-thumbnail","6":"product_cat-software-punto-de-venta","7":"product_tag-cloud","8":"product_tag-comercio","9":"product_tag-estetica","10":"product_tag-hiopos","11":"product_tag-hosteleria","12":"product_tag-peluquerias","13":"product_tag-pos","14":"product_tag-punto-venta","15":"product_tag-software","16":"product_tag-tpv","18":"first","19":"instock","20":"taxable","21":"shipping-taxable","22":"product-type-simple"},"aioseo_notices":[],"jetpack_sharing_enabled":true,"jetpack_likes_enabled":true,"_links":{"self":[{"href":"https:\/\/comercialmario.hol.es\/index.php\/wp-json\/wp\/v2\/product\/207","targetHints":{"allow":["GET"]}}],"collection":[{"href":"https:\/\/comercialmario.hol.es\/index.php\/wp-json\/wp\/v2\/product"}],"about":[{"href":"https:\/\/comercialmario.hol.es\/index.php\/wp-json\/wp\/v2\/types\/product"}],"replies":[{"embeddable":true,"href":"https:\/\/comercialmario.hol.es\/index.php\/wp-json\/wp\/v2\/comments?post=207"}],"wp:featuredmedia":[{"embeddable":true,"href":"https:\/\/comercialmario.hol.es\/index.php\/wp-json\/wp\/v2\/media\/209"}],"wp:attachment":[{"href":"https:\/\/comercialmario.hol.es\/index.php\/wp-json\/wp\/v2\/media?parent=207"}],"wp:term":[{"taxonomy":"product_brand","embeddable":true,"href":"https:\/\/comercialmario.hol.es\/index.php\/wp-json\/wp\/v2\/product_brand?post=207"},{"taxonomy":"product_cat","embeddable":true,"href":"https:\/\/comercialmario.hol.es\/index.php\/wp-json\/wp\/v2\/product_cat?post=207"},{"taxonomy":"product_tag","embeddable":true,"href":"https:\/\/comercialmario.hol.es\/index.php\/wp-json\/wp\/v2\/product_tag?post=207"}],"curies":[{"name":"wp","href":"https:\/\/api.w.org\/{rel}","templated":true}]}}