{"id":138,"date":"2023-01-30T17:12:12","date_gmt":"2023-01-30T17:12:12","guid":{"rendered":"https:\/\/comercialmario.hol.es\/?post_type=product&#038;p=138"},"modified":"2025-10-09T18:44:17","modified_gmt":"2025-10-09T16:44:17","slug":"maquina-etiquetadora-manual-apli-premium-1-linea","status":"publish","type":"product","link":"https:\/\/comercialmario.hol.es\/index.php\/product\/maquina-etiquetadora-manual-apli-premium-1-linea\/","title":{"rendered":"M\u00c1QUINA ETIQUETADORA MANUAL APLI PREMIUM 1 L\u00cdNEA"},"content":{"rendered":"<p>M\u00e1quina etiquetadora de precios Premium de 1 l\u00ednea con 8 caracteres.<\/p>\n<p>Pistola de precios de f\u00e1cil uso: los d\u00edgitos y s\u00edmbolos se cambian de manera r\u00e1pida y sencilla con tan solo girar la rueda lateral*.<\/p>\n<p>F\u00e1cil instalaci\u00f3n del rollo de etiquetas y el cartucho de tinta. La etiquetadora es de color met\u00e1lico y negro e incluye una correa de mu\u00f1eca para evitar ca\u00eddas o para poder colgarla.<\/p>\n<p>Modelo compatible con etiquetas tama\u00f1o 21 x 12 mm. El pack contiene: &#8211; 1 etiquetadora de precios Premium &#8211; 2 cartuchos de tinta &#8211; 1 rollo de etiquetas<\/p>\n<p>*NOTA: Antes de girar la rueda lateral, debes seleccionar el d\u00edgito a cambiar tirando de la rueda. Una vez ajustados todos los caracteres deseados, presiona la rueda completamente hacia la izquierda.<\/p>\n<h3 class=\"presentation_format\">Formato de presentaci\u00f3n<\/h3>\n<div class=\"field field--name-akeneo-product-format field--type-entity-reference field--label-above\">\n<div class=\"field__label\">FORMATO DE VENTA: Caja<\/div>\n<\/div>\n<div class=\"field field--name-akeneo-uv field--type-float field--label-above\">\n<div class=\"field__label\">UNIDAD DE VENTA:\u00a01<\/div>\n<\/div>\n","protected":false},"excerpt":{"rendered":"<p>M\u00e1quina etiquetadora de precios Premium de 1 l\u00ednea con 8 caracteres. Pistola de precios de f\u00e1cil uso: los d\u00edgitos y s\u00edmbolos se cambian de manera r\u00e1pida y sencilla con tan solo girar la rueda lateral*. F\u00e1cil instalaci\u00f3n del rollo de etiquetas y el cartucho de tinta. La etiquetadora es de color met\u00e1lico y negro e [&hellip;]<\/p>\n","protected":false},"featured_media":137,"comment_status":"open","ping_status":"closed","template":"","meta":[],"product_brand":[],"product_cat":[49],"product_tag":[],"class_list":{"0":"post-138","1":"product","2":"type-product","3":"status-publish","4":"has-post-thumbnail","6":"product_cat-etiquetadoras-manuales","8":"first","9":"instock","10":"taxable","11":"shipping-taxable","12":"product-type-simple"},"aioseo_notices":[],"jetpack_sharing_enabled":true,"jetpack_likes_enabled":true,"_links":{"self":[{"href":"https:\/\/comercialmario.hol.es\/index.php\/wp-json\/wp\/v2\/product\/138","targetHints":{"allow":["GET"]}}],"collection":[{"href":"https:\/\/comercialmario.hol.es\/index.php\/wp-json\/wp\/v2\/product"}],"about":[{"href":"https:\/\/comercialmario.hol.es\/index.php\/wp-json\/wp\/v2\/types\/product"}],"replies":[{"embeddable":true,"href":"https:\/\/comercialmario.hol.es\/index.php\/wp-json\/wp\/v2\/comments?post=138"}],"wp:featuredmedia":[{"embeddable":true,"href":"https:\/\/comercialmario.hol.es\/index.php\/wp-json\/wp\/v2\/media\/137"}],"wp:attachment":[{"href":"https:\/\/comercialmario.hol.es\/index.php\/wp-json\/wp\/v2\/media?parent=138"}],"wp:term":[{"taxonomy":"product_brand","embeddable":true,"href":"https:\/\/comercialmario.hol.es\/index.php\/wp-json\/wp\/v2\/product_brand?post=138"},{"taxonomy":"product_cat","embeddable":true,"href":"https:\/\/comercialmario.hol.es\/index.php\/wp-json\/wp\/v2\/product_cat?post=138"},{"taxonomy":"product_tag","embeddable":true,"href":"https:\/\/comercialmario.hol.es\/index.php\/wp-json\/wp\/v2\/product_tag?post=138"}],"curies":[{"name":"wp","href":"https:\/\/api.w.org\/{rel}","templated":true}]}}