{"id":9,"date":"2023-01-29T18:25:29","date_gmt":"2023-01-29T18:25:29","guid":{"rendered":"http:\/\/comercialmario.hol.es\/?page_id=9"},"modified":"2025-10-08T22:17:54","modified_gmt":"2025-10-08T20:17:54","slug":"refund_returns","status":"publish","type":"page","link":"https:\/\/comercialmario.hol.es\/index.php\/refund_returns\/","title":{"rendered":"T\u00e9rminos y condiciones"},"content":{"rendered":"\n<p><\/p>\n\n\n\n<p><\/p>\n\n\n\n<p>Dispone de 30 d\u00edas para cualquier devoluci\u00f3n o cambio a partir de la fecha de compra. <\/p>\n\n\n\n<p>Pasados los 30 d\u00edas, no puedo ofrecerle cambio o devoluci\u00f3n.<\/p>\n\n\n\n<p>Para su devoluci\u00f3n el art\u00edculo debe estar sin usar y en las mismas condiciones en que fue recibido por  usted con su embalaje original<\/p>\n\n\n\n<p><\/p>\n\n\n\n<p><h2>Devoluciones<\/h2><\/p>\n\n\n\n<p>Una vez recibida e inspeccionada su devoluci\u00f3n, recibir\u00e1 un e-mail notific\u00e1ndole su aprovaci\u00f3n o rechazo. <\/p>\n\n\n\n<p>Si es aprobado recibir\u00e1 el abono conforme a su m\u00e9todo de pago escogido.<\/p>\n\n\n\n<p><b>Retraso o p\u00e9rdida de devoluciones.<\/b><\/p>\n\n\n\n<p>Revise su cuenta bancaria para comprobar si le ha llegado el abono.<\/p>\n\n\n\n<p>Contacte con su compa\u00f1\u00eda de tarjeta de cr\u00e9dito, puede tardar algunos d\u00edas para hacer efectivo el abono en su cuenta .<\/p>\n\n\n\n<p><\/p>\n\n\n\n<p><b>Art\u00edculos en oferta<\/b><\/p>\n\n\n\n<p>Solo art\u00edculos que no est\u00e1n de oferta pueden devolverse.<\/p>\n\n\n\n<p><\/p>\n\n\n\n<p>Solo se intercambian art\u00edculos que est\u00e9n da\u00f1ados o defectuosos. Si necesita un cambio por el mismo art\u00edculo contacte por e-mail y env\u00edeme el producto.<\/p>\n\n\n\n<p>El art\u00edculo a devolver se enviar\u00e1 a: Mariano Mar\u00edn, Carrer Roger de Ll\u00faria, 71, 1\u00ba, 4\u00aa. 08295 Sant Vicen\u00e7 de Castellet, Barcelona<\/p>\n\n\n\n<p>Usted se har\u00e1 cargo de los gastos de env\u00edo del producto retornado. Los costos de env\u00edo de una devoluci\u00f3n ser\u00e1n abonados por el cliente. <\/p>\n\n\n\n<p>El tiempo estimado de devoluci\u00f3n depender\u00e1 de su lugar de residencia.<\/p>\n\n\n\n<p><\/p>\n\n\n\n<p><\/p>\n","protected":false},"excerpt":{"rendered":"<p>Dispone de 30 d\u00edas para cualquier devoluci\u00f3n o cambio a partir de la fecha de compra. Pasados los 30 d\u00edas, no puedo ofrecerle cambio o devoluci\u00f3n. Para su devoluci\u00f3n el art\u00edculo debe estar sin usar y en las mismas condiciones en que fue recibido por usted con su embalaje original Devoluciones Una vez recibida e [&hellip;]<\/p>\n","protected":false},"author":1,"featured_media":0,"parent":0,"menu_order":0,"comment_status":"closed","ping_status":"closed","template":"","meta":{"footnotes":""},"class_list":["post-9","page","type-page","status-publish","hentry"],"aioseo_notices":[],"jetpack_sharing_enabled":true,"jetpack_likes_enabled":true,"_links":{"self":[{"href":"https:\/\/comercialmario.hol.es\/index.php\/wp-json\/wp\/v2\/pages\/9","targetHints":{"allow":["GET"]}}],"collection":[{"href":"https:\/\/comercialmario.hol.es\/index.php\/wp-json\/wp\/v2\/pages"}],"about":[{"href":"https:\/\/comercialmario.hol.es\/index.php\/wp-json\/wp\/v2\/types\/page"}],"author":[{"embeddable":true,"href":"https:\/\/comercialmario.hol.es\/index.php\/wp-json\/wp\/v2\/users\/1"}],"replies":[{"embeddable":true,"href":"https:\/\/comercialmario.hol.es\/index.php\/wp-json\/wp\/v2\/comments?post=9"}],"version-history":[{"count":4,"href":"https:\/\/comercialmario.hol.es\/index.php\/wp-json\/wp\/v2\/pages\/9\/revisions"}],"predecessor-version":[{"id":6351,"href":"https:\/\/comercialmario.hol.es\/index.php\/wp-json\/wp\/v2\/pages\/9\/revisions\/6351"}],"wp:attachment":[{"href":"https:\/\/comercialmario.hol.es\/index.php\/wp-json\/wp\/v2\/media?parent=9"}],"curies":[{"name":"wp","href":"https:\/\/api.w.org\/{rel}","templated":true}]}}