{"id":2,"date":"2023-01-27T20:33:47","date_gmt":"2023-01-27T20:33:47","guid":{"rendered":"http:\/\/comercialmario.hol.es\/?page_id=2"},"modified":"2025-10-08T21:02:19","modified_gmt":"2025-10-08T19:02:19","slug":"pagina-ejemplo","status":"publish","type":"page","link":"https:\/\/comercialmario.hol.es\/index.php\/pagina-ejemplo\/","title":{"rendered":"Acerca de&#8230;"},"content":{"rendered":"\n<p>Soy un comercial aut\u00f3nomo dedicado a la distribuci\u00f3n de material inform\u00e1tico y de oficina para el comercio en general, la restauraci\u00f3n, el empresario y el particular.<\/p>\n\n\n\n<p>Comercializo Terminales Puntos de Venta, Balanzas, Cajones inteligentes, Cajas registradoras, Impresoras, Ordenadores, Robot Camarero, Software de punto de venta, material inform\u00e1tico, consumibles, papeler\u00eda, etiquetadoras, etc.<\/p>\n\n\n\n<p>Marcas: <\/p>\n\n\n\n<p>CashDro, Cashlogy, Poslab, UnicoPOs, Hiobot, Hiopos, BDP-NET, SYSTEMBCN, Epson,<\/p>\n\n\n\n<p>Epelsa, <\/p>\n\n\n\n<p>SAT autorizado CashDro.<\/p>\n\n\n\n<p>Asistencia t\u00e9cnica: Mario 600 06 34 67<\/p>\n\n\n\n<p><\/p>\n","protected":false},"excerpt":{"rendered":"<p>Soy un comercial aut\u00f3nomo dedicado a la distribuci\u00f3n de material inform\u00e1tico y de oficina para el comercio en general, la restauraci\u00f3n, el empresario y el particular. Comercializo Terminales Puntos de Venta, Balanzas, Cajones inteligentes, Cajas registradoras, Impresoras, Ordenadores, Robot Camarero, Software de punto de venta, material inform\u00e1tico, consumibles, papeler\u00eda, etiquetadoras, etc. Marcas: CashDro, Cashlogy, Poslab, [&hellip;]<\/p>\n","protected":false},"author":1,"featured_media":0,"parent":0,"menu_order":0,"comment_status":"closed","ping_status":"open","template":"","meta":{"footnotes":""},"class_list":["post-2","page","type-page","status-publish","hentry"],"aioseo_notices":[],"jetpack_sharing_enabled":true,"jetpack_likes_enabled":true,"_links":{"self":[{"href":"https:\/\/comercialmario.hol.es\/index.php\/wp-json\/wp\/v2\/pages\/2","targetHints":{"allow":["GET"]}}],"collection":[{"href":"https:\/\/comercialmario.hol.es\/index.php\/wp-json\/wp\/v2\/pages"}],"about":[{"href":"https:\/\/comercialmario.hol.es\/index.php\/wp-json\/wp\/v2\/types\/page"}],"author":[{"embeddable":true,"href":"https:\/\/comercialmario.hol.es\/index.php\/wp-json\/wp\/v2\/users\/1"}],"replies":[{"embeddable":true,"href":"https:\/\/comercialmario.hol.es\/index.php\/wp-json\/wp\/v2\/comments?post=2"}],"version-history":[{"count":5,"href":"https:\/\/comercialmario.hol.es\/index.php\/wp-json\/wp\/v2\/pages\/2\/revisions"}],"predecessor-version":[{"id":6347,"href":"https:\/\/comercialmario.hol.es\/index.php\/wp-json\/wp\/v2\/pages\/2\/revisions\/6347"}],"wp:attachment":[{"href":"https:\/\/comercialmario.hol.es\/index.php\/wp-json\/wp\/v2\/media?parent=2"}],"curies":[{"name":"wp","href":"https:\/\/api.w.org\/{rel}","templated":true}]}}